{"id":1486,"date":"2026-01-20T12:11:11","date_gmt":"2026-01-20T12:11:11","guid":{"rendered":"https:\/\/bonuskongcasino.com\/login-and-registration\/"},"modified":"2026-03-24T07:43:37","modified_gmt":"2026-03-24T07:43:37","slug":"logowanie-i-rejestracja","status":"publish","type":"page","link":"https:\/\/bet-samuro.com\/pl\/logowanie-i-rejestracja\/","title":{"rendered":"Logowanie i rejestracja"},"content":{"rendered":"<h1>Logowanie i rejestracja w Betsamuro<\/h1>\n<p>Procedura Betsamuro login zosta\u0142a zaprojektowana tak, aby by\u0142a jak najprostsza i jak najbardziej przejrzysta, dzi\u0119ki czemu mo\u017cesz szybko rozpocz\u0105\u0107 gr\u0119. Zaloguj si\u0119, aby zobaczy\u0107 aktualne promocje, uczestniczy\u0107 w nowych misjach i odblokowa\u0107 wszystkie funkcje naszej platformy. Je\u015bli jeszcze si\u0119 nie zarejestrowa\u0142e\u015b, mo\u017cesz to zrobi\u0107 w tym samym oknie. Pami\u0119taj, \u017ce procedura ta jest przeznaczona wy\u0142\u0105cznie dla os\u00f3b, kt\u00f3re osi\u0105gn\u0119\u0142y pe\u0142noletno\u015b\u0107.<\/p>\n<p><div class=\"banner-wrap\" aria-label=\"Banner\"><img src=\"https:\/\/bet-samuro.com\/wp-content\/uploads\/2026\/03\/banner-desktop.webp\" class=\"w-100 d-none d-lg-block img-pc main-banner-img\" alt=\"betsamuro bonus desktop\" fetchpriority=\"high\" decoding=\"async\"><img src=\"https:\/\/bet-samuro.com\/wp-content\/uploads\/2026\/03\/banner-mobile.webp\" class=\"w-100 d-none d-md-block d-lg-none main-banner-img\" alt=\"betsamuro bonus mobile\" fetchpriority=\"high\" decoding=\"async\"><img src=\"https:\/\/bet-samuro.com\/wp-content\/uploads\/2026\/03\/banner-mobile.webp\" class=\"w-100 d-md-none\" alt=\"betsamuro bonus mobile\" fetchpriority=\"high\" decoding=\"async\"><div class=\"banner-description\">\n<div class=\"banner-title\">Bonusy powitalne<\/div>\n<p class=\"banner-header-title\">1500 \u20ac<\/p>\n<div class=\"banner-header-AdditionalText\">+ 250 Darmowe spiny<\/div>\n<button data-item=\"homepage_banner_link\" class=\"goto m-button m-gradient-border m-button--primary m-button--large banner-button btn-orange\">\n            <div class=\"m-button-content\">\n                <span>Zarejestruj si\u0119 teraz<\/span>\n                <span><\/span>\n            <\/div>\n        <\/button>\n<\/div>\n<div class=\"WelcomePack\">\n<p><img loading=\"lazy\" decoding=\"async\" class=\"alignnone size-full wp-image-1856\" src=\"https:\/\/bet-samuro.com\/wp-content\/uploads\/2026\/03\/welcome-crown.png\" alt=\"crown\" width=\"25\" height=\"26\" \/><\/p>\n<div class=\"WelcomePack-Info\">Cotygodniowy zwrot got\u00f3wki do 25%<\/div>\n<p><img loading=\"lazy\" decoding=\"async\" class=\"alignnone size-full wp-image-1856\" src=\"https:\/\/bet-samuro.com\/wp-content\/uploads\/2026\/03\/welcome-crown.png\" alt=\"crown\" width=\"25\" height=\"26\" \/><\/p>\n<\/div>\n<\/div><div class=\"scrollable-content-wrap my-5\"><div class=\"scrollable-content-inner\"><h2>Rejestracja w kasynie Bet Samuro<\/h2>\n<p>Za\u0142o\u017cenie nowego konta w serwisie Betsamuro zapewnia dla wszystkich graczy z Polski pe\u0142ny dost\u0119p do wszystkich funkcji serwisu, w tym do wp\u0142at i wyp\u0142at, promocji i wielu innych. Mo\u017cesz r\u00f3wnie\u017c przej\u015b\u0107 do swojego konta osobistego, gdzie dost\u0119pne s\u0105 narz\u0119dzia odpowiedzialnej gry, program lojalno\u015bciowy i wiele innych funkcji.<\/p>\n<h3>Jak za\u0142o\u017cy\u0107 konto<\/h3>\n<p>Aby za\u0142o\u017cy\u0107 konto w kasynie Betsamuro, nale\u017cy wykona\u0107 kilka prostych krok\u00f3w:<\/p>\n<ol>\n<li>Kliknij przycisk \u201eZarejestruj si\u0119\u201d na stronie g\u0142\u00f3wnej, aby przej\u015b\u0107 do formularza rejestracyjnego.<\/li>\n<li>Wybierz has\u0142o i wprowad\u017a sw\u00f3j adres e-mail.<\/li>\n<li>U\u017cyj kodu promocyjnego, je\u015bli go posiadasz.<\/li>\n<li>Upewnij si\u0119, \u017ce masz co najmniej 18 lat i akceptujesz regulamin.<\/li>\n<\/ol>\n<p>To wszystko. Po rejestracji mo\u017cesz r\u00f3wnie\u017c otrzyma\u0107 pakiet powitalny o warto\u015bci do 1 500 \u20ac + 250 darmowych spin\u00f3w. Wystarczy dokona\u0107 pierwszej wp\u0142aty i zapozna\u0107 si\u0119 z warunkami bonusu.<\/p>\n<p><img loading=\"lazy\" decoding=\"async\" class=\"alignnone size-full wp-image-1952\" src=\"https:\/\/bet-samuro.com\/wp-content\/uploads\/2026\/03\/Betsamuro-Login-Page.webp\" alt=\"Betsamuro Login Page\" width=\"1248\" height=\"536\" srcset=\"https:\/\/bet-samuro.com\/wp-content\/uploads\/2026\/03\/Betsamuro-Login-Page.webp 1248w, https:\/\/bet-samuro.com\/wp-content\/uploads\/2026\/03\/Betsamuro-Login-Page-300x129.webp 300w, https:\/\/bet-samuro.com\/wp-content\/uploads\/2026\/03\/Betsamuro-Login-Page-1024x440.webp 1024w, https:\/\/bet-samuro.com\/wp-content\/uploads\/2026\/03\/Betsamuro-Login-Page-768x330.webp 768w\" sizes=\"auto, (max-width: 1248px) 100vw, 1248px\" \/><\/p>\n<h2>Jak si\u0119 zalogowa\u0107 i zarz\u0105dza\u0107 swoim profilem<\/h2>\n<p>Po wype\u0142nieniu formularza rejestracyjnego musisz przej\u015b\u0107 przez proces logowania do Bet Samuro. To r\u00f3wnie\u017c nie sprawia trudno\u015bci. Oto kroki, kt\u00f3re nale\u017cy wykona\u0107: kliknij przycisk \u201eZaloguj si\u0119\u201d w prawym g\u00f3rnym rogu strony i wprowad\u017a dane u\u017cyte podczas rejestracji. Dok\u0142adnie wszystko sprawd\u017a i kliknij link potwierdzaj\u0105cy na ko\u0144cu formularza.<\/p>\n<p>Po zalogowaniu si\u0119 mo\u017cesz korzysta\u0107 ze wszystkich funkcji swojego konta osobistego. Mo\u017cesz tam edytowa\u0107 dane osobowe, skonfigurowa\u0107 otrzymywanie powiadomie\u0144 o bonusach i wiele wi\u0119cej. Je\u015bli Tw\u00f3j znajomy chce do\u0142\u0105czy\u0107 do gry w kasynie Betsamuro, w profilu dost\u0119pny jest r\u00f3wnie\u017c link polecaj\u0105cy; udost\u0119pniaj\u0105c go, Ty i Tw\u00f3j znajomy otrzymacie nagrod\u0119, je\u015bli wszystkie niezb\u0119dne warunki zostan\u0105 spe\u0142nione.<\/p>\n<h3>Korzystaj z narz\u0119dzi odpowiedzialnej gry<\/h3>\n<p>Aby gra by\u0142a przyjemno\u015bci\u0105 i nie powodowa\u0142a problem\u00f3w, mo\u017cesz skorzysta\u0107 z narz\u0119dzi odpowiedzialnej gry oferowanych przez kasyno Betsamuro. Dzi\u0119ki nim b\u0119dziesz w stanie w pe\u0142ni kontrolowa\u0107 swoj\u0105 rozgrywk\u0119 i podejmowa\u0107 \u015bwiadome decyzje. Je\u015bli gra zacz\u0119\u0142a ju\u017c powodowa\u0107 problemy, skontaktuj si\u0119 ze specjalnymi organizacjami, takimi jak Gamblers Anonymous lub Gambling Therapy.<\/p>\n<table>\n<tbody>\n<tr>\n<td>Narz\u0119dzie<\/td>\n<td>Opis<\/td>\n<\/tr>\n<tr>\n<td>Limity wp\u0142at<\/td>\n<td>Ogranicz kwot\u0119, jak\u0105 mo\u017cesz wp\u0142aci\u0107 ka\u017cdego dnia, tygodnia lub miesi\u0105ca, aby \u0142atwiej kontrolowa\u0107 swoje wydatki.<\/td>\n<\/tr>\n<tr>\n<td>Limity strat<\/td>\n<td>Ogranicz potencjalne straty w okre\u015blonych przedzia\u0142ach czasowych, automatycznie zatrzymuj\u0105c gr\u0119 po osi\u0105gni\u0119ciu z g\u00f3ry ustalonego progu strat.<\/td>\n<\/tr>\n<tr>\n<td>Limity zak\u0142ad\u00f3w<\/td>\n<td>Kontroluj ca\u0142kowit\u0105 aktywno\u015b\u0107 zwi\u0105zan\u0105 z obstawianiem, ograniczaj\u0105c kwot\u0119 zak\u0142ad\u00f3w w poszczeg\u00f3lnych sesjach, co zapobiega nadmiernej grze w wybranych okresach.<\/td>\n<\/tr>\n<tr>\n<td>Limity sesji<\/td>\n<td>Ustal limit czasu, przez jaki mo\u017cesz gra\u0107, a je\u015bli go osi\u0105gniesz, gra albo zatrzyma si\u0119 automatycznie, albo zmusi ci\u0119 do zrobienia przerwy.<\/td>\n<\/tr>\n<\/tbody>\n<\/table>\n<h3>Co zrobi\u0107, je\u015bli zapomnisz danych logowania<\/h3>\n<p>Link do resetowania has\u0142a zostanie wys\u0142any na adres e-mail podany podczas rejestracji. Kliknij \u201eNie pami\u0119tasz has\u0142a?\u201d pod formularzem logowania Betsamuro, a wy\u015blemy wiadomo\u015b\u0107 na adres powi\u0105zany z Twoim kontem. Otw\u00f3rz j\u0105, ustaw nowe has\u0142o i zaloguj si\u0119 ponownie. Stare has\u0142o nie jest ju\u017c wa\u017cne. Je\u015bli ta procedura nie pomo\u017ce, zawsze mo\u017cesz skorzysta\u0107 z wieloj\u0119zycznej pomocy naszego zespo\u0142u.<\/p>\n<h2>Jak przeprowadzi\u0107 weryfikacj\u0119 konta<\/h2>\n<p>Przed pierwsz\u0105 wp\u0142at\u0105 proces weryfikacji Bet Samuro zapewnia, \u017ce konto jest bezpieczne i \u017ce przestrzegasz zasad. Mo\u017cesz zweryfikowa\u0107 swoje konto, przechodz\u0105c do ustawie\u0144 profilu i przesy\u0142aj\u0105c wyra\u017ane zdj\u0119cia dokumentu to\u017csamo\u015bci wydanego przez organ pa\u0144stwowy oraz aktualnego potwierdzenia adresu, np. rachunku za media.<\/p>\n<p>Nasz zesp\u00f3\u0142 sprawdza dokumenty w ci\u0105gu 48 godzin i wysy\u0142a e-mail z informacj\u0105, kiedy wszystko jest w porz\u0105dku. Po zako\u0144czeniu procesu logowania do Betsamuro b\u0119dziesz m\u00f3g\u0142 dokonywa\u0107 pe\u0142nych wyp\u0142at, a Twoje konto b\u0119dzie og\u00f3lnie bezpieczniejsze.<\/p>\n<h2>FAQ<\/h2>\n<h3>Czy mog\u0119 zmieni\u0107 sw\u00f3j zarejestrowany adres e-mail w serwisie Betsamuro?<\/h3>\n<p>Tak, mo\u017cesz zmieni\u0107 sw\u00f3j adres e-mail na naszej platformie. Wystarczy skorzysta\u0107 z czatu na \u017cywo, aby porozmawia\u0107 z naszym zespo\u0142em pomocy technicznej. Aby zapewni\u0107 bezpiecze\u0144stwo konta, musisz potwierdzi\u0107 swoj\u0105 to\u017csamo\u015b\u0107, podaj\u0105c informacje o koncie i odpowiadaj\u0105c na pytania zabezpieczaj\u0105ce. Po potwierdzeniu nowy adres e-mail b\u0119dzie u\u017cywany do wszelkiej przysz\u0142ej korespondencji oraz do logowania si\u0119 do serwisu Betsamuro.<\/p>\n<h3>Czy w kasynie Bet Samuro mo\u017cna mie\u0107 wiele kont?<\/h3>\n<p>Nie, Bet Samuro nie zezwala na posiadanie wi\u0119cej ni\u017c jednego konta na gracza, gospodarstwo domowe lub adres IP. Podczas procesu weryfikacji nasz system wykrywa wielokrotne to\u017csamo\u015bci. Je\u015bli to odkryjemy, konta zostan\u0105 natychmiast zamkni\u0119te, a wszystkie \u015brodki zostan\u0105 zwr\u00f3cone zgodnie z warunkami.<\/p>\n<h3>Co nale\u017cy zrobi\u0107, je\u015bli podejrzewam nieautoryzowany dost\u0119p do mojego konta?<\/h3>\n<p>Je\u015bli zauwa\u017cysz co\u015b podejrzanego, skontaktuj si\u0119 natychmiast z naszym zespo\u0142em obs\u0142ugi klienta w kasynie Betsamuro, dost\u0119pnym przez ca\u0142\u0105 dob\u0119. Tymczasowo zablokujemy Twoje konto, sprawdzimy ostatnie transakcje i pomo\u017cemy Ci zmieni\u0107 has\u0142o oraz w\u0142\u0105czy\u0107 uwierzytelnianie dwusk\u0142adnikowe, aby uniemo\u017cliwi\u0107 innym osobom dost\u0119p do Twojego konta bez Twojej zgody.<\/p>\n<\/div><\/div><\/p>\n","protected":false},"excerpt":{"rendered":"<p>Logowanie i rejestracja w Betsamuro Procedura Betsamuro login zosta\u0142a zaprojektowana tak, aby by\u0142a jak najprostsza i jak najbardziej przejrzysta, dzi\u0119ki czemu mo\u017cesz szybko rozpocz\u0105\u0107 gr\u0119. Zaloguj si\u0119, aby zobaczy\u0107 aktualne promocje, uczestniczy\u0107 w nowych misjach i odblokowa\u0107 wszystkie funkcje naszej platformy. Je\u015bli jeszcze si\u0119 nie zarejestrowa\u0142e\u015b, mo\u017cesz to zrobi\u0107 w tym samym oknie. Pami\u0119taj, \u017ce [&hellip;]<\/p>\n","protected":false},"author":1,"featured_media":0,"parent":0,"menu_order":0,"comment_status":"closed","ping_status":"closed","template":"template-builder.php","meta":{"_acf_changed":false,"inline_featured_image":false,"footnotes":""},"class_list":["post-1486","page","type-page","status-publish","hentry"],"acf":[],"yoast_head":"<!-- This site is optimized with the Yoast SEO plugin v27.3 - https:\/\/yoast.com\/product\/yoast-seo-wordpress\/ -->\n<title>Betsamuro Casino Login &amp; Rejestracja | Bezpieczny Dost\u0119p<\/title>\n<meta name=\"description\" content=\"Betsamuro Casino Login \u2013 zaloguj si\u0119 bezpiecznie lub utw\u00f3rz konto w kilka sekund z szyfrowanym dost\u0119pem i szybk\u0105 weryfikacj\u0105. Zarz\u0105dzaj odzyskiwaniem has\u0142a, ustawieniami profilu i narz\u0119dziami konta \u0142atwo w Bet Samuro.\" \/>\n<meta name=\"robots\" content=\"index, follow, max-snippet:-1, max-image-preview:large, max-video-preview:-1\" \/>\n<link rel=\"canonical\" href=\"https:\/\/bet-samuro.com\/pl\/logowanie-i-rejestracja\/\" \/>\n<meta property=\"og:locale\" content=\"pl_PL\" \/>\n<meta property=\"og:type\" content=\"article\" \/>\n<meta property=\"og:title\" content=\"Betsamuro Casino Login &amp; Rejestracja | Bezpieczny Dost\u0119p\" \/>\n<meta property=\"og:description\" content=\"Betsamuro Casino Login \u2013 zaloguj si\u0119 bezpiecznie lub utw\u00f3rz konto w kilka sekund z szyfrowanym dost\u0119pem i szybk\u0105 weryfikacj\u0105. Zarz\u0105dzaj odzyskiwaniem has\u0142a, ustawieniami profilu i narz\u0119dziami konta \u0142atwo w Bet Samuro.\" \/>\n<meta property=\"og:url\" content=\"https:\/\/bet-samuro.com\/pl\/logowanie-i-rejestracja\/\" \/>\n<meta property=\"og:site_name\" content=\"betsamuro\" \/>\n<meta property=\"article:modified_time\" content=\"2026-03-24T07:43:37+00:00\" \/>\n<meta name=\"twitter:card\" content=\"summary_large_image\" \/>\n<meta name=\"twitter:label1\" content=\"Est. reading time\" \/>\n\t<meta name=\"twitter:data1\" content=\"1 minute\" \/>\n<script type=\"application\/ld+json\" class=\"yoast-schema-graph\">{\"@context\":\"https:\\\/\\\/schema.org\",\"@graph\":[{\"@type\":\"WebPage\",\"@id\":\"https:\\\/\\\/bet-samuro.com\\\/pl\\\/logowanie-i-rejestracja\\\/\",\"url\":\"https:\\\/\\\/bet-samuro.com\\\/pl\\\/logowanie-i-rejestracja\\\/\",\"name\":\"Betsamuro Casino Login & Rejestracja | Bezpieczny Dost\u0119p\",\"isPartOf\":{\"@id\":\"https:\\\/\\\/bet-samuro.com\\\/pl\\\/#website\"},\"datePublished\":\"2026-01-20T12:11:11+00:00\",\"dateModified\":\"2026-03-24T07:43:37+00:00\",\"description\":\"Betsamuro Casino Login \u2013 zaloguj si\u0119 bezpiecznie lub utw\u00f3rz konto w kilka sekund z szyfrowanym dost\u0119pem i szybk\u0105 weryfikacj\u0105. Zarz\u0105dzaj odzyskiwaniem has\u0142a, ustawieniami profilu i narz\u0119dziami konta \u0142atwo w Bet Samuro.\",\"breadcrumb\":{\"@id\":\"https:\\\/\\\/bet-samuro.com\\\/pl\\\/logowanie-i-rejestracja\\\/#breadcrumb\"},\"inLanguage\":\"pl-PL\",\"potentialAction\":[{\"@type\":\"ReadAction\",\"target\":[\"https:\\\/\\\/bet-samuro.com\\\/pl\\\/logowanie-i-rejestracja\\\/\"]}]},{\"@type\":\"BreadcrumbList\",\"@id\":\"https:\\\/\\\/bet-samuro.com\\\/pl\\\/logowanie-i-rejestracja\\\/#breadcrumb\",\"itemListElement\":[{\"@type\":\"ListItem\",\"position\":1,\"name\":\"Betsamuro\",\"item\":\"https:\\\/\\\/bet-samuro.com\\\/pl\\\/\"},{\"@type\":\"ListItem\",\"position\":2,\"name\":\"Logowanie i rejestracja\"}]},{\"@type\":\"WebSite\",\"@id\":\"https:\\\/\\\/bet-samuro.com\\\/pl\\\/#website\",\"url\":\"https:\\\/\\\/bet-samuro.com\\\/pl\\\/\",\"name\":\"Betsamuro\",\"description\":\"\",\"publisher\":{\"@id\":\"https:\\\/\\\/bet-samuro.com\\\/pl\\\/#organization\"},\"potentialAction\":[{\"@type\":\"SearchAction\",\"target\":{\"@type\":\"EntryPoint\",\"urlTemplate\":\"https:\\\/\\\/bet-samuro.com\\\/pl\\\/?s={search_term_string}\"},\"query-input\":{\"@type\":\"PropertyValueSpecification\",\"valueRequired\":true,\"valueName\":\"search_term_string\"}}],\"inLanguage\":\"pl-PL\"},{\"@type\":\"Organization\",\"@id\":\"https:\\\/\\\/bet-samuro.com\\\/pl\\\/#organization\",\"name\":\"Betsamuro\",\"url\":\"https:\\\/\\\/bet-samuro.com\\\/pl\\\/\",\"logo\":{\"@type\":\"ImageObject\",\"inLanguage\":\"pl-PL\",\"@id\":\"https:\\\/\\\/bet-samuro.com\\\/pl\\\/#\\\/schema\\\/logo\\\/image\\\/\",\"url\":\"https:\\\/\\\/bet-samuro.com\\\/wp-content\\\/uploads\\\/2026\\\/03\\\/betsamuro-logo.png\",\"contentUrl\":\"https:\\\/\\\/bet-samuro.com\\\/wp-content\\\/uploads\\\/2026\\\/03\\\/betsamuro-logo.png\",\"width\":150,\"height\":29,\"caption\":\"Betsamuro\"},\"image\":{\"@id\":\"https:\\\/\\\/bet-samuro.com\\\/pl\\\/#\\\/schema\\\/logo\\\/image\\\/\"}}]}<\/script>\n<!-- \/ Yoast SEO plugin. -->","yoast_head_json":{"title":"Betsamuro Casino Login & Rejestracja | Bezpieczny Dost\u0119p","description":"Betsamuro Casino Login \u2013 zaloguj si\u0119 bezpiecznie lub utw\u00f3rz konto w kilka sekund z szyfrowanym dost\u0119pem i szybk\u0105 weryfikacj\u0105. Zarz\u0105dzaj odzyskiwaniem has\u0142a, ustawieniami profilu i narz\u0119dziami konta \u0142atwo w Bet Samuro.","robots":{"index":"index","follow":"follow","max-snippet":"max-snippet:-1","max-image-preview":"max-image-preview:large","max-video-preview":"max-video-preview:-1"},"canonical":"https:\/\/bet-samuro.com\/pl\/logowanie-i-rejestracja\/","og_locale":"pl_PL","og_type":"article","og_title":"Betsamuro Casino Login & Rejestracja | Bezpieczny Dost\u0119p","og_description":"Betsamuro Casino Login \u2013 zaloguj si\u0119 bezpiecznie lub utw\u00f3rz konto w kilka sekund z szyfrowanym dost\u0119pem i szybk\u0105 weryfikacj\u0105. Zarz\u0105dzaj odzyskiwaniem has\u0142a, ustawieniami profilu i narz\u0119dziami konta \u0142atwo w Bet Samuro.","og_url":"https:\/\/bet-samuro.com\/pl\/logowanie-i-rejestracja\/","og_site_name":"betsamuro","article_modified_time":"2026-03-24T07:43:37+00:00","twitter_card":"summary_large_image","twitter_misc":{"Est. reading time":"1 minute"},"schema":{"@context":"https:\/\/schema.org","@graph":[{"@type":"WebPage","@id":"https:\/\/bet-samuro.com\/pl\/logowanie-i-rejestracja\/","url":"https:\/\/bet-samuro.com\/pl\/logowanie-i-rejestracja\/","name":"Betsamuro Casino Login & Rejestracja | Bezpieczny Dost\u0119p","isPartOf":{"@id":"https:\/\/bet-samuro.com\/pl\/#website"},"datePublished":"2026-01-20T12:11:11+00:00","dateModified":"2026-03-24T07:43:37+00:00","description":"Betsamuro Casino Login \u2013 zaloguj si\u0119 bezpiecznie lub utw\u00f3rz konto w kilka sekund z szyfrowanym dost\u0119pem i szybk\u0105 weryfikacj\u0105. Zarz\u0105dzaj odzyskiwaniem has\u0142a, ustawieniami profilu i narz\u0119dziami konta \u0142atwo w Bet Samuro.","breadcrumb":{"@id":"https:\/\/bet-samuro.com\/pl\/logowanie-i-rejestracja\/#breadcrumb"},"inLanguage":"pl-PL","potentialAction":[{"@type":"ReadAction","target":["https:\/\/bet-samuro.com\/pl\/logowanie-i-rejestracja\/"]}]},{"@type":"BreadcrumbList","@id":"https:\/\/bet-samuro.com\/pl\/logowanie-i-rejestracja\/#breadcrumb","itemListElement":[{"@type":"ListItem","position":1,"name":"Betsamuro","item":"https:\/\/bet-samuro.com\/pl\/"},{"@type":"ListItem","position":2,"name":"Logowanie i rejestracja"}]},{"@type":"WebSite","@id":"https:\/\/bet-samuro.com\/pl\/#website","url":"https:\/\/bet-samuro.com\/pl\/","name":"Betsamuro","description":"","publisher":{"@id":"https:\/\/bet-samuro.com\/pl\/#organization"},"potentialAction":[{"@type":"SearchAction","target":{"@type":"EntryPoint","urlTemplate":"https:\/\/bet-samuro.com\/pl\/?s={search_term_string}"},"query-input":{"@type":"PropertyValueSpecification","valueRequired":true,"valueName":"search_term_string"}}],"inLanguage":"pl-PL"},{"@type":"Organization","@id":"https:\/\/bet-samuro.com\/pl\/#organization","name":"Betsamuro","url":"https:\/\/bet-samuro.com\/pl\/","logo":{"@type":"ImageObject","inLanguage":"pl-PL","@id":"https:\/\/bet-samuro.com\/pl\/#\/schema\/logo\/image\/","url":"https:\/\/bet-samuro.com\/wp-content\/uploads\/2026\/03\/betsamuro-logo.png","contentUrl":"https:\/\/bet-samuro.com\/wp-content\/uploads\/2026\/03\/betsamuro-logo.png","width":150,"height":29,"caption":"Betsamuro"},"image":{"@id":"https:\/\/bet-samuro.com\/pl\/#\/schema\/logo\/image\/"}}]}},"_links":{"self":[{"href":"https:\/\/bet-samuro.com\/pl\/wp-json\/wp\/v2\/pages\/1486","targetHints":{"allow":["GET"]}}],"collection":[{"href":"https:\/\/bet-samuro.com\/pl\/wp-json\/wp\/v2\/pages"}],"about":[{"href":"https:\/\/bet-samuro.com\/pl\/wp-json\/wp\/v2\/types\/page"}],"author":[{"embeddable":true,"href":"https:\/\/bet-samuro.com\/pl\/wp-json\/wp\/v2\/users\/1"}],"replies":[{"embeddable":true,"href":"https:\/\/bet-samuro.com\/pl\/wp-json\/wp\/v2\/comments?post=1486"}],"version-history":[{"count":3,"href":"https:\/\/bet-samuro.com\/pl\/wp-json\/wp\/v2\/pages\/1486\/revisions"}],"predecessor-version":[{"id":2071,"href":"https:\/\/bet-samuro.com\/pl\/wp-json\/wp\/v2\/pages\/1486\/revisions\/2071"}],"wp:attachment":[{"href":"https:\/\/bet-samuro.com\/pl\/wp-json\/wp\/v2\/media?parent=1486"}],"curies":[{"name":"wp","href":"https:\/\/api.w.org\/{rel}","templated":true}]}}