{"id":1447,"date":"2026-01-20T12:08:23","date_gmt":"2026-01-20T12:08:23","guid":{"rendered":"https:\/\/bonuskongcasino.com\/app\/"},"modified":"2026-03-24T07:42:23","modified_gmt":"2026-03-24T07:42:23","slug":"aplikacja","status":"publish","type":"page","link":"https:\/\/bet-samuro.com\/pl\/aplikacja\/","title":{"rendered":"Aplikacja"},"content":{"rendered":"<h1>Platforma mobilna Betsamuro<\/h1>\n<p>Betsamuro App oferuje wszystkim polskim graczom ulepszon\u0105 rozgrywk\u0119 na wszystkich urz\u0105dzeniach. Funkcjonalno\u015b\u0107 nie r\u00f3\u017cni si\u0119 od wersji na komputery stacjonarne. W naszym mobilnym kasynie masz dost\u0119p do pe\u0142nej biblioteki gier, takich jak popularne automaty online, sekcja z krupierami na \u017cywo i inne. Szybko\u015b\u0107 wersji mobilnej oraz mo\u017cliwo\u015b\u0107 grania w dowolnym miejscu przenosz\u0105 Twoje wra\u017cenia z gry na zupe\u0142nie nowy poziom. Aplikacja Betsamuro jest bezp\u0142atna i dzia\u0142a zar\u00f3wno na urz\u0105dzeniach z iOS, jak i Android. Mo\u017cna j\u0105 r\u00f3wnie\u017c zainstalowa\u0107 na komputerze stacjonarnym.<\/p>\n<p><div class=\"banner-wrap\" aria-label=\"Banner\"><img src=\"https:\/\/bet-samuro.com\/wp-content\/uploads\/2026\/03\/banner-desktop.webp\" class=\"w-100 d-none d-lg-block img-pc main-banner-img\" alt=\"betsamuro bonus desktop\" fetchpriority=\"high\" decoding=\"async\"><img src=\"https:\/\/bet-samuro.com\/wp-content\/uploads\/2026\/03\/banner-mobile.webp\" class=\"w-100 d-none d-md-block d-lg-none main-banner-img\" alt=\"betsamuro bonus mobile\" fetchpriority=\"high\" decoding=\"async\"><img src=\"https:\/\/bet-samuro.com\/wp-content\/uploads\/2026\/03\/banner-mobile.webp\" class=\"w-100 d-md-none\" alt=\"betsamuro bonus mobile\" fetchpriority=\"high\" decoding=\"async\"><div class=\"banner-description\">\n<div class=\"banner-title\">Bonusy powitalne<\/div>\n<p class=\"banner-header-title\">1500 \u20ac<\/p>\n<div class=\"banner-header-AdditionalText\">+ 250 Darmowe spiny<\/div>\n<button data-item=\"homepage_banner_link\" class=\"goto m-button m-gradient-border m-button--primary m-button--large banner-button btn-orange\">\n            <div class=\"m-button-content\">\n                <span>Zarejestruj si\u0119 teraz<\/span>\n                <span><\/span>\n            <\/div>\n        <\/button>\n<\/div>\n<div class=\"WelcomePack\">\n<p><img loading=\"lazy\" decoding=\"async\" class=\"alignnone size-full wp-image-1856\" src=\"https:\/\/bet-samuro.com\/wp-content\/uploads\/2026\/03\/welcome-crown.png\" alt=\"crown\" width=\"25\" height=\"26\" \/><\/p>\n<div class=\"WelcomePack-Info\">Cotygodniowy zwrot got\u00f3wki do 25%<\/div>\n<p><img loading=\"lazy\" decoding=\"async\" class=\"alignnone size-full wp-image-1856\" src=\"https:\/\/bet-samuro.com\/wp-content\/uploads\/2026\/03\/welcome-crown.png\" alt=\"crown\" width=\"25\" height=\"26\" \/><\/p>\n<\/div>\n<\/div><div class=\"scrollable-content-wrap my-5\"><div class=\"scrollable-content-inner\"><h2>Zalety aplikacji Betsamuro<\/h2>\n<p>Kiedy tworzyli\u015bmy nasz\u0105 aplikacj\u0119 Betsamuro, najpierw zastanawiali\u015bmy si\u0119, jak zachowa\u0107 wszystkie zalety strony internetowej na komputery stacjonarne w wersji mobilnej, wi\u0119c starannie przenie\u015bli\u015bmy ca\u0142\u0105 funkcjonalno\u015b\u0107 do oprogramowania mobilnego. Konfiguracja aplikacji progresywnej aplikacji internetowej (PWA), z poziomu przegl\u0105darki zamiast ze sklepu z aplikacjami pozwala zaoszcz\u0119dzi\u0107 miejsce na urz\u0105dzeniu. Powiadomienia push natychmiast informuj\u0105 graczy o nowych wydarzeniach i promocjach. Por\u00f3wnali\u015bmy zalety aplikacji Betsamuro z wersj\u0105 przegl\u0105darkow\u0105 i oto co mo\u017cemy podkre\u015bli\u0107:<\/p>\n<table>\n<tbody>\n<tr>\n<td>Zaleta<\/td>\n<td>Opis<\/td>\n<\/tr>\n<tr>\n<td>Natychmiastowe pobieranie<\/td>\n<td>Brak zasob\u00f3w stron trzecich, bezpo\u015brednio z przegl\u0105darki.<\/td>\n<\/tr>\n<tr>\n<td>Minimalne zu\u017cycie pami\u0119ci<\/td>\n<td>Technologia PWA pozwala zaoszcz\u0119dzi\u0107 miejsce na urz\u0105dzeniu.<\/td>\n<\/tr>\n<tr>\n<td>Powiadomienia push<\/td>\n<td>Aktualizacje w czasie rzeczywistym dotycz\u0105ce promocji i wydarze\u0144<\/td>\n<\/tr>\n<tr>\n<td>Szybsze \u0142adowanie<\/td>\n<td>Zoptymalizowana wydajno\u015b\u0107 zapewniaj\u0105ca dost\u0119p w podr\u00f3\u017cy<\/td>\n<\/tr>\n<\/tbody>\n<\/table>\n<p><img loading=\"lazy\" decoding=\"async\" class=\"alignnone size-full wp-image-1928\" src=\"https:\/\/bet-samuro.com\/wp-content\/uploads\/2026\/03\/Betsamuro-Casino-for-Android.webp\" alt=\"Betsamuro Casino for Android\" width=\"1248\" height=\"536\" srcset=\"https:\/\/bet-samuro.com\/wp-content\/uploads\/2026\/03\/Betsamuro-Casino-for-Android.webp 1248w, https:\/\/bet-samuro.com\/wp-content\/uploads\/2026\/03\/Betsamuro-Casino-for-Android-300x129.webp 300w, https:\/\/bet-samuro.com\/wp-content\/uploads\/2026\/03\/Betsamuro-Casino-for-Android-1024x440.webp 1024w, https:\/\/bet-samuro.com\/wp-content\/uploads\/2026\/03\/Betsamuro-Casino-for-Android-768x330.webp 768w\" sizes=\"auto, (max-width: 1248px) 100vw, 1248px\" \/><\/p>\n<\/div><\/div><div style=\"clear: both\"><\/div><div class=\"d-flex justify-content-center\"><button data-item=\"decouvrez_link\" data-group=\"website_links\" class=\"goto fw-bold rounded-pill btn btn-orange\" aria-label=\"Pobierz aplikacj\u0119 Betsamuro\" >Pobierz aplikacj\u0119 Betsamuro<\/button><\/div><div class=\"scrollable-content-wrap my-5\"><div class=\"scrollable-content-inner\"><h2>Jak gra\u0107 w Bet Samuro na urz\u0105dzeniach mobilnych<\/h2>\n<p>U\u017cytkownicy mog\u0105 uzyska\u0107 dost\u0119p do kasyna Bet Samuro za po\u015brednictwem naszej progresywnej aplikacji internetowej, kt\u00f3ra zosta\u0142a stworzona z my\u015bl\u0105 o p\u0142ynnym dzia\u0142aniu na urz\u0105dzeniach z iOS i Android. Aplikacj\u0119 PWA mo\u017cna zainstalowa\u0107 bezpo\u015brednio z przegl\u0105darki, wi\u0119c nie wymaga ona zatwierdzenia przez sklep. Dzia\u0142a ona jak oprogramowanie natywne i spe\u0142nia nowoczesne standardy bezpiecze\u0144stwa. Po uruchomieniu program otwiera si\u0119 w trybie pe\u0142noekranowym i jest zoptymalizowany pod k\u0105tem ekran\u00f3w dotykowych.<\/p>\n<h3>Instalacja aplikacji na iOS krok po kroku<\/h3>\n<p>Aby zainstalowa\u0107 kasyno Betsamuro na swoim iPhonie lub iPadzie, wystarczy wykona\u0107 te proste kroki:<\/p>\n<ol>\n<li>Otw\u00f3rz przegl\u0105dark\u0119 Safari i przejd\u017a do naszej oficjalnej strony internetowej.<\/li>\n<li>W dolnej cz\u0119\u015bci ekranu naci\u015bnij przycisk Udost\u0119pnij.<\/li>\n<li>Nast\u0119pnie przewi\u0144 w d\u00f3\u0142 i dotknij \u201eDodaj do ekranu g\u0142\u00f3wnego\u201d.<\/li>\n<li>Wybierz nazw\u0119 aplikacji lub pozostaw j\u0105 bez zmian, a nast\u0119pnie dotknij \u201eDodaj\u201d w prawym g\u00f3rnym rogu.<\/li>\n<\/ol>\n<p>Teraz ikona BetSamuro znajduje si\u0119 na Twoim ekranie g\u0142\u00f3wnym. Po zalogowaniu si\u0119 na swoje konto upewnij si\u0119, \u017ce przeszed\u0142e\u015b proces weryfikacji. Nast\u0119pnie skorzystaj z dowolnej metody, aby dokona\u0107 wp\u0142aty i rozpocz\u0105\u0107 gr\u0119. Je\u015bli masz jakiekolwiek problemy z wykonaniem powy\u017cszych krok\u00f3w, zawsze mo\u017cesz skorzysta\u0107 z czatu na \u017cywo, aby skontaktowa\u0107 si\u0119 z naszym zespo\u0142em pomocy technicznej.<\/p>\n<h3>Pobieranie i korzystanie z aplikacji na Androidzie<\/h3>\n<p>U\u017cytkownicy Androida mog\u0105 skonfigurowa\u0107 aplikacj\u0119 PWA kasyna Betsamuro za po\u015brednictwem przegl\u0105darki, korzystaj\u0105c z procesu niemal identycznego jak w przypadku urz\u0105dze\u0144 z systemem iOS, bez konieczno\u015bci odwiedzania sklepu Google Play. Otw\u00f3rz nasz\u0105 stron\u0119 internetow\u0105 w przegl\u0105darce, dotknij menu z trzema kropkami i wybierz przycisk \u201eDodaj do ekranu g\u0142\u00f3wnego\u201d. Potwierd\u017a konfiguracj\u0119, a ikona pojawi si\u0119 na ekranie g\u0142\u00f3wnym.<\/p>\n<p><img loading=\"lazy\" decoding=\"async\" class=\"alignnone size-full wp-image-1936\" src=\"https:\/\/bet-samuro.com\/wp-content\/uploads\/2026\/03\/Betsamuro-Casino-for-iOS.webp\" alt=\"Betsamuro Casino for iOS\" width=\"1248\" height=\"536\" srcset=\"https:\/\/bet-samuro.com\/wp-content\/uploads\/2026\/03\/Betsamuro-Casino-for-iOS.webp 1248w, https:\/\/bet-samuro.com\/wp-content\/uploads\/2026\/03\/Betsamuro-Casino-for-iOS-300x129.webp 300w, https:\/\/bet-samuro.com\/wp-content\/uploads\/2026\/03\/Betsamuro-Casino-for-iOS-1024x440.webp 1024w, https:\/\/bet-samuro.com\/wp-content\/uploads\/2026\/03\/Betsamuro-Casino-for-iOS-768x330.webp 768w\" sizes=\"auto, (max-width: 1248px) 100vw, 1248px\" \/><\/p>\n<\/div><\/div><div style=\"clear: both\"><\/div><div class=\"d-flex justify-content-center\"><button data-item=\"decouvrez_link\" data-group=\"website_links\" class=\"goto fw-bold rounded-pill btn btn-orange\" aria-label=\"Pobierz Betsamuro\" >Pobierz Betsamuro<\/button><\/div><div class=\"scrollable-content-wrap my-5\"><div class=\"scrollable-content-inner\"><h2>Betsamuro na PC lub Mac<\/h2>\n<p>Jak wspomnieli\u015bmy wcze\u015bniej, nasze oprogramowanie jest dost\u0119pne do pobrania na systemy Windows i macOS. Korzystanie z aplikacji Betsamuro na urz\u0105dzeniu zapewnia szybsze dzia\u0142anie i \u0142atwiejsz\u0105 nawigacj\u0119 ni\u017c zwyk\u0142e przegl\u0105danie stron internetowych. Nasza zoptymalizowana platforma gwarantuje szybkie \u0142adowanie gier i sprawne dzia\u0142anie element\u00f3w steruj\u0105cych podczas d\u0142ugich sesji gry.<\/p>\n<p>U\u017cytkownicy aplikacji PWA otrzymuj\u0105 powiadomienia push o promocjach i wydarzeniach bezpo\u015brednio w przegl\u0105darkach. Aby skonfigurowa\u0107 aplikacj\u0119, wystarczy wej\u015b\u0107 na nasz\u0105 stron\u0119 internetow\u0105 i klikn\u0105\u0107 przycisk \u201eZainstaluj\u201d w pasku adresu. Po ostatnim potwierdzeniu aplikacja Betsamuro zostanie dodana do pulpitu, sk\u0105d b\u0119dzie mo\u017cna uzyska\u0107 do niej dost\u0119p w dowolnym momencie.<\/p>\n<p><img loading=\"lazy\" decoding=\"async\" class=\"alignnone size-full wp-image-1944\" src=\"https:\/\/bet-samuro.com\/wp-content\/uploads\/2026\/03\/Betsamuro-Application-for-PC.webp\" alt=\"Betsamuro Application for PC\" width=\"1248\" height=\"536\" srcset=\"https:\/\/bet-samuro.com\/wp-content\/uploads\/2026\/03\/Betsamuro-Application-for-PC.webp 1248w, https:\/\/bet-samuro.com\/wp-content\/uploads\/2026\/03\/Betsamuro-Application-for-PC-300x129.webp 300w, https:\/\/bet-samuro.com\/wp-content\/uploads\/2026\/03\/Betsamuro-Application-for-PC-1024x440.webp 1024w, https:\/\/bet-samuro.com\/wp-content\/uploads\/2026\/03\/Betsamuro-Application-for-PC-768x330.webp 768w\" sizes=\"auto, (max-width: 1248px) 100vw, 1248px\" \/><\/p>\n<\/div><\/div><div style=\"clear: both\"><\/div><div class=\"d-flex justify-content-center\"><button data-item=\"decouvrez_link\" data-group=\"website_links\" class=\"goto fw-bold rounded-pill btn btn-orange\" aria-label=\"Pobierz aplikacj\u0119 Betsamuro\" >Pobierz aplikacj\u0119 Betsamuro<\/button><\/div><div class=\"scrollable-content-wrap my-5\"><div class=\"scrollable-content-inner\"><h2>Funkcje bezpiecze\u0144stwa aplikacji<\/h2>\n<p>Nasz\u0105 aplikacj\u0119 mobiln\u0105, w przeciwie\u0144stwie do pliku APK Bet Samuro, mo\u017cna zainstalowa\u0107 z naszej oficjalnej strony bez konieczno\u015bci korzystania ze \u017ar\u00f3de\u0142 zewn\u0119trznych. Oznacza to, \u017ce nie ma ryzyka zwi\u0105zanego z pobieraniem z innych \u017ar\u00f3de\u0142. Aplikacja wykorzystuje szyfrowanie TLS 1.3 i protoko\u0142y HTTPS do wszystkich transfer\u00f3w danych, co zapewnia taki sam poziom bezpiecze\u0144stwa jak na naszej stronie internetowej. Program nie wymaga \u017cadnych dodatkowych uprawnie\u0144 poza normalnym dost\u0119pem do przegl\u0105darki, wi\u0119c dane osobowe nie mog\u0105 by\u0107 gromadzone bez Twojej zgody.<\/p>\n<h2>Cz\u0119sto zadawane pytania<\/h2>\n<h3>Czy utrac\u0119 post\u0119py w grze, je\u015bli prze\u0142\u0105cz\u0119 si\u0119 mi\u0119dzy wersj\u0105 mobiln\u0105 a komputerow\u0105?<\/h3>\n<p>Nie, post\u0119py osi\u0105gni\u0119te na koncie w Betsamuro Casino s\u0105 natychmiast synchronizowane na wszystkich urz\u0105dzeniach. Mo\u017cesz swobodnie przechodzi\u0107 mi\u0119dzy wersj\u0105 mobiln\u0105 a komputerow\u0105, poniewa\u017c historia gry, kwoty bonus\u00f3w i punkty lojalno\u015bciowe pozostaj\u0105 niezmienne.<\/p>\n<h3>Czy mog\u0119 korzysta\u0107 z tego samego konta na wi\u0119cej ni\u017c jednym urz\u0105dzeniu jednocze\u015bnie?<\/h3>\n<p>Tak, mo\u017cesz zalogowa\u0107 si\u0119 na swoje konto Bet Samuro z wi\u0119cej ni\u017c jednego urz\u0105dzenia, ale nie mo\u017cesz tego robi\u0107 w tym samym czasie. Je\u015bli zalogujesz si\u0119 na innym urz\u0105dzeniu, zostaniesz natychmiast wylogowany ze wszystkich sesji, kt\u00f3re by\u0142y ju\u017c otwarte. Ten \u015brodek ochronny zapobiega dost\u0119powi innych os\u00f3b do Twojego konta bez Twojej zgody i pozwala na \u0142atwe prze\u0142\u0105czanie si\u0119 mi\u0119dzy telefonem, tabletem i komputerem.<\/p>\n<h3>Czy s\u0105 jakie\u015b ekskluzywne bonusy dla graczy korzystaj\u0105cych z aplikacji Betsamuro?<\/h3>\n<p>Tak, od czasu do czasu oferujemy promocje i bonusy dost\u0119pne wy\u0142\u0105cznie za po\u015brednictwem aplikacji. Osoby, kt\u00f3re pobior\u0105 aplikacj\u0119 PWA, otrzymuj\u0105 powiadomienia o darmowych spinach, bonusach od depozytu i innych ofertach, kt\u00f3rych u\u017cytkownicy przegl\u0105darek na komputerach stacjonarnych mog\u0105 nie zobaczy\u0107.<\/p>\n<\/div><\/div><\/p>\n","protected":false},"excerpt":{"rendered":"<p>Platforma mobilna Betsamuro Betsamuro App oferuje wszystkim polskim graczom ulepszon\u0105 rozgrywk\u0119 na wszystkich urz\u0105dzeniach. Funkcjonalno\u015b\u0107 nie r\u00f3\u017cni si\u0119 od wersji na komputery stacjonarne. W naszym mobilnym kasynie masz dost\u0119p do pe\u0142nej biblioteki gier, takich jak popularne automaty online, sekcja z krupierami na \u017cywo i inne. Szybko\u015b\u0107 wersji mobilnej oraz mo\u017cliwo\u015b\u0107 grania w dowolnym miejscu przenosz\u0105 [&hellip;]<\/p>\n","protected":false},"author":1,"featured_media":0,"parent":0,"menu_order":0,"comment_status":"closed","ping_status":"closed","template":"template-builder.php","meta":{"_acf_changed":false,"inline_featured_image":false,"footnotes":""},"class_list":["post-1447","page","type-page","status-publish","hentry"],"acf":[],"yoast_head":"<!-- This site is optimized with the Yoast SEO plugin v27.3 - https:\/\/yoast.com\/product\/yoast-seo-wordpress\/ -->\n<title>Betsamuro Casino App Pobierz | iOS, Android &amp; Desktop<\/title>\n<meta name=\"description\" content=\"Betsamuro Casino App \u2013 pobierz aplikacj\u0119 na iOS, Android i desktop, aby gra\u0107 w sloty, gry sto\u0142owe i kasyno na \u017cywo gdziekolwiek jeste\u015b. Ciesz si\u0119 p\u0142ynnym dzia\u0142aniem i pe\u0142nym dost\u0119pem do konta z Bet Samuro.\" \/>\n<meta name=\"robots\" content=\"index, follow, max-snippet:-1, max-image-preview:large, max-video-preview:-1\" \/>\n<link rel=\"canonical\" href=\"https:\/\/bet-samuro.com\/pl\/aplikacja\/\" \/>\n<meta property=\"og:locale\" content=\"pl_PL\" \/>\n<meta property=\"og:type\" content=\"article\" \/>\n<meta property=\"og:title\" content=\"Betsamuro Casino App Pobierz | iOS, Android &amp; Desktop\" \/>\n<meta property=\"og:description\" content=\"Betsamuro Casino App \u2013 pobierz aplikacj\u0119 na iOS, Android i desktop, aby gra\u0107 w sloty, gry sto\u0142owe i kasyno na \u017cywo gdziekolwiek jeste\u015b. Ciesz si\u0119 p\u0142ynnym dzia\u0142aniem i pe\u0142nym dost\u0119pem do konta z Bet Samuro.\" \/>\n<meta property=\"og:url\" content=\"https:\/\/bet-samuro.com\/pl\/aplikacja\/\" \/>\n<meta property=\"og:site_name\" content=\"betsamuro\" \/>\n<meta property=\"article:modified_time\" content=\"2026-03-24T07:42:23+00:00\" \/>\n<meta name=\"twitter:card\" content=\"summary_large_image\" \/>\n<meta name=\"twitter:label1\" content=\"Est. reading time\" \/>\n\t<meta name=\"twitter:data1\" content=\"1 minute\" \/>\n<script type=\"application\/ld+json\" class=\"yoast-schema-graph\">{\"@context\":\"https:\\\/\\\/schema.org\",\"@graph\":[{\"@type\":\"WebPage\",\"@id\":\"https:\\\/\\\/bet-samuro.com\\\/pl\\\/aplikacja\\\/\",\"url\":\"https:\\\/\\\/bet-samuro.com\\\/pl\\\/aplikacja\\\/\",\"name\":\"Betsamuro Casino App Pobierz | iOS, Android & Desktop\",\"isPartOf\":{\"@id\":\"https:\\\/\\\/bet-samuro.com\\\/pl\\\/#website\"},\"datePublished\":\"2026-01-20T12:08:23+00:00\",\"dateModified\":\"2026-03-24T07:42:23+00:00\",\"description\":\"Betsamuro Casino App \u2013 pobierz aplikacj\u0119 na iOS, Android i desktop, aby gra\u0107 w sloty, gry sto\u0142owe i kasyno na \u017cywo gdziekolwiek jeste\u015b. Ciesz si\u0119 p\u0142ynnym dzia\u0142aniem i pe\u0142nym dost\u0119pem do konta z Bet Samuro.\",\"breadcrumb\":{\"@id\":\"https:\\\/\\\/bet-samuro.com\\\/pl\\\/aplikacja\\\/#breadcrumb\"},\"inLanguage\":\"pl-PL\",\"potentialAction\":[{\"@type\":\"ReadAction\",\"target\":[\"https:\\\/\\\/bet-samuro.com\\\/pl\\\/aplikacja\\\/\"]}]},{\"@type\":\"BreadcrumbList\",\"@id\":\"https:\\\/\\\/bet-samuro.com\\\/pl\\\/aplikacja\\\/#breadcrumb\",\"itemListElement\":[{\"@type\":\"ListItem\",\"position\":1,\"name\":\"Betsamuro\",\"item\":\"https:\\\/\\\/bet-samuro.com\\\/pl\\\/\"},{\"@type\":\"ListItem\",\"position\":2,\"name\":\"Aplikacja\"}]},{\"@type\":\"WebSite\",\"@id\":\"https:\\\/\\\/bet-samuro.com\\\/pl\\\/#website\",\"url\":\"https:\\\/\\\/bet-samuro.com\\\/pl\\\/\",\"name\":\"Betsamuro\",\"description\":\"\",\"publisher\":{\"@id\":\"https:\\\/\\\/bet-samuro.com\\\/pl\\\/#organization\"},\"potentialAction\":[{\"@type\":\"SearchAction\",\"target\":{\"@type\":\"EntryPoint\",\"urlTemplate\":\"https:\\\/\\\/bet-samuro.com\\\/pl\\\/?s={search_term_string}\"},\"query-input\":{\"@type\":\"PropertyValueSpecification\",\"valueRequired\":true,\"valueName\":\"search_term_string\"}}],\"inLanguage\":\"pl-PL\"},{\"@type\":\"Organization\",\"@id\":\"https:\\\/\\\/bet-samuro.com\\\/pl\\\/#organization\",\"name\":\"Betsamuro\",\"url\":\"https:\\\/\\\/bet-samuro.com\\\/pl\\\/\",\"logo\":{\"@type\":\"ImageObject\",\"inLanguage\":\"pl-PL\",\"@id\":\"https:\\\/\\\/bet-samuro.com\\\/pl\\\/#\\\/schema\\\/logo\\\/image\\\/\",\"url\":\"https:\\\/\\\/bet-samuro.com\\\/wp-content\\\/uploads\\\/2026\\\/03\\\/betsamuro-logo.png\",\"contentUrl\":\"https:\\\/\\\/bet-samuro.com\\\/wp-content\\\/uploads\\\/2026\\\/03\\\/betsamuro-logo.png\",\"width\":150,\"height\":29,\"caption\":\"Betsamuro\"},\"image\":{\"@id\":\"https:\\\/\\\/bet-samuro.com\\\/pl\\\/#\\\/schema\\\/logo\\\/image\\\/\"}}]}<\/script>\n<!-- \/ Yoast SEO plugin. -->","yoast_head_json":{"title":"Betsamuro Casino App Pobierz | iOS, Android & Desktop","description":"Betsamuro Casino App \u2013 pobierz aplikacj\u0119 na iOS, Android i desktop, aby gra\u0107 w sloty, gry sto\u0142owe i kasyno na \u017cywo gdziekolwiek jeste\u015b. Ciesz si\u0119 p\u0142ynnym dzia\u0142aniem i pe\u0142nym dost\u0119pem do konta z Bet Samuro.","robots":{"index":"index","follow":"follow","max-snippet":"max-snippet:-1","max-image-preview":"max-image-preview:large","max-video-preview":"max-video-preview:-1"},"canonical":"https:\/\/bet-samuro.com\/pl\/aplikacja\/","og_locale":"pl_PL","og_type":"article","og_title":"Betsamuro Casino App Pobierz | iOS, Android & Desktop","og_description":"Betsamuro Casino App \u2013 pobierz aplikacj\u0119 na iOS, Android i desktop, aby gra\u0107 w sloty, gry sto\u0142owe i kasyno na \u017cywo gdziekolwiek jeste\u015b. Ciesz si\u0119 p\u0142ynnym dzia\u0142aniem i pe\u0142nym dost\u0119pem do konta z Bet Samuro.","og_url":"https:\/\/bet-samuro.com\/pl\/aplikacja\/","og_site_name":"betsamuro","article_modified_time":"2026-03-24T07:42:23+00:00","twitter_card":"summary_large_image","twitter_misc":{"Est. reading time":"1 minute"},"schema":{"@context":"https:\/\/schema.org","@graph":[{"@type":"WebPage","@id":"https:\/\/bet-samuro.com\/pl\/aplikacja\/","url":"https:\/\/bet-samuro.com\/pl\/aplikacja\/","name":"Betsamuro Casino App Pobierz | iOS, Android & Desktop","isPartOf":{"@id":"https:\/\/bet-samuro.com\/pl\/#website"},"datePublished":"2026-01-20T12:08:23+00:00","dateModified":"2026-03-24T07:42:23+00:00","description":"Betsamuro Casino App \u2013 pobierz aplikacj\u0119 na iOS, Android i desktop, aby gra\u0107 w sloty, gry sto\u0142owe i kasyno na \u017cywo gdziekolwiek jeste\u015b. Ciesz si\u0119 p\u0142ynnym dzia\u0142aniem i pe\u0142nym dost\u0119pem do konta z Bet Samuro.","breadcrumb":{"@id":"https:\/\/bet-samuro.com\/pl\/aplikacja\/#breadcrumb"},"inLanguage":"pl-PL","potentialAction":[{"@type":"ReadAction","target":["https:\/\/bet-samuro.com\/pl\/aplikacja\/"]}]},{"@type":"BreadcrumbList","@id":"https:\/\/bet-samuro.com\/pl\/aplikacja\/#breadcrumb","itemListElement":[{"@type":"ListItem","position":1,"name":"Betsamuro","item":"https:\/\/bet-samuro.com\/pl\/"},{"@type":"ListItem","position":2,"name":"Aplikacja"}]},{"@type":"WebSite","@id":"https:\/\/bet-samuro.com\/pl\/#website","url":"https:\/\/bet-samuro.com\/pl\/","name":"Betsamuro","description":"","publisher":{"@id":"https:\/\/bet-samuro.com\/pl\/#organization"},"potentialAction":[{"@type":"SearchAction","target":{"@type":"EntryPoint","urlTemplate":"https:\/\/bet-samuro.com\/pl\/?s={search_term_string}"},"query-input":{"@type":"PropertyValueSpecification","valueRequired":true,"valueName":"search_term_string"}}],"inLanguage":"pl-PL"},{"@type":"Organization","@id":"https:\/\/bet-samuro.com\/pl\/#organization","name":"Betsamuro","url":"https:\/\/bet-samuro.com\/pl\/","logo":{"@type":"ImageObject","inLanguage":"pl-PL","@id":"https:\/\/bet-samuro.com\/pl\/#\/schema\/logo\/image\/","url":"https:\/\/bet-samuro.com\/wp-content\/uploads\/2026\/03\/betsamuro-logo.png","contentUrl":"https:\/\/bet-samuro.com\/wp-content\/uploads\/2026\/03\/betsamuro-logo.png","width":150,"height":29,"caption":"Betsamuro"},"image":{"@id":"https:\/\/bet-samuro.com\/pl\/#\/schema\/logo\/image\/"}}]}},"_links":{"self":[{"href":"https:\/\/bet-samuro.com\/pl\/wp-json\/wp\/v2\/pages\/1447","targetHints":{"allow":["GET"]}}],"collection":[{"href":"https:\/\/bet-samuro.com\/pl\/wp-json\/wp\/v2\/pages"}],"about":[{"href":"https:\/\/bet-samuro.com\/pl\/wp-json\/wp\/v2\/types\/page"}],"author":[{"embeddable":true,"href":"https:\/\/bet-samuro.com\/pl\/wp-json\/wp\/v2\/users\/1"}],"replies":[{"embeddable":true,"href":"https:\/\/bet-samuro.com\/pl\/wp-json\/wp\/v2\/comments?post=1447"}],"version-history":[{"count":3,"href":"https:\/\/bet-samuro.com\/pl\/wp-json\/wp\/v2\/pages\/1447\/revisions"}],"predecessor-version":[{"id":2069,"href":"https:\/\/bet-samuro.com\/pl\/wp-json\/wp\/v2\/pages\/1447\/revisions\/2069"}],"wp:attachment":[{"href":"https:\/\/bet-samuro.com\/pl\/wp-json\/wp\/v2\/media?parent=1447"}],"curies":[{"name":"wp","href":"https:\/\/api.w.org\/{rel}","templated":true}]}}