{"id":1445,"date":"2026-01-20T12:08:23","date_gmt":"2026-01-20T12:08:23","guid":{"rendered":"https:\/\/bonuskongcasino.com\/app\/"},"modified":"2026-03-24T07:23:19","modified_gmt":"2026-03-24T07:23:19","slug":"applicazione","status":"publish","type":"page","link":"https:\/\/bet-samuro.com\/it\/applicazione\/","title":{"rendered":"Applicazione"},"content":{"rendered":"<h1>Piattaforma mobile Betsamuro<\/h1>\n<p>Betsamuro App offre a tutti i giocatori italiani un&#8217;esperienza di gioco migliorata su tutti i dispositivi. Le funzionalit\u00e0 non differiscono da quelle della versione desktop. Nel nostro casin\u00f2 mobile, avrai accesso a una libreria completa di giochi, come le popolari slot online, una sezione con croupier dal vivo e altro ancora. La velocit\u00e0 della versione portatile e la possibilit\u00e0 di giocare ovunque ti porti la tua esperienza di gioco a un livello completamente diverso. L&#8217;app Betsamuro \u00e8 gratuita e funziona sia su dispositivi iOS che su dispositivi Android. Puoi scaricarla anche sul tuo computer.<\/p>\n<p><div class=\"banner-wrap\" aria-label=\"Banner\"><img src=\"https:\/\/bet-samuro.com\/wp-content\/uploads\/2026\/03\/banner-desktop.webp\" class=\"w-100 d-none d-lg-block img-pc main-banner-img\" alt=\"betsamuro bonus desktop\" fetchpriority=\"high\" decoding=\"async\"><img src=\"https:\/\/bet-samuro.com\/wp-content\/uploads\/2026\/03\/banner-mobile.webp\" class=\"w-100 d-none d-md-block d-lg-none main-banner-img\" alt=\"betsamuro bonus mobile\" fetchpriority=\"high\" decoding=\"async\"><img src=\"https:\/\/bet-samuro.com\/wp-content\/uploads\/2026\/03\/banner-mobile.webp\" class=\"w-100 d-md-none\" alt=\"betsamuro bonus mobile\" fetchpriority=\"high\" decoding=\"async\"><div class=\"banner-description\">\n<div class=\"banner-title\">Bonus di benvenuto<\/div>\n<p class=\"banner-header-title\">1500 \u20ac<\/p>\n<div class=\"banner-header-AdditionalText\">+ 250 Giri gratuiti<\/div>\n<button data-item=\"homepage_banner_link\" class=\"goto m-button m-gradient-border m-button--primary m-button--large banner-button btn-orange\">\n            <div class=\"m-button-content\">\n                <span>Iscriviti ora<\/span>\n                <span><\/span>\n            <\/div>\n        <\/button>\n<\/div>\n<div class=\"WelcomePack\">\n<p><img loading=\"lazy\" decoding=\"async\" class=\"alignnone size-full wp-image-1855\" src=\"https:\/\/bet-samuro.com\/wp-content\/uploads\/2026\/03\/welcome-crown.png\" alt=\"crown\" width=\"25\" height=\"26\" \/><\/p>\n<div class=\"WelcomePack-Info\">Cashback settimanale fino al 25%<\/div>\n<p><img loading=\"lazy\" decoding=\"async\" class=\"alignnone size-full wp-image-1855\" src=\"https:\/\/bet-samuro.com\/wp-content\/uploads\/2026\/03\/welcome-crown.png\" alt=\"crown\" width=\"25\" height=\"26\" \/><\/p>\n<\/div>\n<\/div><div class=\"scrollable-content-wrap my-5\"><div class=\"scrollable-content-inner\"><h2>Vantaggi dell&#8217;app Betsamuro<\/h2>\n<p>Quando abbiamo creato la nostra app Betsamuro, abbiamo pensato innanzitutto a come mantenere tutti i vantaggi del sito web desktop in una versione mobile, quindi abbiamo trasferito con cura tutte le funzionalit\u00e0 al software mobile. Configurare l&#8217;applicazione web progressiva (PWA) dal browser invece che dall&#8217;app store consente di risparmiare spazio sul dispositivo. Le notifiche push informano immediatamente i giocatori su nuovi eventi e promozioni. Abbiamo confrontato i vantaggi dell&#8217;applicazione Betsamuro rispetto alla versione browser, ed ecco cosa possiamo evidenziare:<\/p>\n<table>\n<tbody>\n<tr>\n<td>Vantaggio<\/td>\n<td>Descrizione<\/td>\n<\/tr>\n<tr>\n<td>Download immediato<\/td>\n<td>Nessuna risorsa di terze parti, direttamente dal browser.<\/td>\n<\/tr>\n<tr>\n<td>Utilizzo minimo di spazio di archiviazione<\/td>\n<td>La tecnologia PWA consente di risparmiare spazio sul dispositivo.<\/td>\n<\/tr>\n<tr>\n<td>Notifiche push<\/td>\n<td>Aggiornamenti in tempo reale su promozioni ed eventi<\/td>\n<\/tr>\n<tr>\n<td>Caricamento pi\u00f9 veloce<\/td>\n<td>Prestazioni ottimizzate per l&#8217;accesso in movimento<\/td>\n<\/tr>\n<\/tbody>\n<\/table>\n<p><img loading=\"lazy\" decoding=\"async\" class=\"alignnone size-full wp-image-1927\" src=\"https:\/\/bet-samuro.com\/wp-content\/uploads\/2026\/03\/Betsamuro-Casino-for-Android.webp\" alt=\"Betsamuro Casino for Android\" width=\"1248\" height=\"536\" srcset=\"https:\/\/bet-samuro.com\/wp-content\/uploads\/2026\/03\/Betsamuro-Casino-for-Android.webp 1248w, https:\/\/bet-samuro.com\/wp-content\/uploads\/2026\/03\/Betsamuro-Casino-for-Android-300x129.webp 300w, https:\/\/bet-samuro.com\/wp-content\/uploads\/2026\/03\/Betsamuro-Casino-for-Android-1024x440.webp 1024w, https:\/\/bet-samuro.com\/wp-content\/uploads\/2026\/03\/Betsamuro-Casino-for-Android-768x330.webp 768w\" sizes=\"auto, (max-width: 1248px) 100vw, 1248px\" \/><\/p>\n<\/div><\/div><div style=\"clear: both\"><\/div><div class=\"d-flex justify-content-center\"><button data-item=\"decouvrez_link\" data-group=\"website_links\" class=\"goto fw-bold rounded-pill btn btn-orange\" aria-label=\"Scarica l&#039;app Betsamuro\" >Scarica l&#039;app Betsamuro<\/button><\/div><div class=\"scrollable-content-wrap my-5\"><div class=\"scrollable-content-inner\"><h2>Come giocare a Bet Samuro sui dispositivi mobili<\/h2>\n<p>Gli utenti possono accedere a Bet Samuro Casino tramite la nostra applicazione web progressiva, creata per funzionare senza intoppi su dispositivi iOS e Android. La PWA pu\u00f2 essere installata direttamente dal browser, quindi non ha bisogno di essere approvata dallo store. Funziona come un software nativo e soddisfa i moderni standard di sicurezza. Quando carichi il programma, si apre in modalit\u00e0 a schermo intero ed \u00e8 ottimizzato per i touch screen.<\/p>\n<h3>Installazione passo passo dell&#8217;app per iOS<\/h3>\n<p>Per scaricare Betsamuro Casino sul tuo iPhone o iPad, basta seguire questi semplici passaggi:<\/p>\n<ol>\n<li>Apri il browser Safari e vai sul nostro sito ufficiale.<\/li>\n<li>Nella parte inferiore dello schermo, tocca il pulsante Condividi.<\/li>\n<li>Quindi, scorri verso il basso e tocca &#8220;Aggiungi alla schermata Home&#8221;.<\/li>\n<li>Scegli un nome per l&#8217;app o lasciala cos\u00ec com&#8217;\u00e8, quindi tocca &#8220;Aggiungi&#8221; nell&#8217;angolo in alto a destra.<\/li>\n<\/ol>\n<p>Ora l&#8217;icona di BetSamuro \u00e8 sulla tua schermata iniziale. Dopo aver effettuato l&#8217;accesso al tuo account, assicurati di aver completato la procedura di verifica. Quindi, utilizza il metodo che preferisci per effettuare un deposito e iniziare a giocare. Puoi sempre utilizzare la chat live per contattare il nostro team di assistenza se hai problemi con uno dei passaggi sopra indicati.<\/p>\n<h3>Scaricare e utilizzare l&#8217;app su Android<\/h3>\n<p>Gli utenti Android possono configurare la PWA di Betsamuro Casino tramite il proprio browser con una procedura quasi identica a quella sui dispositivi iOS, senza bisogno di visitare Google Play. Apri il nostro sito web nel tuo browser, tocca il menu con i tre puntini e seleziona il pulsante &#8220;Aggiungi alla schermata Home&#8221;. Conferma la configurazione e l&#8217;icona apparir\u00e0 sulla tua schermata iniziale.<\/p>\n<p><img loading=\"lazy\" decoding=\"async\" class=\"alignnone size-full wp-image-1935\" src=\"https:\/\/bet-samuro.com\/wp-content\/uploads\/2026\/03\/Betsamuro-Casino-for-iOS.webp\" alt=\"Betsamuro Casino for iOS\" width=\"1248\" height=\"536\" srcset=\"https:\/\/bet-samuro.com\/wp-content\/uploads\/2026\/03\/Betsamuro-Casino-for-iOS.webp 1248w, https:\/\/bet-samuro.com\/wp-content\/uploads\/2026\/03\/Betsamuro-Casino-for-iOS-300x129.webp 300w, https:\/\/bet-samuro.com\/wp-content\/uploads\/2026\/03\/Betsamuro-Casino-for-iOS-1024x440.webp 1024w, https:\/\/bet-samuro.com\/wp-content\/uploads\/2026\/03\/Betsamuro-Casino-for-iOS-768x330.webp 768w\" sizes=\"auto, (max-width: 1248px) 100vw, 1248px\" \/><\/p>\n<\/div><\/div><div style=\"clear: both\"><\/div><div class=\"d-flex justify-content-center\"><button data-item=\"decouvrez_link\" data-group=\"website_links\" class=\"goto fw-bold rounded-pill btn btn-orange\" aria-label=\"Scarica Betsamuro\" >Scarica Betsamuro<\/button><\/div><div class=\"scrollable-content-wrap my-5\"><div class=\"scrollable-content-inner\"><h2>Betsamuro per PC o Mac<\/h2>\n<p>Come accennato in precedenza, il nostro software \u00e8 disponibile per il download su Windows e macOS. Quando utilizzi l&#8217;app Betsamuro sul tuo dispositivo, funziona pi\u00f9 velocemente ed \u00e8 pi\u00f9 facile da navigare rispetto alla normale visualizzazione web. La nostra piattaforma ottimizzata garantisce che i giochi si carichino rapidamente e che i comandi funzionino bene per lunghe sessioni di gioco.<\/p>\n<p>Chi utilizza le PWA riceve notifiche push su offerte ed eventi direttamente nel proprio browser. Per configurarla basta andare sul nostro sito web e cliccare sul pulsante &#8220;Installa&#8221; nella barra degli indirizzi. Con un&#8217;ultima conferma, l&#8217;app Betsamuro verr\u00e0 aggiunta al tuo desktop, dove potrai accedervi in qualsiasi momento.<\/p>\n<p><img loading=\"lazy\" decoding=\"async\" class=\"alignnone size-full wp-image-1943\" src=\"https:\/\/bet-samuro.com\/wp-content\/uploads\/2026\/03\/Betsamuro-Application-for-PC.webp\" alt=\"Betsamuro Application for PC\" width=\"1248\" height=\"536\" srcset=\"https:\/\/bet-samuro.com\/wp-content\/uploads\/2026\/03\/Betsamuro-Application-for-PC.webp 1248w, https:\/\/bet-samuro.com\/wp-content\/uploads\/2026\/03\/Betsamuro-Application-for-PC-300x129.webp 300w, https:\/\/bet-samuro.com\/wp-content\/uploads\/2026\/03\/Betsamuro-Application-for-PC-1024x440.webp 1024w, https:\/\/bet-samuro.com\/wp-content\/uploads\/2026\/03\/Betsamuro-Application-for-PC-768x330.webp 768w\" sizes=\"auto, (max-width: 1248px) 100vw, 1248px\" \/><\/p>\n<\/div><\/div><div style=\"clear: both\"><\/div><div class=\"d-flex justify-content-center\"><button data-item=\"decouvrez_link\" data-group=\"website_links\" class=\"goto fw-bold rounded-pill btn btn-orange\" aria-label=\"Scarica l&#039;app Betsamuro\" >Scarica l&#039;app Betsamuro<\/button><\/div><div class=\"scrollable-content-wrap my-5\"><div class=\"scrollable-content-inner\"><h2>Funzionalit\u00e0 di sicurezza e protezione dell&#8217;app<\/h2>\n<p>La nostra app mobile, a differenza dell&#8217;APK di Bet Samuro, pu\u00f2 essere installata dal nostro sito ufficiale senza bisogno di ricorrere a fonti di terze parti. Ci\u00f2 significa che non ci sono rischi legati al download da fonti esterne. L&#8217;app utilizza la crittografia TLS 1.3 e i protocolli HTTPS per tutti i trasferimenti di dati, il che garantisce lo stesso livello di sicurezza del nostro sito web. Il programma non richiede autorizzazioni aggiuntive oltre al normale accesso al browser, quindi le informazioni personali non possono essere raccolte senza la tua approvazione.<\/p>\n<h2>Domande frequenti<\/h2>\n<h3>Perderei i miei progressi di gioco se passassi dalla versione mobile a quella desktop?<\/h3>\n<p>No, i progressi effettuati nel tuo account Betsamuro Casino vengono sincronizzati istantaneamente su tutti i tuoi dispositivi. Puoi passare facilmente dalla versione mobile a quella desktop perch\u00e9 la cronologia di gioco, gli importi dei bonus e i punti fedelt\u00e0 rimangono gli stessi.<\/p>\n<h3>Posso utilizzare lo stesso account su pi\u00f9 di un dispositivo contemporaneamente?<\/h3>\n<p>S\u00ec, puoi accedere al tuo account Betsamuro da pi\u00f9 di un dispositivo, ma non puoi farlo contemporaneamente. Se accedi da un dispositivo diverso, verrai immediatamente disconnesso da qualsiasi sessione gi\u00e0 aperta. Questa misura di protezione impedisce ad altre persone di accedere al tuo account senza la tua autorizzazione e ti consente di passare facilmente dal tuo telefono, tablet e desktop.<\/p>\n<h3>Ci sono bonus esclusivi per i giocatori che utilizzano l&#8217;app Betsamuro?<\/h3>\n<p>S\u00ec, di tanto in tanto offriamo promozioni e bonus accessibili solo tramite l&#8217;applicazione. Chi scarica la PWA riceve notifiche su giri gratuiti, bonus sul deposito e altro ancora che chi utilizza i browser desktop potrebbe non vedere.<\/p>\n<\/div><\/div><\/p>\n","protected":false},"excerpt":{"rendered":"<p>Piattaforma mobile Betsamuro Betsamuro App offre a tutti i giocatori italiani un&#8217;esperienza di gioco migliorata su tutti i dispositivi. Le funzionalit\u00e0 non differiscono da quelle della versione desktop. Nel nostro casin\u00f2 mobile, avrai accesso a una libreria completa di giochi, come le popolari slot online, una sezione con croupier dal vivo e altro ancora. La [&hellip;]<\/p>\n","protected":false},"author":1,"featured_media":0,"parent":0,"menu_order":0,"comment_status":"closed","ping_status":"closed","template":"template-builder.php","meta":{"_acf_changed":false,"inline_featured_image":false,"footnotes":""},"class_list":["post-1445","page","type-page","status-publish","hentry"],"acf":[],"yoast_head":"<!-- This site is optimized with the Yoast SEO plugin v27.3 - https:\/\/yoast.com\/product\/yoast-seo-wordpress\/ -->\n<title>Betsamuro Casino App Scarica | iOS, Android &amp; Desktop<\/title>\n<meta name=\"description\" content=\"Betsamuro Casino App \u2013 scarica l&#039;app per iOS, Android e desktop per giocare a slot, giochi da tavolo e casin\u00f2 dal vivo ovunque. Goditi prestazioni fluide e accesso completo al tuo account con Bet Samuro.\" \/>\n<meta name=\"robots\" content=\"index, follow, max-snippet:-1, max-image-preview:large, max-video-preview:-1\" \/>\n<link rel=\"canonical\" href=\"https:\/\/bet-samuro.com\/it\/applicazione\/\" \/>\n<meta property=\"og:locale\" content=\"it_IT\" \/>\n<meta property=\"og:type\" content=\"article\" \/>\n<meta property=\"og:title\" content=\"Betsamuro Casino App Scarica | iOS, Android &amp; Desktop\" \/>\n<meta property=\"og:description\" content=\"Betsamuro Casino App \u2013 scarica l&#039;app per iOS, Android e desktop per giocare a slot, giochi da tavolo e casin\u00f2 dal vivo ovunque. Goditi prestazioni fluide e accesso completo al tuo account con Bet Samuro.\" \/>\n<meta property=\"og:url\" content=\"https:\/\/bet-samuro.com\/it\/applicazione\/\" \/>\n<meta property=\"og:site_name\" content=\"betsamuro\" \/>\n<meta property=\"article:modified_time\" content=\"2026-03-24T07:23:19+00:00\" \/>\n<meta name=\"twitter:card\" content=\"summary_large_image\" \/>\n<meta name=\"twitter:label1\" content=\"Est. reading time\" \/>\n\t<meta name=\"twitter:data1\" content=\"1 minute\" \/>\n<script type=\"application\/ld+json\" class=\"yoast-schema-graph\">{\"@context\":\"https:\\\/\\\/schema.org\",\"@graph\":[{\"@type\":\"WebPage\",\"@id\":\"https:\\\/\\\/bet-samuro.com\\\/it\\\/applicazione\\\/\",\"url\":\"https:\\\/\\\/bet-samuro.com\\\/it\\\/applicazione\\\/\",\"name\":\"Betsamuro Casino App Scarica | iOS, Android & Desktop\",\"isPartOf\":{\"@id\":\"https:\\\/\\\/bet-samuro.com\\\/it\\\/#website\"},\"datePublished\":\"2026-01-20T12:08:23+00:00\",\"dateModified\":\"2026-03-24T07:23:19+00:00\",\"description\":\"Betsamuro Casino App \u2013 scarica l'app per iOS, Android e desktop per giocare a slot, giochi da tavolo e casin\u00f2 dal vivo ovunque. Goditi prestazioni fluide e accesso completo al tuo account con Bet Samuro.\",\"breadcrumb\":{\"@id\":\"https:\\\/\\\/bet-samuro.com\\\/it\\\/applicazione\\\/#breadcrumb\"},\"inLanguage\":\"it-IT\",\"potentialAction\":[{\"@type\":\"ReadAction\",\"target\":[\"https:\\\/\\\/bet-samuro.com\\\/it\\\/applicazione\\\/\"]}]},{\"@type\":\"BreadcrumbList\",\"@id\":\"https:\\\/\\\/bet-samuro.com\\\/it\\\/applicazione\\\/#breadcrumb\",\"itemListElement\":[{\"@type\":\"ListItem\",\"position\":1,\"name\":\"Betsamuro\",\"item\":\"https:\\\/\\\/bet-samuro.com\\\/it\\\/\"},{\"@type\":\"ListItem\",\"position\":2,\"name\":\"Applicazione\"}]},{\"@type\":\"WebSite\",\"@id\":\"https:\\\/\\\/bet-samuro.com\\\/it\\\/#website\",\"url\":\"https:\\\/\\\/bet-samuro.com\\\/it\\\/\",\"name\":\"Betsamuro\",\"description\":\"\",\"publisher\":{\"@id\":\"https:\\\/\\\/bet-samuro.com\\\/it\\\/#organization\"},\"potentialAction\":[{\"@type\":\"SearchAction\",\"target\":{\"@type\":\"EntryPoint\",\"urlTemplate\":\"https:\\\/\\\/bet-samuro.com\\\/it\\\/?s={search_term_string}\"},\"query-input\":{\"@type\":\"PropertyValueSpecification\",\"valueRequired\":true,\"valueName\":\"search_term_string\"}}],\"inLanguage\":\"it-IT\"},{\"@type\":\"Organization\",\"@id\":\"https:\\\/\\\/bet-samuro.com\\\/it\\\/#organization\",\"name\":\"Betsamuro\",\"url\":\"https:\\\/\\\/bet-samuro.com\\\/it\\\/\",\"logo\":{\"@type\":\"ImageObject\",\"inLanguage\":\"it-IT\",\"@id\":\"https:\\\/\\\/bet-samuro.com\\\/it\\\/#\\\/schema\\\/logo\\\/image\\\/\",\"url\":\"https:\\\/\\\/bet-samuro.com\\\/wp-content\\\/uploads\\\/2026\\\/03\\\/betsamuro-logo.png\",\"contentUrl\":\"https:\\\/\\\/bet-samuro.com\\\/wp-content\\\/uploads\\\/2026\\\/03\\\/betsamuro-logo.png\",\"width\":150,\"height\":29,\"caption\":\"Betsamuro\"},\"image\":{\"@id\":\"https:\\\/\\\/bet-samuro.com\\\/it\\\/#\\\/schema\\\/logo\\\/image\\\/\"}}]}<\/script>\n<!-- \/ Yoast SEO plugin. -->","yoast_head_json":{"title":"Betsamuro Casino App Scarica | iOS, Android & Desktop","description":"Betsamuro Casino App \u2013 scarica l'app per iOS, Android e desktop per giocare a slot, giochi da tavolo e casin\u00f2 dal vivo ovunque. Goditi prestazioni fluide e accesso completo al tuo account con Bet Samuro.","robots":{"index":"index","follow":"follow","max-snippet":"max-snippet:-1","max-image-preview":"max-image-preview:large","max-video-preview":"max-video-preview:-1"},"canonical":"https:\/\/bet-samuro.com\/it\/applicazione\/","og_locale":"it_IT","og_type":"article","og_title":"Betsamuro Casino App Scarica | iOS, Android & Desktop","og_description":"Betsamuro Casino App \u2013 scarica l'app per iOS, Android e desktop per giocare a slot, giochi da tavolo e casin\u00f2 dal vivo ovunque. Goditi prestazioni fluide e accesso completo al tuo account con Bet Samuro.","og_url":"https:\/\/bet-samuro.com\/it\/applicazione\/","og_site_name":"betsamuro","article_modified_time":"2026-03-24T07:23:19+00:00","twitter_card":"summary_large_image","twitter_misc":{"Est. reading time":"1 minute"},"schema":{"@context":"https:\/\/schema.org","@graph":[{"@type":"WebPage","@id":"https:\/\/bet-samuro.com\/it\/applicazione\/","url":"https:\/\/bet-samuro.com\/it\/applicazione\/","name":"Betsamuro Casino App Scarica | iOS, Android & Desktop","isPartOf":{"@id":"https:\/\/bet-samuro.com\/it\/#website"},"datePublished":"2026-01-20T12:08:23+00:00","dateModified":"2026-03-24T07:23:19+00:00","description":"Betsamuro Casino App \u2013 scarica l'app per iOS, Android e desktop per giocare a slot, giochi da tavolo e casin\u00f2 dal vivo ovunque. Goditi prestazioni fluide e accesso completo al tuo account con Bet Samuro.","breadcrumb":{"@id":"https:\/\/bet-samuro.com\/it\/applicazione\/#breadcrumb"},"inLanguage":"it-IT","potentialAction":[{"@type":"ReadAction","target":["https:\/\/bet-samuro.com\/it\/applicazione\/"]}]},{"@type":"BreadcrumbList","@id":"https:\/\/bet-samuro.com\/it\/applicazione\/#breadcrumb","itemListElement":[{"@type":"ListItem","position":1,"name":"Betsamuro","item":"https:\/\/bet-samuro.com\/it\/"},{"@type":"ListItem","position":2,"name":"Applicazione"}]},{"@type":"WebSite","@id":"https:\/\/bet-samuro.com\/it\/#website","url":"https:\/\/bet-samuro.com\/it\/","name":"Betsamuro","description":"","publisher":{"@id":"https:\/\/bet-samuro.com\/it\/#organization"},"potentialAction":[{"@type":"SearchAction","target":{"@type":"EntryPoint","urlTemplate":"https:\/\/bet-samuro.com\/it\/?s={search_term_string}"},"query-input":{"@type":"PropertyValueSpecification","valueRequired":true,"valueName":"search_term_string"}}],"inLanguage":"it-IT"},{"@type":"Organization","@id":"https:\/\/bet-samuro.com\/it\/#organization","name":"Betsamuro","url":"https:\/\/bet-samuro.com\/it\/","logo":{"@type":"ImageObject","inLanguage":"it-IT","@id":"https:\/\/bet-samuro.com\/it\/#\/schema\/logo\/image\/","url":"https:\/\/bet-samuro.com\/wp-content\/uploads\/2026\/03\/betsamuro-logo.png","contentUrl":"https:\/\/bet-samuro.com\/wp-content\/uploads\/2026\/03\/betsamuro-logo.png","width":150,"height":29,"caption":"Betsamuro"},"image":{"@id":"https:\/\/bet-samuro.com\/it\/#\/schema\/logo\/image\/"}}]}},"_links":{"self":[{"href":"https:\/\/bet-samuro.com\/it\/wp-json\/wp\/v2\/pages\/1445","targetHints":{"allow":["GET"]}}],"collection":[{"href":"https:\/\/bet-samuro.com\/it\/wp-json\/wp\/v2\/pages"}],"about":[{"href":"https:\/\/bet-samuro.com\/it\/wp-json\/wp\/v2\/types\/page"}],"author":[{"embeddable":true,"href":"https:\/\/bet-samuro.com\/it\/wp-json\/wp\/v2\/users\/1"}],"replies":[{"embeddable":true,"href":"https:\/\/bet-samuro.com\/it\/wp-json\/wp\/v2\/comments?post=1445"}],"version-history":[{"count":3,"href":"https:\/\/bet-samuro.com\/it\/wp-json\/wp\/v2\/pages\/1445\/revisions"}],"predecessor-version":[{"id":2061,"href":"https:\/\/bet-samuro.com\/it\/wp-json\/wp\/v2\/pages\/1445\/revisions\/2061"}],"wp:attachment":[{"href":"https:\/\/bet-samuro.com\/it\/wp-json\/wp\/v2\/media?parent=1445"}],"curies":[{"name":"wp","href":"https:\/\/api.w.org\/{rel}","templated":true}]}}