{"id":1482,"date":"2026-01-20T12:11:11","date_gmt":"2026-01-20T12:11:11","guid":{"rendered":"https:\/\/bonuskongcasino.com\/login-and-registration\/"},"modified":"2026-03-23T19:43:24","modified_gmt":"2026-03-23T19:43:24","slug":"connexion-et-inscription","status":"publish","type":"page","link":"https:\/\/bet-samuro.com\/fr\/connexion-et-inscription\/","title":{"rendered":"Connexion et inscription"},"content":{"rendered":"<h1>Connexion et inscription \u00e0 Betsamuro<\/h1>\n<p>La proc\u00e9dure de Betsamuro login est con\u00e7ue pour \u00eatre aussi simple et intuitive que possible, afin que tous les joueurs puissent commencer \u00e0 jouer imm\u00e9diatement. Connectez-vous pour voir les promotions en cours, participer \u00e0 de nouvelles missions et d\u00e9bloquer toutes les fonctionnalit\u00e9s de notre plateforme. Si vous n&rsquo;\u00eates pas encore inscrit, vous pouvez le faire dans la m\u00eame fen\u00eatre. N&rsquo;oubliez pas que cette proc\u00e9dure est r\u00e9serv\u00e9e aux personnes ayant atteint l&rsquo;\u00e2ge de la majorit\u00e9.<\/p>\n<p><div class=\"banner-wrap\" aria-label=\"Banner\"><img src=\"https:\/\/bet-samuro.com\/wp-content\/uploads\/2026\/03\/banner-desktop.webp\" class=\"w-100 d-none d-lg-block img-pc main-banner-img\" alt=\"betsamuro bonus desktop\" fetchpriority=\"high\" decoding=\"async\"><img src=\"https:\/\/bet-samuro.com\/wp-content\/uploads\/2026\/03\/banner-mobile.webp\" class=\"w-100 d-none d-md-block d-lg-none main-banner-img\" alt=\"betsamuro bonus mobile\" fetchpriority=\"high\" decoding=\"async\"><img src=\"https:\/\/bet-samuro.com\/wp-content\/uploads\/2026\/03\/banner-mobile.webp\" class=\"w-100 d-md-none\" alt=\"betsamuro bonus mobile\" fetchpriority=\"high\" decoding=\"async\"><div class=\"banner-description\">\n<div class=\"banner-title\">Bonus de bienvenue<\/div>\n<p class=\"banner-header-title\">1500 \u20ac<\/p>\n<div class=\"banner-header-AdditionalText\">+ 250 Tours gratuits<\/div>\n<button data-item=\"homepage_banner_link\" class=\"goto m-button m-gradient-border m-button--primary m-button--large banner-button btn-orange\">\n            <div class=\"m-button-content\">\n                <span>Inscrivez-vous d\u00e8s maintenant<\/span>\n                <span><\/span>\n            <\/div>\n        <\/button>\n<\/div>\n<div class=\"WelcomePack\">\n<p><img loading=\"lazy\" decoding=\"async\" class=\"alignnone size-full wp-image-1852\" src=\"https:\/\/bet-samuro.com\/wp-content\/uploads\/2026\/03\/welcome-crown.png\" alt=\"crown\" width=\"25\" height=\"26\" \/><\/p>\n<div class=\"WelcomePack-Info\">Cashback hebdomadaire jusqu&rsquo;\u00e0 25 %<\/div>\n<p><img loading=\"lazy\" decoding=\"async\" class=\"alignnone size-full wp-image-1852\" src=\"https:\/\/bet-samuro.com\/wp-content\/uploads\/2026\/03\/welcome-crown.png\" alt=\"crown\" width=\"25\" height=\"26\" \/><\/p>\n<\/div>\n<\/div><div class=\"scrollable-content-wrap my-5\"><div class=\"scrollable-content-inner\"><h2>Inscription au casino Bet Samuro<\/h2>\n<p>En cr\u00e9ant un nouveau compte Betsamuro, vous b\u00e9n\u00e9ficiez d&rsquo;un acc\u00e8s complet \u00e0 toutes les fonctionnalit\u00e9s du site, notamment les d\u00e9p\u00f4ts et les retraits, les promotions et bien plus encore. Vous pouvez \u00e9galement vous rendre sur votre compte personnel, o\u00f9 vous trouverez des outils de jeu responsable, un programme de fid\u00e9lit\u00e9 et bien d&rsquo;autres fonctionnalit\u00e9s.<\/p>\n<h3>Comment cr\u00e9er votre compte<\/h3>\n<p>Pour cr\u00e9er un compte sur Betsamuro Casino, vous devez suivre quelques \u00e9tapes simples :<\/p>\n<ol>\n<li>Cliquez sur le bouton \u00ab S&rsquo;inscrire \u00bb sur la page d&rsquo;accueil pour acc\u00e9der au formulaire d&rsquo;inscription.<\/li>\n<li>Choisissez un mot de passe et saisissez votre adresse e-mail.<\/li>\n<li>Utilisez un code promotionnel si vous en avez un.<\/li>\n<li>Assurez-vous d&rsquo;avoir au moins 18 ans et d&rsquo;accepter les conditions g\u00e9n\u00e9rales.<\/li>\n<\/ol>\n<p>C&rsquo;est tout. Une fois inscrit, vous pouvez \u00e9galement recevoir un bonus de bienvenue pouvant aller jusqu&rsquo;\u00e0 1 500 \u20ac + 250 tours gratuits. Il suffit d&rsquo;effectuer votre premier d\u00e9p\u00f4t et de prendre connaissance des conditions g\u00e9n\u00e9rales du bonus.<\/p>\n<h2>Comment se connecter et g\u00e9rer son profil<\/h2>\n<p>Une fois le formulaire d&rsquo;inscription rempli, vous devez suivre la proc\u00e9dure de connexion \u00e0 Bet Samuro. Cela ne pose pas de difficult\u00e9 non plus. Voici les \u00e9tapes \u00e0 suivre : cliquez sur le bouton \u00ab Se connecter \u00bb en haut \u00e0 droite de la page et saisissez les informations que vous avez utilis\u00e9es lors de votre inscription. V\u00e9rifiez soigneusement toutes les informations et cliquez sur le lien de confirmation \u00e0 la fin du formulaire.<\/p>\n<p>Une fois connect\u00e9, vous pouvez utiliser toutes les fonctionnalit\u00e9s de votre compte personnel. De l\u00e0, vous pouvez modifier vos donn\u00e9es personnelles, configurer la r\u00e9ception des notifications de bonus, et bien plus encore. Si l&rsquo;un de vos amis souhaite rejoindre le jeu sur Betsamuro Casino, un lien de parrainage est \u00e9galement disponible dans votre profil ; en le partageant, vous et votre ami recevrez une r\u00e9compense si toutes les conditions requises sont remplies.<\/p>\n<h3>Utilisez des outils de jeu responsable<\/h3>\n<p>Pour que le jeu reste un plaisir et ne pose pas de probl\u00e8mes, vous pouvez utiliser les outils de jeu responsable propos\u00e9s par Betsamuro Casino. Gr\u00e2ce \u00e0 eux, vous pourrez contr\u00f4ler pleinement votre jeu et prendre des d\u00e9cisions \u00e9clair\u00e9es. Si le jeu commence d\u00e9j\u00e0 \u00e0 poser des probl\u00e8mes, vous devriez contacter des organisations sp\u00e9cialis\u00e9es telles que Gamblers Anonymous ou Gambling Therapy.<\/p>\n<table>\n<tbody>\n<tr>\n<td>Outil<\/td>\n<td>Description<\/td>\n<\/tr>\n<tr>\n<td>Limites de d\u00e9p\u00f4t<\/td>\n<td>Limitez le montant que vous pouvez d\u00e9poser chaque jour, chaque semaine ou chaque mois pour vous aider \u00e0 contr\u00f4ler vos d\u00e9penses.<\/td>\n<\/tr>\n<tr>\n<td>Limites de pertes<\/td>\n<td>Limitez vos pertes potentielles sur des p\u00e9riodes sp\u00e9cifiques, en arr\u00eatant automatiquement le jeu lorsque le seuil de perte pr\u00e9d\u00e9termin\u00e9 est atteint.<\/td>\n<\/tr>\n<tr>\n<td>Limites de mise<\/td>\n<td>Contr\u00f4lez l&rsquo;activit\u00e9 de mise totale en limitant le montant mis\u00e9 sur l&rsquo;ensemble des sessions, ce qui emp\u00eache un jeu excessif pendant les p\u00e9riodes choisies.<\/td>\n<\/tr>\n<tr>\n<td>Limites de session<\/td>\n<td>D\u00e9finissez une limite de temps pour votre session de jeu. Si vous atteignez cette limite, le jeu s&rsquo;arr\u00eatera automatiquement ou vous obligera \u00e0 faire une pause.<\/td>\n<\/tr>\n<\/tbody>\n<\/table>\n<h3>Que faire si vous oubliez vos identifiants de connexion<\/h3>\n<p>Les liens de r\u00e9initialisation de mot de passe sont envoy\u00e9s \u00e0 l&rsquo;adresse e-mail que vous avez indiqu\u00e9e lors de votre inscription. Cliquez sur \u00ab Mot de passe oubli\u00e9 ? \u00bb sous le formulaire de connexion Betsamuro, et nous enverrons un message \u00e0 l&rsquo;adresse associ\u00e9e \u00e0 votre compte. Ouvrez-le, d\u00e9finissez un nouveau mot de passe et reconnectez-vous. L&rsquo;ancien mot de passe n&rsquo;est plus valable. Si cette proc\u00e9dure ne vous aide pas, vous pouvez toujours b\u00e9n\u00e9ficier de l&rsquo;assistance multilingue de notre \u00e9quipe.<\/p>\n<p><img loading=\"lazy\" decoding=\"async\" class=\"alignnone size-full wp-image-1948\" src=\"https:\/\/bet-samuro.com\/wp-content\/uploads\/2026\/03\/Betsamuro-Login-Page.webp\" alt=\"Betsamuro Login Page\" width=\"1248\" height=\"536\" srcset=\"https:\/\/bet-samuro.com\/wp-content\/uploads\/2026\/03\/Betsamuro-Login-Page.webp 1248w, https:\/\/bet-samuro.com\/wp-content\/uploads\/2026\/03\/Betsamuro-Login-Page-300x129.webp 300w, https:\/\/bet-samuro.com\/wp-content\/uploads\/2026\/03\/Betsamuro-Login-Page-1024x440.webp 1024w, https:\/\/bet-samuro.com\/wp-content\/uploads\/2026\/03\/Betsamuro-Login-Page-768x330.webp 768w\" sizes=\"auto, (max-width: 1248px) 100vw, 1248px\" \/><\/p>\n<h2>Comment effectuer la v\u00e9rification de votre compte<\/h2>\n<p>Avant le premier virement, le processus de v\u00e9rification de Bet Samuro garantit que le compte est s\u00e9curis\u00e9 et que vous respectez les r\u00e8gles. Vous pouvez v\u00e9rifier votre compte en vous rendant dans les param\u00e8tres de votre profil et en t\u00e9l\u00e9chargeant des photos nettes de votre pi\u00e8ce d&rsquo;identit\u00e9 officielle et d&rsquo;un justificatif de domicile r\u00e9cent, comme une facture d&rsquo;\u00e9lectricit\u00e9.<\/p>\n<p>Notre \u00e9quipe examine les documents dans les 48 h et vous envoie un e-mail pour vous informer de leur validit\u00e9. Une fois le processus de connexion \u00e0 Betsamuro termin\u00e9, vous pourrez effectuer des retraits complets et votre compte sera globalement plus s\u00e9curis\u00e9.<\/p>\n<h2>FAQ<\/h2>\n<h3>Puis-je modifier mon adresse e-mail enregistr\u00e9e sur Betsamuro ?<\/h3>\n<p>Oui, vous pouvez modifier votre adresse e-mail sur notre plateforme. Il vous suffit d&rsquo;utiliser le chat en direct pour contacter notre \u00e9quipe d&rsquo;assistance. Pour garantir la s\u00e9curit\u00e9 de votre compte, vous devrez prouver votre identit\u00e9 en fournissant des informations sur votre compte et en r\u00e9pondant \u00e0 des questions de s\u00e9curit\u00e9. Une fois confirm\u00e9e, la nouvelle adresse e-mail sera utilis\u00e9e pour tous les contacts futurs et pour la proc\u00e9dure de connexion \u00e0 Betsamuro.<\/p>\n<h3>Est-il possible d&rsquo;avoir plusieurs comptes sur Bet Samuro Casino ?<\/h3>\n<p>Non, Bet Samuro n&rsquo;autorise pas plus d&rsquo;un compte par joueur, par foyer ou par adresse IP. Au cours du processus de v\u00e9rification, notre syst\u00e8me d\u00e9tecte les identit\u00e9s multiples. Si nous en d\u00e9couvrons, les comptes seront imm\u00e9diatement ferm\u00e9s et tous les fonds seront rembours\u00e9s conform\u00e9ment aux conditions g\u00e9n\u00e9rales.<\/p>\n<h3>Que dois-je faire si je soup\u00e7onne un acc\u00e8s non autoris\u00e9 \u00e0 mon compte ?<\/h3>\n<p>Si vous remarquez une activit\u00e9 suspecte, veuillez contacter imm\u00e9diatement notre \u00e9quipe d&rsquo;assistance disponible 24 h\/24 et 7 j\/7 chez Betsamuro Casino. Nous bloquerons temporairement votre compte, examinerons vos transactions r\u00e9centes et vous guiderons pour modifier votre mot de passe et activer l&rsquo;authentification \u00e0 deux facteurs afin d&#8217;emp\u00eacher toute personne d&rsquo;acc\u00e9der \u00e0 votre compte sans votre autorisation.<\/p>\n<\/div><\/div><\/p>\n","protected":false},"excerpt":{"rendered":"<p>Connexion et inscription \u00e0 Betsamuro La proc\u00e9dure de Betsamuro login est con\u00e7ue pour \u00eatre aussi simple et intuitive que possible, afin que tous les joueurs puissent commencer \u00e0 jouer imm\u00e9diatement. Connectez-vous pour voir les promotions en cours, participer \u00e0 de nouvelles missions et d\u00e9bloquer toutes les fonctionnalit\u00e9s de notre plateforme. Si vous n&rsquo;\u00eates pas encore [&hellip;]<\/p>\n","protected":false},"author":1,"featured_media":0,"parent":0,"menu_order":0,"comment_status":"closed","ping_status":"closed","template":"template-builder.php","meta":{"_acf_changed":false,"inline_featured_image":false,"footnotes":""},"class_list":["post-1482","page","type-page","status-publish","hentry"],"acf":[],"yoast_head":"<!-- This site is optimized with the Yoast SEO plugin v27.3 - https:\/\/yoast.com\/product\/yoast-seo-wordpress\/ -->\n<title>Betsamuro Casino Connexion &amp; Inscription | Acc\u00e8s S\u00e9curis\u00e9<\/title>\n<meta name=\"description\" content=\"Betsamuro Casino Connexion \u2013 connectez-vous en toute s\u00e9curit\u00e9 ou cr\u00e9ez votre compte en quelques secondes avec un acc\u00e8s crypt\u00e9 et une v\u00e9rification rapide. G\u00e9rez la r\u00e9cup\u00e9ration de mot de passe, les param\u00e8tres de profil et les outils de compte facilement chez Bet Samuro.\" \/>\n<meta name=\"robots\" content=\"index, follow, max-snippet:-1, max-image-preview:large, max-video-preview:-1\" \/>\n<link rel=\"canonical\" href=\"https:\/\/bet-samuro.com\/fr\/connexion-et-inscription\/\" \/>\n<meta property=\"og:locale\" content=\"fr_FR\" \/>\n<meta property=\"og:type\" content=\"article\" \/>\n<meta property=\"og:title\" content=\"Betsamuro Casino Connexion &amp; Inscription | Acc\u00e8s S\u00e9curis\u00e9\" \/>\n<meta property=\"og:description\" content=\"Betsamuro Casino Connexion \u2013 connectez-vous en toute s\u00e9curit\u00e9 ou cr\u00e9ez votre compte en quelques secondes avec un acc\u00e8s crypt\u00e9 et une v\u00e9rification rapide. G\u00e9rez la r\u00e9cup\u00e9ration de mot de passe, les param\u00e8tres de profil et les outils de compte facilement chez Bet Samuro.\" \/>\n<meta property=\"og:url\" content=\"https:\/\/bet-samuro.com\/fr\/connexion-et-inscription\/\" \/>\n<meta property=\"og:site_name\" content=\"betsamuro\" \/>\n<meta property=\"article:modified_time\" content=\"2026-03-23T19:43:24+00:00\" \/>\n<meta name=\"twitter:card\" content=\"summary_large_image\" \/>\n<meta name=\"twitter:label1\" content=\"Dur\u00e9e de lecture estim\u00e9e\" \/>\n\t<meta name=\"twitter:data1\" content=\"1 minute\" \/>\n<script type=\"application\/ld+json\" class=\"yoast-schema-graph\">{\"@context\":\"https:\\\/\\\/schema.org\",\"@graph\":[{\"@type\":\"WebPage\",\"@id\":\"https:\\\/\\\/bet-samuro.com\\\/fr\\\/connexion-et-inscription\\\/\",\"url\":\"https:\\\/\\\/bet-samuro.com\\\/fr\\\/connexion-et-inscription\\\/\",\"name\":\"Betsamuro Casino Connexion & Inscription | Acc\u00e8s S\u00e9curis\u00e9\",\"isPartOf\":{\"@id\":\"https:\\\/\\\/bet-samuro.com\\\/fr\\\/#website\"},\"datePublished\":\"2026-01-20T12:11:11+00:00\",\"dateModified\":\"2026-03-23T19:43:24+00:00\",\"description\":\"Betsamuro Casino Connexion \u2013 connectez-vous en toute s\u00e9curit\u00e9 ou cr\u00e9ez votre compte en quelques secondes avec un acc\u00e8s crypt\u00e9 et une v\u00e9rification rapide. G\u00e9rez la r\u00e9cup\u00e9ration de mot de passe, les param\u00e8tres de profil et les outils de compte facilement chez Bet Samuro.\",\"breadcrumb\":{\"@id\":\"https:\\\/\\\/bet-samuro.com\\\/fr\\\/connexion-et-inscription\\\/#breadcrumb\"},\"inLanguage\":\"fr-FR\",\"potentialAction\":[{\"@type\":\"ReadAction\",\"target\":[\"https:\\\/\\\/bet-samuro.com\\\/fr\\\/connexion-et-inscription\\\/\"]}]},{\"@type\":\"BreadcrumbList\",\"@id\":\"https:\\\/\\\/bet-samuro.com\\\/fr\\\/connexion-et-inscription\\\/#breadcrumb\",\"itemListElement\":[{\"@type\":\"ListItem\",\"position\":1,\"name\":\"Betsamuro\",\"item\":\"https:\\\/\\\/bet-samuro.com\\\/fr\\\/\"},{\"@type\":\"ListItem\",\"position\":2,\"name\":\"Connexion et inscription\"}]},{\"@type\":\"WebSite\",\"@id\":\"https:\\\/\\\/bet-samuro.com\\\/fr\\\/#website\",\"url\":\"https:\\\/\\\/bet-samuro.com\\\/fr\\\/\",\"name\":\"Betsamuro\",\"description\":\"\",\"publisher\":{\"@id\":\"https:\\\/\\\/bet-samuro.com\\\/fr\\\/#organization\"},\"potentialAction\":[{\"@type\":\"SearchAction\",\"target\":{\"@type\":\"EntryPoint\",\"urlTemplate\":\"https:\\\/\\\/bet-samuro.com\\\/fr\\\/?s={search_term_string}\"},\"query-input\":{\"@type\":\"PropertyValueSpecification\",\"valueRequired\":true,\"valueName\":\"search_term_string\"}}],\"inLanguage\":\"fr-FR\"},{\"@type\":\"Organization\",\"@id\":\"https:\\\/\\\/bet-samuro.com\\\/fr\\\/#organization\",\"name\":\"Betsamuro\",\"url\":\"https:\\\/\\\/bet-samuro.com\\\/fr\\\/\",\"logo\":{\"@type\":\"ImageObject\",\"inLanguage\":\"fr-FR\",\"@id\":\"https:\\\/\\\/bet-samuro.com\\\/fr\\\/#\\\/schema\\\/logo\\\/image\\\/\",\"url\":\"https:\\\/\\\/bet-samuro.com\\\/wp-content\\\/uploads\\\/2026\\\/03\\\/betsamuro-logo.png\",\"contentUrl\":\"https:\\\/\\\/bet-samuro.com\\\/wp-content\\\/uploads\\\/2026\\\/03\\\/betsamuro-logo.png\",\"width\":150,\"height\":29,\"caption\":\"Betsamuro\"},\"image\":{\"@id\":\"https:\\\/\\\/bet-samuro.com\\\/fr\\\/#\\\/schema\\\/logo\\\/image\\\/\"}}]}<\/script>\n<!-- \/ Yoast SEO plugin. -->","yoast_head_json":{"title":"Betsamuro Casino Connexion & Inscription | Acc\u00e8s S\u00e9curis\u00e9","description":"Betsamuro Casino Connexion \u2013 connectez-vous en toute s\u00e9curit\u00e9 ou cr\u00e9ez votre compte en quelques secondes avec un acc\u00e8s crypt\u00e9 et une v\u00e9rification rapide. G\u00e9rez la r\u00e9cup\u00e9ration de mot de passe, les param\u00e8tres de profil et les outils de compte facilement chez Bet Samuro.","robots":{"index":"index","follow":"follow","max-snippet":"max-snippet:-1","max-image-preview":"max-image-preview:large","max-video-preview":"max-video-preview:-1"},"canonical":"https:\/\/bet-samuro.com\/fr\/connexion-et-inscription\/","og_locale":"fr_FR","og_type":"article","og_title":"Betsamuro Casino Connexion & Inscription | Acc\u00e8s S\u00e9curis\u00e9","og_description":"Betsamuro Casino Connexion \u2013 connectez-vous en toute s\u00e9curit\u00e9 ou cr\u00e9ez votre compte en quelques secondes avec un acc\u00e8s crypt\u00e9 et une v\u00e9rification rapide. G\u00e9rez la r\u00e9cup\u00e9ration de mot de passe, les param\u00e8tres de profil et les outils de compte facilement chez Bet Samuro.","og_url":"https:\/\/bet-samuro.com\/fr\/connexion-et-inscription\/","og_site_name":"betsamuro","article_modified_time":"2026-03-23T19:43:24+00:00","twitter_card":"summary_large_image","twitter_misc":{"Dur\u00e9e de lecture estim\u00e9e":"1 minute"},"schema":{"@context":"https:\/\/schema.org","@graph":[{"@type":"WebPage","@id":"https:\/\/bet-samuro.com\/fr\/connexion-et-inscription\/","url":"https:\/\/bet-samuro.com\/fr\/connexion-et-inscription\/","name":"Betsamuro Casino Connexion & Inscription | Acc\u00e8s S\u00e9curis\u00e9","isPartOf":{"@id":"https:\/\/bet-samuro.com\/fr\/#website"},"datePublished":"2026-01-20T12:11:11+00:00","dateModified":"2026-03-23T19:43:24+00:00","description":"Betsamuro Casino Connexion \u2013 connectez-vous en toute s\u00e9curit\u00e9 ou cr\u00e9ez votre compte en quelques secondes avec un acc\u00e8s crypt\u00e9 et une v\u00e9rification rapide. G\u00e9rez la r\u00e9cup\u00e9ration de mot de passe, les param\u00e8tres de profil et les outils de compte facilement chez Bet Samuro.","breadcrumb":{"@id":"https:\/\/bet-samuro.com\/fr\/connexion-et-inscription\/#breadcrumb"},"inLanguage":"fr-FR","potentialAction":[{"@type":"ReadAction","target":["https:\/\/bet-samuro.com\/fr\/connexion-et-inscription\/"]}]},{"@type":"BreadcrumbList","@id":"https:\/\/bet-samuro.com\/fr\/connexion-et-inscription\/#breadcrumb","itemListElement":[{"@type":"ListItem","position":1,"name":"Betsamuro","item":"https:\/\/bet-samuro.com\/fr\/"},{"@type":"ListItem","position":2,"name":"Connexion et inscription"}]},{"@type":"WebSite","@id":"https:\/\/bet-samuro.com\/fr\/#website","url":"https:\/\/bet-samuro.com\/fr\/","name":"Betsamuro","description":"","publisher":{"@id":"https:\/\/bet-samuro.com\/fr\/#organization"},"potentialAction":[{"@type":"SearchAction","target":{"@type":"EntryPoint","urlTemplate":"https:\/\/bet-samuro.com\/fr\/?s={search_term_string}"},"query-input":{"@type":"PropertyValueSpecification","valueRequired":true,"valueName":"search_term_string"}}],"inLanguage":"fr-FR"},{"@type":"Organization","@id":"https:\/\/bet-samuro.com\/fr\/#organization","name":"Betsamuro","url":"https:\/\/bet-samuro.com\/fr\/","logo":{"@type":"ImageObject","inLanguage":"fr-FR","@id":"https:\/\/bet-samuro.com\/fr\/#\/schema\/logo\/image\/","url":"https:\/\/bet-samuro.com\/wp-content\/uploads\/2026\/03\/betsamuro-logo.png","contentUrl":"https:\/\/bet-samuro.com\/wp-content\/uploads\/2026\/03\/betsamuro-logo.png","width":150,"height":29,"caption":"Betsamuro"},"image":{"@id":"https:\/\/bet-samuro.com\/fr\/#\/schema\/logo\/image\/"}}]}},"_links":{"self":[{"href":"https:\/\/bet-samuro.com\/fr\/wp-json\/wp\/v2\/pages\/1482","targetHints":{"allow":["GET"]}}],"collection":[{"href":"https:\/\/bet-samuro.com\/fr\/wp-json\/wp\/v2\/pages"}],"about":[{"href":"https:\/\/bet-samuro.com\/fr\/wp-json\/wp\/v2\/types\/page"}],"author":[{"embeddable":true,"href":"https:\/\/bet-samuro.com\/fr\/wp-json\/wp\/v2\/users\/1"}],"replies":[{"embeddable":true,"href":"https:\/\/bet-samuro.com\/fr\/wp-json\/wp\/v2\/comments?post=1482"}],"version-history":[{"count":3,"href":"https:\/\/bet-samuro.com\/fr\/wp-json\/wp\/v2\/pages\/1482\/revisions"}],"predecessor-version":[{"id":2039,"href":"https:\/\/bet-samuro.com\/fr\/wp-json\/wp\/v2\/pages\/1482\/revisions\/2039"}],"wp:attachment":[{"href":"https:\/\/bet-samuro.com\/fr\/wp-json\/wp\/v2\/media?parent=1482"}],"curies":[{"name":"wp","href":"https:\/\/api.w.org\/{rel}","templated":true}]}}