{"id":1440,"date":"2026-01-20T12:08:23","date_gmt":"2026-01-20T12:08:23","guid":{"rendered":"https:\/\/bonuskongcasino.com\/app\/"},"modified":"2026-03-23T19:42:06","modified_gmt":"2026-03-23T19:42:06","slug":"app","status":"publish","type":"page","link":"https:\/\/bet-samuro.com\/fr\/app\/","title":{"rendered":"App"},"content":{"rendered":"<h1>Plateforme mobile Betsamuro<\/h1>\n<p>Betsamuro app offre une exp\u00e9rience de jeu am\u00e9lior\u00e9e \u00e0 tous les joueurs, quel que soit leur appareil. Ses fonctionnalit\u00e9s sont identiques \u00e0 celles de la version pour ordinateur. Dans notre casino mobile, vous avez acc\u00e8s \u00e0 une biblioth\u00e8que compl\u00e8te de jeux, tels que des machines \u00e0 sous en ligne populaires, une section avec croupiers en direct, et bien d&rsquo;autres encore. La rapidit\u00e9 de la version mobile et la possibilit\u00e9 de jouer o\u00f9 que vous soyez \u00e9l\u00e8vent votre exp\u00e9rience de jeu \u00e0 un tout autre niveau. L&rsquo;application Betsamuro est gratuite et fonctionne aussi bien sur les appareils iOS que sur ceux sous Android. Vous pouvez \u00e9galement la t\u00e9l\u00e9charger sur votre ordinateur.<\/p>\n<p><div class=\"banner-wrap\" aria-label=\"Banner\"><img src=\"https:\/\/bet-samuro.com\/wp-content\/uploads\/2026\/03\/banner-desktop.webp\" class=\"w-100 d-none d-lg-block img-pc main-banner-img\" alt=\"betsamuro bonus desktop\" fetchpriority=\"high\" decoding=\"async\"><img src=\"https:\/\/bet-samuro.com\/wp-content\/uploads\/2026\/03\/banner-mobile.webp\" class=\"w-100 d-none d-md-block d-lg-none main-banner-img\" alt=\"betsamuro bonus mobile\" fetchpriority=\"high\" decoding=\"async\"><img src=\"https:\/\/bet-samuro.com\/wp-content\/uploads\/2026\/03\/banner-mobile.webp\" class=\"w-100 d-md-none\" alt=\"betsamuro bonus mobile\" fetchpriority=\"high\" decoding=\"async\"><div class=\"banner-description\">\n<div class=\"banner-title\">Bonus de bienvenue<\/div>\n<p class=\"banner-header-title\">1500 \u20ac<\/p>\n<div class=\"banner-header-AdditionalText\">+ 250 Tours gratuits<\/div>\n<button data-item=\"homepage_banner_link\" class=\"goto m-button m-gradient-border m-button--primary m-button--large banner-button btn-orange\">\n            <div class=\"m-button-content\">\n                <span>Inscrivez-vous d\u00e8s maintenant<\/span>\n                <span><\/span>\n            <\/div>\n        <\/button>\n<\/div>\n<div class=\"WelcomePack\">\n<p><img loading=\"lazy\" decoding=\"async\" class=\"alignnone size-full wp-image-1852\" src=\"https:\/\/bet-samuro.com\/wp-content\/uploads\/2026\/03\/welcome-crown.png\" alt=\"crown\" width=\"25\" height=\"26\" \/><\/p>\n<div class=\"WelcomePack-Info\">Cashback hebdomadaire jusqu&rsquo;\u00e0 25 %<\/div>\n<p><img loading=\"lazy\" decoding=\"async\" class=\"alignnone size-full wp-image-1852\" src=\"https:\/\/bet-samuro.com\/wp-content\/uploads\/2026\/03\/welcome-crown.png\" alt=\"crown\" width=\"25\" height=\"26\" \/><\/p>\n<\/div>\n<\/div><div class=\"scrollable-content-wrap my-5\"><div class=\"scrollable-content-inner\"><h2>Avantages de l&rsquo;application Betsamuro<\/h2>\n<p>Lorsque nous avons cr\u00e9\u00e9 notre application Betsamuro, nous avons d&rsquo;abord r\u00e9fl\u00e9chi \u00e0 la mani\u00e8re de conserver tous les avantages du site web sur ordinateur dans une version mobile. Nous avons donc soigneusement transf\u00e9r\u00e9 toutes les fonctionnalit\u00e9s vers le logiciel mobile. La configuration d&rsquo;une application progressive web (PWA) depuis le navigateur plut\u00f4t que depuis la boutique d&rsquo;applications permet de gagner de l&rsquo;espace sur l&rsquo;appareil. Les notifications push informent imm\u00e9diatement les joueurs des nouveaux \u00e9v\u00e9nements et des promotions. Nous avons compar\u00e9 les avantages de l&rsquo;application Betsamuro par rapport \u00e0 la version navigateur, et voici ce que nous pouvons mettre en avant :<\/p>\n<table>\n<tbody>\n<tr>\n<td>Avantage<\/td>\n<td>Description<\/td>\n<\/tr>\n<tr>\n<td>T\u00e9l\u00e9chargement instantan\u00e9<\/td>\n<td>Pas de ressources tierces, directement depuis le navigateur.<\/td>\n<\/tr>\n<tr>\n<td>Utilisation minimale de l&rsquo;espace de stockage<\/td>\n<td>La technologie PWA permet de gagner de l&rsquo;espace sur votre appareil.<\/td>\n<\/tr>\n<tr>\n<td>Notifications push<\/td>\n<td>Mises \u00e0 jour en temps r\u00e9el sur les promotions et les \u00e9v\u00e9nements<\/td>\n<\/tr>\n<tr>\n<td>Chargement plus rapide<\/td>\n<td>Performances optimis\u00e9es pour un acc\u00e8s en d\u00e9placement<\/td>\n<\/tr>\n<\/tbody>\n<\/table>\n<p><img loading=\"lazy\" decoding=\"async\" class=\"alignnone size-full wp-image-1924\" src=\"https:\/\/bet-samuro.com\/wp-content\/uploads\/2026\/03\/Betsamuro-Casino-for-Android.webp\" alt=\"Betsamuro Casino for Android\" width=\"1248\" height=\"536\" srcset=\"https:\/\/bet-samuro.com\/wp-content\/uploads\/2026\/03\/Betsamuro-Casino-for-Android.webp 1248w, https:\/\/bet-samuro.com\/wp-content\/uploads\/2026\/03\/Betsamuro-Casino-for-Android-300x129.webp 300w, https:\/\/bet-samuro.com\/wp-content\/uploads\/2026\/03\/Betsamuro-Casino-for-Android-1024x440.webp 1024w, https:\/\/bet-samuro.com\/wp-content\/uploads\/2026\/03\/Betsamuro-Casino-for-Android-768x330.webp 768w\" sizes=\"auto, (max-width: 1248px) 100vw, 1248px\" \/><\/p>\n<\/div><\/div><div style=\"clear: both\"><\/div><div class=\"d-flex justify-content-center\"><button data-item=\"decouvrez_link\" data-group=\"website_links\" class=\"goto fw-bold rounded-pill btn btn-orange\" aria-label=\"T\u00e9l\u00e9chargez l&#039;application Betsamuro\" >T\u00e9l\u00e9chargez l&#039;application Betsamuro<\/button><\/div><div class=\"scrollable-content-wrap my-5\"><div class=\"scrollable-content-inner\"><h2>Comment jouer \u00e0 Bet Samuro sur les appareils mobiles<\/h2>\n<p>Les utilisateurs peuvent acc\u00e9der au casino Bet Samuro via notre application web progressive, con\u00e7ue pour fonctionner de mani\u00e8re fluide sur les appareils iOS et Android. L&rsquo;application web progressive peut \u00eatre install\u00e9e directement depuis le navigateur, elle n&rsquo;a donc pas besoin d&rsquo;\u00eatre approuv\u00e9e par la boutique d&rsquo;applications. Elle fonctionne comme un logiciel natif et r\u00e9pond aux normes de s\u00e9curit\u00e9 modernes. Lorsque vous lancez le programme, il s&rsquo;ouvre en mode plein \u00e9cran et est optimis\u00e9 pour les \u00e9crans tactiles.<\/p>\n<h3>Installation \u00e9tape par \u00e9tape de l&rsquo;application iOS<\/h3>\n<p>Pour t\u00e9l\u00e9charger le casino Betsamuro sur votre iPhone ou iPad, il vous suffit de suivre ces \u00e9tapes simples :<\/p>\n<ol>\n<li>Ouvrez le navigateur Safari et rendez-vous sur notre site officiel.<\/li>\n<li>En bas de l&rsquo;\u00e9cran, appuyez sur le bouton Partager.<\/li>\n<li>Faites ensuite d\u00e9filer vers le bas et appuyez sur \u00ab Ajouter \u00e0 l&rsquo;\u00e9cran d&rsquo;accueil \u00bb.<\/li>\n<li>Choisissez un nom pour l&rsquo;application ou laissez-le tel quel, puis appuyez sur \u00ab Ajouter \u00bb dans le coin sup\u00e9rieur droit.<\/li>\n<\/ol>\n<p>L&rsquo;ic\u00f4ne BetSamuro appara\u00eet d\u00e9sormais sur votre \u00e9cran d&rsquo;accueil. Une fois connect\u00e9 \u00e0 votre compte, assurez-vous d&rsquo;avoir suivi la proc\u00e9dure de v\u00e9rification. Ensuite, effectuez un d\u00e9p\u00f4t de la mani\u00e8re qui vous convient le mieux et commencez \u00e0 jouer. Vous pouvez \u00e0 tout moment utiliser le chat en direct pour contacter notre \u00e9quipe d&rsquo;assistance si vous rencontrez des difficult\u00e9s avec l&rsquo;une des \u00e9tapes ci-dessus.<\/p>\n<h3>T\u00e9l\u00e9chargement et utilisation de l&rsquo;application sur Android<\/h3>\n<p>Les utilisateurs d&rsquo;Android peuvent configurer l&rsquo;application PWA de Betsamuro Casino via leur navigateur gr\u00e2ce \u00e0 un processus presque identique \u00e0 celui des appareils iOS, sans avoir besoin de se rendre sur Google Play. Ouvrez notre site web dans votre navigateur, appuyez sur le menu \u00e0 trois points et s\u00e9lectionnez le bouton \u00ab Ajouter \u00e0 l&rsquo;\u00e9cran d&rsquo;accueil \u00bb. Confirmez la configuration et l&rsquo;ic\u00f4ne appara\u00eetra sur votre \u00e9cran d&rsquo;accueil.<\/p>\n<p><img loading=\"lazy\" decoding=\"async\" class=\"alignnone size-full wp-image-1932\" src=\"https:\/\/bet-samuro.com\/wp-content\/uploads\/2026\/03\/Betsamuro-Casino-for-iOS.webp\" alt=\"Betsamuro Casino for iOS\" width=\"1248\" height=\"536\" srcset=\"https:\/\/bet-samuro.com\/wp-content\/uploads\/2026\/03\/Betsamuro-Casino-for-iOS.webp 1248w, https:\/\/bet-samuro.com\/wp-content\/uploads\/2026\/03\/Betsamuro-Casino-for-iOS-300x129.webp 300w, https:\/\/bet-samuro.com\/wp-content\/uploads\/2026\/03\/Betsamuro-Casino-for-iOS-1024x440.webp 1024w, https:\/\/bet-samuro.com\/wp-content\/uploads\/2026\/03\/Betsamuro-Casino-for-iOS-768x330.webp 768w\" sizes=\"auto, (max-width: 1248px) 100vw, 1248px\" \/><\/p>\n<\/div><\/div><div style=\"clear: both\"><\/div><div class=\"d-flex justify-content-center\"><button data-item=\"decouvrez_link\" data-group=\"website_links\" class=\"goto fw-bold rounded-pill btn btn-orange\" aria-label=\"T\u00e9l\u00e9charger Betsamuro\" >T\u00e9l\u00e9charger Betsamuro<\/button><\/div><div class=\"scrollable-content-wrap my-5\"><div class=\"scrollable-content-inner\"><h2>Betsamuro pour PC ou Mac<\/h2>\n<p>Comme nous l&rsquo;avons mentionn\u00e9 pr\u00e9c\u00e9demment, notre logiciel est disponible en t\u00e9l\u00e9chargement sur Windows et macOS. Lorsque vous utilisez l&rsquo;application Betsamuro sur votre appareil, elle fonctionne plus rapidement et est plus facile \u00e0 naviguer que la navigation Web classique. Notre plateforme optimis\u00e9e garantit un chargement rapide des jeux et un fonctionnement fluide des commandes, m\u00eame lors de longues sessions de jeu.<\/p>\n<p>Les utilisateurs de PWA re\u00e7oivent des notifications push concernant les promotions et les \u00e9v\u00e9nements directement dans leur navigateur. Il suffit de se rendre sur notre site web et de cliquer sur le bouton \u00ab Installer \u00bb dans la barre d&rsquo;adresse pour effectuer la configuration. Apr\u00e8s une derni\u00e8re confirmation, l&rsquo;application Betsamuro sera ajout\u00e9e \u00e0 votre bureau, o\u00f9 vous pourrez y acc\u00e9der \u00e0 tout moment.<\/p>\n<p><img loading=\"lazy\" decoding=\"async\" class=\"alignnone size-full wp-image-1940\" src=\"https:\/\/bet-samuro.com\/wp-content\/uploads\/2026\/03\/Betsamuro-Application-for-PC.webp\" alt=\"Betsamuro Application for PC\" width=\"1248\" height=\"536\" srcset=\"https:\/\/bet-samuro.com\/wp-content\/uploads\/2026\/03\/Betsamuro-Application-for-PC.webp 1248w, https:\/\/bet-samuro.com\/wp-content\/uploads\/2026\/03\/Betsamuro-Application-for-PC-300x129.webp 300w, https:\/\/bet-samuro.com\/wp-content\/uploads\/2026\/03\/Betsamuro-Application-for-PC-1024x440.webp 1024w, https:\/\/bet-samuro.com\/wp-content\/uploads\/2026\/03\/Betsamuro-Application-for-PC-768x330.webp 768w\" sizes=\"auto, (max-width: 1248px) 100vw, 1248px\" \/><\/p>\n<\/div><\/div><div style=\"clear: both\"><\/div><div class=\"d-flex justify-content-center\"><button data-item=\"decouvrez_link\" data-group=\"website_links\" class=\"goto fw-bold rounded-pill btn btn-orange\" aria-label=\"T\u00e9l\u00e9chargez l&#039;application Betsamuro\" >T\u00e9l\u00e9chargez l&#039;application Betsamuro<\/button><\/div><div class=\"scrollable-content-wrap my-5\"><div class=\"scrollable-content-inner\"><h2>Fonctionnalit\u00e9s de s\u00e9curit\u00e9 et de s\u00fbret\u00e9 de l&rsquo;application<\/h2>\n<p>Notre application mobile, contrairement \u00e0 l&rsquo;APK Bet Samuro, peut \u00eatre install\u00e9e depuis notre site officiel sans avoir recours \u00e0 une source tierce. Cela signifie qu&rsquo;il n&rsquo;y a aucun risque li\u00e9 au t\u00e9l\u00e9chargement depuis une source externe. L&rsquo;application utilise le cryptage TLS 1.3 et les protocoles HTTPS pour tous les transferts de donn\u00e9es, ce qui correspond au m\u00eame niveau de s\u00e9curit\u00e9 que sur notre site web. Le programme ne n\u00e9cessite aucune autorisation suppl\u00e9mentaire en dehors de l&rsquo;acc\u00e8s normal au navigateur, de sorte que vos informations personnelles ne peuvent pas \u00eatre collect\u00e9es sans votre accord.<\/p>\n<h2>FAQ<\/h2>\n<h3>Vais-je perdre ma progression dans le jeu si je passe de la version mobile \u00e0 la version pour ordinateur ?<\/h3>\n<p>Non, la progression enregistr\u00e9e sur votre compte Betsamuro Casino est instantan\u00e9ment synchronis\u00e9e sur tous vos appareils. Vous pouvez facilement passer de la version mobile \u00e0 la version pour ordinateur, car votre historique de jeu, le montant de vos bonus et vos points de fid\u00e9lit\u00e9 restent inchang\u00e9s.<\/p>\n<h3>Puis-je utiliser le m\u00eame compte sur plusieurs appareils en m\u00eame temps ?<\/h3>\n<p>Oui, vous pouvez vous connecter \u00e0 votre compte Betsamuro depuis plusieurs appareils, mais vous ne pouvez pas le faire simultan\u00e9ment. Si vous vous connectez sur un autre appareil, vous serez imm\u00e9diatement d\u00e9connect\u00e9 de toutes les sessions d\u00e9j\u00e0 ouvertes. Cette mesure de s\u00e9curit\u00e9 emp\u00eache d&rsquo;autres personnes d&rsquo;acc\u00e9der \u00e0 votre compte sans votre autorisation et vous permet de passer facilement de votre t\u00e9l\u00e9phone \u00e0 votre tablette ou \u00e0 votre ordinateur.<\/p>\n<h3>Existe-t-il des bonus exclusifs pour les joueurs utilisant l&rsquo;application Betsamuro ?<\/h3>\n<p>Oui, nous proposons de temps \u00e0 autre des promotions et des bonus accessibles uniquement via l&rsquo;application. Les personnes qui t\u00e9l\u00e9chargent l&rsquo;application PWA re\u00e7oivent des notifications concernant des tours gratuits, des bonus sur d\u00e9p\u00f4t et bien plus encore, que les utilisateurs de navigateurs de bureau ne verront peut-\u00eatre pas.<\/p>\n<\/div><\/div><\/p>\n","protected":false},"excerpt":{"rendered":"<p>Plateforme mobile Betsamuro Betsamuro app offre une exp\u00e9rience de jeu am\u00e9lior\u00e9e \u00e0 tous les joueurs, quel que soit leur appareil. Ses fonctionnalit\u00e9s sont identiques \u00e0 celles de la version pour ordinateur. Dans notre casino mobile, vous avez acc\u00e8s \u00e0 une biblioth\u00e8que compl\u00e8te de jeux, tels que des machines \u00e0 sous en ligne populaires, une section [&hellip;]<\/p>\n","protected":false},"author":1,"featured_media":0,"parent":0,"menu_order":0,"comment_status":"closed","ping_status":"closed","template":"template-builder.php","meta":{"_acf_changed":false,"inline_featured_image":false,"footnotes":""},"class_list":["post-1440","page","type-page","status-publish","hentry"],"acf":[],"yoast_head":"<!-- This site is optimized with the Yoast SEO plugin v27.3 - https:\/\/yoast.com\/product\/yoast-seo-wordpress\/ -->\n<title>Betsamuro Casino App T\u00e9l\u00e9charger | iOS, Android &amp; Bureau<\/title>\n<meta name=\"description\" content=\"Betsamuro Casino App \u2013 t\u00e9l\u00e9chargez l&#039;application pour iOS, Android et bureau pour jouer aux machines \u00e0 sous, jeux de table et casino en direct partout. Profitez de performances fluides et d&#039;un acc\u00e8s complet \u00e0 votre compte avec Bet Samuro.\" \/>\n<meta name=\"robots\" content=\"index, follow, max-snippet:-1, max-image-preview:large, max-video-preview:-1\" \/>\n<link rel=\"canonical\" href=\"https:\/\/bet-samuro.com\/fr\/app\/\" \/>\n<meta property=\"og:locale\" content=\"fr_FR\" \/>\n<meta property=\"og:type\" content=\"article\" \/>\n<meta property=\"og:title\" content=\"Betsamuro Casino App T\u00e9l\u00e9charger | iOS, Android &amp; Bureau\" \/>\n<meta property=\"og:description\" content=\"Betsamuro Casino App \u2013 t\u00e9l\u00e9chargez l&#039;application pour iOS, Android et bureau pour jouer aux machines \u00e0 sous, jeux de table et casino en direct partout. Profitez de performances fluides et d&#039;un acc\u00e8s complet \u00e0 votre compte avec Bet Samuro.\" \/>\n<meta property=\"og:url\" content=\"https:\/\/bet-samuro.com\/fr\/app\/\" \/>\n<meta property=\"og:site_name\" content=\"betsamuro\" \/>\n<meta property=\"article:modified_time\" content=\"2026-03-23T19:42:06+00:00\" \/>\n<meta name=\"twitter:card\" content=\"summary_large_image\" \/>\n<meta name=\"twitter:label1\" content=\"Dur\u00e9e de lecture estim\u00e9e\" \/>\n\t<meta name=\"twitter:data1\" content=\"1 minute\" \/>\n<script type=\"application\/ld+json\" class=\"yoast-schema-graph\">{\"@context\":\"https:\\\/\\\/schema.org\",\"@graph\":[{\"@type\":\"WebPage\",\"@id\":\"https:\\\/\\\/bet-samuro.com\\\/fr\\\/app\\\/\",\"url\":\"https:\\\/\\\/bet-samuro.com\\\/fr\\\/app\\\/\",\"name\":\"Betsamuro Casino App T\u00e9l\u00e9charger | iOS, Android & Bureau\",\"isPartOf\":{\"@id\":\"https:\\\/\\\/bet-samuro.com\\\/fr\\\/#website\"},\"datePublished\":\"2026-01-20T12:08:23+00:00\",\"dateModified\":\"2026-03-23T19:42:06+00:00\",\"description\":\"Betsamuro Casino App \u2013 t\u00e9l\u00e9chargez l'application pour iOS, Android et bureau pour jouer aux machines \u00e0 sous, jeux de table et casino en direct partout. Profitez de performances fluides et d'un acc\u00e8s complet \u00e0 votre compte avec Bet Samuro.\",\"breadcrumb\":{\"@id\":\"https:\\\/\\\/bet-samuro.com\\\/fr\\\/app\\\/#breadcrumb\"},\"inLanguage\":\"fr-FR\",\"potentialAction\":[{\"@type\":\"ReadAction\",\"target\":[\"https:\\\/\\\/bet-samuro.com\\\/fr\\\/app\\\/\"]}]},{\"@type\":\"BreadcrumbList\",\"@id\":\"https:\\\/\\\/bet-samuro.com\\\/fr\\\/app\\\/#breadcrumb\",\"itemListElement\":[{\"@type\":\"ListItem\",\"position\":1,\"name\":\"Betsamuro\",\"item\":\"https:\\\/\\\/bet-samuro.com\\\/fr\\\/\"},{\"@type\":\"ListItem\",\"position\":2,\"name\":\"App\"}]},{\"@type\":\"WebSite\",\"@id\":\"https:\\\/\\\/bet-samuro.com\\\/fr\\\/#website\",\"url\":\"https:\\\/\\\/bet-samuro.com\\\/fr\\\/\",\"name\":\"Betsamuro\",\"description\":\"\",\"publisher\":{\"@id\":\"https:\\\/\\\/bet-samuro.com\\\/fr\\\/#organization\"},\"potentialAction\":[{\"@type\":\"SearchAction\",\"target\":{\"@type\":\"EntryPoint\",\"urlTemplate\":\"https:\\\/\\\/bet-samuro.com\\\/fr\\\/?s={search_term_string}\"},\"query-input\":{\"@type\":\"PropertyValueSpecification\",\"valueRequired\":true,\"valueName\":\"search_term_string\"}}],\"inLanguage\":\"fr-FR\"},{\"@type\":\"Organization\",\"@id\":\"https:\\\/\\\/bet-samuro.com\\\/fr\\\/#organization\",\"name\":\"Betsamuro\",\"url\":\"https:\\\/\\\/bet-samuro.com\\\/fr\\\/\",\"logo\":{\"@type\":\"ImageObject\",\"inLanguage\":\"fr-FR\",\"@id\":\"https:\\\/\\\/bet-samuro.com\\\/fr\\\/#\\\/schema\\\/logo\\\/image\\\/\",\"url\":\"https:\\\/\\\/bet-samuro.com\\\/wp-content\\\/uploads\\\/2026\\\/03\\\/betsamuro-logo.png\",\"contentUrl\":\"https:\\\/\\\/bet-samuro.com\\\/wp-content\\\/uploads\\\/2026\\\/03\\\/betsamuro-logo.png\",\"width\":150,\"height\":29,\"caption\":\"Betsamuro\"},\"image\":{\"@id\":\"https:\\\/\\\/bet-samuro.com\\\/fr\\\/#\\\/schema\\\/logo\\\/image\\\/\"}}]}<\/script>\n<!-- \/ Yoast SEO plugin. -->","yoast_head_json":{"title":"Betsamuro Casino App T\u00e9l\u00e9charger | iOS, Android & Bureau","description":"Betsamuro Casino App \u2013 t\u00e9l\u00e9chargez l'application pour iOS, Android et bureau pour jouer aux machines \u00e0 sous, jeux de table et casino en direct partout. Profitez de performances fluides et d'un acc\u00e8s complet \u00e0 votre compte avec Bet Samuro.","robots":{"index":"index","follow":"follow","max-snippet":"max-snippet:-1","max-image-preview":"max-image-preview:large","max-video-preview":"max-video-preview:-1"},"canonical":"https:\/\/bet-samuro.com\/fr\/app\/","og_locale":"fr_FR","og_type":"article","og_title":"Betsamuro Casino App T\u00e9l\u00e9charger | iOS, Android & Bureau","og_description":"Betsamuro Casino App \u2013 t\u00e9l\u00e9chargez l'application pour iOS, Android et bureau pour jouer aux machines \u00e0 sous, jeux de table et casino en direct partout. Profitez de performances fluides et d'un acc\u00e8s complet \u00e0 votre compte avec Bet Samuro.","og_url":"https:\/\/bet-samuro.com\/fr\/app\/","og_site_name":"betsamuro","article_modified_time":"2026-03-23T19:42:06+00:00","twitter_card":"summary_large_image","twitter_misc":{"Dur\u00e9e de lecture estim\u00e9e":"1 minute"},"schema":{"@context":"https:\/\/schema.org","@graph":[{"@type":"WebPage","@id":"https:\/\/bet-samuro.com\/fr\/app\/","url":"https:\/\/bet-samuro.com\/fr\/app\/","name":"Betsamuro Casino App T\u00e9l\u00e9charger | iOS, Android & Bureau","isPartOf":{"@id":"https:\/\/bet-samuro.com\/fr\/#website"},"datePublished":"2026-01-20T12:08:23+00:00","dateModified":"2026-03-23T19:42:06+00:00","description":"Betsamuro Casino App \u2013 t\u00e9l\u00e9chargez l'application pour iOS, Android et bureau pour jouer aux machines \u00e0 sous, jeux de table et casino en direct partout. Profitez de performances fluides et d'un acc\u00e8s complet \u00e0 votre compte avec Bet Samuro.","breadcrumb":{"@id":"https:\/\/bet-samuro.com\/fr\/app\/#breadcrumb"},"inLanguage":"fr-FR","potentialAction":[{"@type":"ReadAction","target":["https:\/\/bet-samuro.com\/fr\/app\/"]}]},{"@type":"BreadcrumbList","@id":"https:\/\/bet-samuro.com\/fr\/app\/#breadcrumb","itemListElement":[{"@type":"ListItem","position":1,"name":"Betsamuro","item":"https:\/\/bet-samuro.com\/fr\/"},{"@type":"ListItem","position":2,"name":"App"}]},{"@type":"WebSite","@id":"https:\/\/bet-samuro.com\/fr\/#website","url":"https:\/\/bet-samuro.com\/fr\/","name":"Betsamuro","description":"","publisher":{"@id":"https:\/\/bet-samuro.com\/fr\/#organization"},"potentialAction":[{"@type":"SearchAction","target":{"@type":"EntryPoint","urlTemplate":"https:\/\/bet-samuro.com\/fr\/?s={search_term_string}"},"query-input":{"@type":"PropertyValueSpecification","valueRequired":true,"valueName":"search_term_string"}}],"inLanguage":"fr-FR"},{"@type":"Organization","@id":"https:\/\/bet-samuro.com\/fr\/#organization","name":"Betsamuro","url":"https:\/\/bet-samuro.com\/fr\/","logo":{"@type":"ImageObject","inLanguage":"fr-FR","@id":"https:\/\/bet-samuro.com\/fr\/#\/schema\/logo\/image\/","url":"https:\/\/bet-samuro.com\/wp-content\/uploads\/2026\/03\/betsamuro-logo.png","contentUrl":"https:\/\/bet-samuro.com\/wp-content\/uploads\/2026\/03\/betsamuro-logo.png","width":150,"height":29,"caption":"Betsamuro"},"image":{"@id":"https:\/\/bet-samuro.com\/fr\/#\/schema\/logo\/image\/"}}]}},"_links":{"self":[{"href":"https:\/\/bet-samuro.com\/fr\/wp-json\/wp\/v2\/pages\/1440","targetHints":{"allow":["GET"]}}],"collection":[{"href":"https:\/\/bet-samuro.com\/fr\/wp-json\/wp\/v2\/pages"}],"about":[{"href":"https:\/\/bet-samuro.com\/fr\/wp-json\/wp\/v2\/types\/page"}],"author":[{"embeddable":true,"href":"https:\/\/bet-samuro.com\/fr\/wp-json\/wp\/v2\/users\/1"}],"replies":[{"embeddable":true,"href":"https:\/\/bet-samuro.com\/fr\/wp-json\/wp\/v2\/comments?post=1440"}],"version-history":[{"count":3,"href":"https:\/\/bet-samuro.com\/fr\/wp-json\/wp\/v2\/pages\/1440\/revisions"}],"predecessor-version":[{"id":2037,"href":"https:\/\/bet-samuro.com\/fr\/wp-json\/wp\/v2\/pages\/1440\/revisions\/2037"}],"wp:attachment":[{"href":"https:\/\/bet-samuro.com\/fr\/wp-json\/wp\/v2\/media?parent=1440"}],"curies":[{"name":"wp","href":"https:\/\/api.w.org\/{rel}","templated":true}]}}