{"id":1487,"date":"2026-01-20T12:11:11","date_gmt":"2026-01-20T12:11:11","guid":{"rendered":"https:\/\/bonuskongcasino.com\/login-and-registration\/"},"modified":"2026-03-24T07:58:01","modified_gmt":"2026-03-24T07:58:01","slug":"inicio-de-sesion-y-registro","status":"publish","type":"page","link":"https:\/\/bet-samuro.com\/es\/inicio-de-sesion-y-registro\/","title":{"rendered":"Inicio de sesi\u00f3n y Registro"},"content":{"rendered":"<h1>Inicio de sesi\u00f3n y registro en Betsamuro<\/h1>\n<p>El procedimiento de Betsamuro login est\u00e1 dise\u00f1ado de la forma m\u00e1s sencilla y clara posible para que puedas empezar a jugar r\u00e1pidamente. Inicia sesi\u00f3n para ver las promociones actuales, participar en nuevas misiones y desbloquear todas las funciones de nuestra plataforma. Si a\u00fan no te has registrado, puedes hacerlo en la misma ventana. Recuerda que este procedimiento es solo para personas que hayan alcanzado la mayor\u00eda de edad.<\/p>\n<p><div class=\"banner-wrap\" aria-label=\"Banner\"><img src=\"https:\/\/bet-samuro.com\/wp-content\/uploads\/2026\/03\/banner-desktop.webp\" class=\"w-100 d-none d-lg-block img-pc main-banner-img\" alt=\"betsamuro bonus desktop\" fetchpriority=\"high\" decoding=\"async\"><img src=\"https:\/\/bet-samuro.com\/wp-content\/uploads\/2026\/03\/banner-mobile.webp\" class=\"w-100 d-none d-md-block d-lg-none main-banner-img\" alt=\"betsamuro bonus mobile\" fetchpriority=\"high\" decoding=\"async\"><img src=\"https:\/\/bet-samuro.com\/wp-content\/uploads\/2026\/03\/banner-mobile.webp\" class=\"w-100 d-md-none\" alt=\"betsamuro bonus mobile\" fetchpriority=\"high\" decoding=\"async\"><div class=\"banner-description\">\n<div class=\"banner-title\">Bonos de bienvenida<\/div>\n<p class=\"banner-header-title\">1500 \u20ac<\/p>\n<div class=\"banner-header-AdditionalText\">+ 250 Tiradas gratis<\/div>\n<button data-item=\"homepage_banner_link\" class=\"goto m-button m-gradient-border m-button--primary m-button--large banner-button btn-orange\">\n            <div class=\"m-button-content\">\n                <span>Reg\u00edstrate ahora<\/span>\n                <span><\/span>\n            <\/div>\n        <\/button>\n<\/div>\n<div class=\"WelcomePack\">\n<p><img loading=\"lazy\" decoding=\"async\" class=\"alignnone size-full wp-image-1857\" src=\"https:\/\/bet-samuro.com\/wp-content\/uploads\/2026\/03\/welcome-crown.png\" alt=\"crown\" width=\"25\" height=\"26\" \/><\/p>\n<div class=\"WelcomePack-Info\">Reembolso semanal de hasta el 25 %<\/div>\n<p><img loading=\"lazy\" decoding=\"async\" class=\"alignnone size-full wp-image-1857\" src=\"https:\/\/bet-samuro.com\/wp-content\/uploads\/2026\/03\/welcome-crown.png\" alt=\"crown\" width=\"25\" height=\"26\" \/><\/p>\n<\/div>\n<\/div><div class=\"scrollable-content-wrap my-5\"><div class=\"scrollable-content-inner\"><h2>Registrarse en Bet Samuro Casino<\/h2>\n<p>Al crear una nueva cuenta en Betsamuro, todos los jugadores espa\u00f1oles obtienen acceso completo a todas las funciones del sitio web, incluyendo dep\u00f3sitos y retiradas, promociones y mucho m\u00e1s. Tambi\u00e9n puedes acceder a tu cuenta personal, donde encontrar\u00e1s herramientas de juego responsable, un programa de fidelidad y mucho m\u00e1s.<\/p>\n<h3>C\u00f3mo crear tu cuenta<\/h3>\n<p>Para crear una cuenta en Betsamuro Casino, debes seguir unos sencillos pasos:<\/p>\n<ol>\n<li>Haz clic en el bot\u00f3n \u00abReg\u00edstrate\u00bb de la p\u00e1gina de inicio para acceder al formulario de registro.<\/li>\n<li>Elige una contrase\u00f1a e introduce tu direcci\u00f3n de correo electr\u00f3nico.<\/li>\n<li>Utiliza un c\u00f3digo promocional si tienes uno.<\/li>\n<li>Aseg\u00farate de tener al menos 18 a\u00f1os y de aceptar las condiciones.<\/li>\n<\/ol>\n<p>Eso es todo. Tras registrarte, tambi\u00e9n podr\u00e1s recibir un paquete de bienvenida de hasta 1.500 \u20ac + 250 tiradas gratis. Basta con realizar el primer dep\u00f3sito y familiarizarte con los t\u00e9rminos y condiciones del bono.<\/p>\n<h2>C\u00f3mo iniciar sesi\u00f3n y gestionar tu perfil<\/h2>\n<p>Una vez completado el formulario de registro, debes seguir el proceso de inicio de sesi\u00f3n de Bet Samuro. Tampoco supone ninguna dificultad. Estos son los pasos a seguir: haz clic en el bot\u00f3n \u00abIniciar sesi\u00f3n\u00bb situado en la parte superior derecha de la p\u00e1gina e introduce los datos que utilizaste al registrarte. Comprueba todo cuidadosamente y haz clic en el enlace de confirmaci\u00f3n al final del formulario.<\/p>\n<p>Una vez que hayas iniciado sesi\u00f3n, podr\u00e1s utilizar todas las funciones de tu cuenta personal. Desde all\u00ed, podr\u00e1s editar tus datos personales, configurar la recepci\u00f3n de notificaciones de bonos y mucho m\u00e1s. Si un amigo tuyo quiere unirse al juego en Betsamuro Casino, tambi\u00e9n hay un enlace de recomendaci\u00f3n disponible en el perfil; al compartirlo, tanto t\u00fa como tu amigo recibir\u00e9is una recompensa si se cumplen todas las condiciones necesarias.<\/p>\n<h3>Utiliza herramientas de juego responsable<\/h3>\n<p>Para que el juego sea divertido y no cause problemas, puedes utilizar las herramientas de juego responsable que ofrece Betsamuro Casino. Con su ayuda, podr\u00e1s controlar totalmente tu juego y tomar decisiones informadas. Si el juego ya ha empezado a causar problemas, debes ponerte en contacto con organizaciones especializadas como Gamblers Anonymous o Gambling Therapy.<\/p>\n<table>\n<tbody>\n<tr>\n<td>Herramienta<\/td>\n<td>Descripci\u00f3n<\/td>\n<\/tr>\n<tr>\n<td>L\u00edmites de dep\u00f3sito<\/td>\n<td>Limita la cantidad que puedes depositar cada d\u00eda, cada semana o cada mes para ayudarte a controlar tus gastos.<\/td>\n<\/tr>\n<tr>\n<td>L\u00edmites de p\u00e9rdidas<\/td>\n<td>Limita las posibles p\u00e9rdidas dentro de unos plazos espec\u00edficos, deteniendo autom\u00e1ticamente el juego cuando se alcanza el umbral de p\u00e9rdidas predeterminado.<\/td>\n<\/tr>\n<tr>\n<td>L\u00edmites de apuesta<\/td>\n<td>Controla la actividad total de apuestas limitando la cantidad apostada en todas las sesiones, evitando as\u00ed el juego excesivo durante los periodos seleccionados.<\/td>\n<\/tr>\n<tr>\n<td>L\u00edmites de sesi\u00f3n<\/td>\n<td>Establece un l\u00edmite de tiempo para la duraci\u00f3n del juego; si alcanzas ese l\u00edmite, el juego se detendr\u00e1 autom\u00e1ticamente o te obligar\u00e1 a tomarte un descanso.<\/td>\n<\/tr>\n<\/tbody>\n<\/table>\n<h3>Qu\u00e9 hacer si olvidas tus datos de inicio de sesi\u00f3n<\/h3>\n<p>Los enlaces para restablecer la contrase\u00f1a se env\u00edan a la direcci\u00f3n de correo electr\u00f3nico que indicaste durante el registro. Haz clic en \u00ab\u00bfHas olvidado tu contrase\u00f1a?\u00bb debajo del formulario de inicio de sesi\u00f3n de Betsamuro y te enviaremos un mensaje a la direcci\u00f3n vinculada a tu cuenta. \u00c1brelo, establece una nueva contrase\u00f1a e inicia sesi\u00f3n de nuevo. La contrase\u00f1a antigua ya no es v\u00e1lida. Si este procedimiento no te ayuda, siempre puedes solicitar asistencia multiling\u00fce a nuestro equipo.<\/p>\n<p><img loading=\"lazy\" decoding=\"async\" class=\"alignnone size-full wp-image-1953\" src=\"https:\/\/bet-samuro.com\/wp-content\/uploads\/2026\/03\/Betsamuro-Login-Page.webp\" alt=\"Betsamuro Login Page\" width=\"1248\" height=\"536\" srcset=\"https:\/\/bet-samuro.com\/wp-content\/uploads\/2026\/03\/Betsamuro-Login-Page.webp 1248w, https:\/\/bet-samuro.com\/wp-content\/uploads\/2026\/03\/Betsamuro-Login-Page-300x129.webp 300w, https:\/\/bet-samuro.com\/wp-content\/uploads\/2026\/03\/Betsamuro-Login-Page-1024x440.webp 1024w, https:\/\/bet-samuro.com\/wp-content\/uploads\/2026\/03\/Betsamuro-Login-Page-768x330.webp 768w\" sizes=\"auto, (max-width: 1248px) 100vw, 1248px\" \/><\/p>\n<h2>C\u00f3mo completar la verificaci\u00f3n de la cuenta<\/h2>\n<p>Antes de la primera transferencia, el proceso de verificaci\u00f3n de Bet Samuro garantiza que la cuenta es segura y que est\u00e1s cumpliendo las normas. Puedes verificar tu cuenta accediendo a la configuraci\u00f3n de tu perfil y subiendo im\u00e1genes n\u00edtidas de tu documento de identidad oficial y un comprobante de domicilio reciente, como una factura de servicios p\u00fablicos.<\/p>\n<p>Nuestro equipo revisa los documentos en un plazo de 48 horas y te env\u00eda un correo electr\u00f3nico para informarte cuando est\u00e9n en regla. Cuando completes el proceso de inicio de sesi\u00f3n en Betsamuro, podr\u00e1s realizar retiradas completas y tu cuenta ser\u00e1 m\u00e1s segura en general.<\/p>\n<h2>Preguntas frecuentes<\/h2>\n<h3>\u00bfPuedo cambiar mi direcci\u00f3n de correo electr\u00f3nico registrada en Betsamuro?<\/h3>\n<p>S\u00ed, puedes cambiar tu direcci\u00f3n de correo electr\u00f3nico en nuestra plataforma. Solo tienes que utilizar el chat en vivo para hablar con nuestro equipo de atenci\u00f3n al cliente. Para mantener tu cuenta segura, debes demostrar tu identidad proporcionando informaci\u00f3n de la cuenta y respondiendo a preguntas de seguridad. Una vez confirmada, la nueva direcci\u00f3n de correo electr\u00f3nico se utilizar\u00e1 para todos los contactos futuros y para el proceso de inicio de sesi\u00f3n en Betsamuro.<\/p>\n<h3>\u00bfEs posible tener varias cuentas en Bet Samuro Casino?<\/h3>\n<p>No, Bet Samuro no permite m\u00e1s de una cuenta por jugador, domicilio o direcci\u00f3n IP. Durante el proceso de verificaci\u00f3n, nuestro sistema detecta identidades m\u00faltiples. Si lo descubrimos, las cuentas se cerrar\u00e1n de inmediato y se reembolsar\u00e1n todos los fondos de acuerdo con los t\u00e9rminos.<\/p>\n<h3>\u00bfQu\u00e9 debo hacer si sospecho que se ha producido un acceso no autorizado a mi cuenta?<\/h3>\n<p>Si observa alguna actividad sospechosa, p\u00f3ngase en contacto inmediatamente con nuestro equipo de atenci\u00f3n al cliente de Betsamuro Casino, disponible las 24 horas del d\u00eda, los 7 d\u00edas de la semana. Bloquearemos temporalmente su cuenta, revisaremos sus transacciones recientes y le guiaremos para que cambie su contrase\u00f1a y active la autenticaci\u00f3n de dos factores, con el fin de evitar que otras personas accedan a su cuenta sin su permiso.<\/p>\n<\/div><\/div><\/p>\n","protected":false},"excerpt":{"rendered":"<p>Inicio de sesi\u00f3n y registro en Betsamuro El procedimiento de Betsamuro login est\u00e1 dise\u00f1ado de la forma m\u00e1s sencilla y clara posible para que puedas empezar a jugar r\u00e1pidamente. Inicia sesi\u00f3n para ver las promociones actuales, participar en nuevas misiones y desbloquear todas las funciones de nuestra plataforma. Si a\u00fan no te has registrado, puedes [&hellip;]<\/p>\n","protected":false},"author":1,"featured_media":0,"parent":0,"menu_order":0,"comment_status":"closed","ping_status":"closed","template":"template-builder.php","meta":{"_acf_changed":false,"inline_featured_image":false,"footnotes":""},"class_list":["post-1487","page","type-page","status-publish","hentry"],"acf":[],"yoast_head":"<!-- This site is optimized with the Yoast SEO plugin v27.3 - https:\/\/yoast.com\/product\/yoast-seo-wordpress\/ -->\n<title>Betsamuro Casino Login &amp; Registro | Acceso Seguro<\/title>\n<meta name=\"description\" content=\"Betsamuro Casino Login \u2013 inicia sesi\u00f3n de forma segura o crea tu cuenta en segundos con acceso encriptado y verificaci\u00f3n r\u00e1pida. Gestiona la recuperaci\u00f3n de contrase\u00f1a, ajustes de perfil y herramientas de cuenta f\u00e1cilmente en Bet Samuro.\" \/>\n<meta name=\"robots\" content=\"index, follow, max-snippet:-1, max-image-preview:large, max-video-preview:-1\" \/>\n<link rel=\"canonical\" href=\"https:\/\/bet-samuro.com\/es\/inicio-de-sesion-y-registro\/\" \/>\n<meta property=\"og:locale\" content=\"es_ES\" \/>\n<meta property=\"og:type\" content=\"article\" \/>\n<meta property=\"og:title\" content=\"Betsamuro Casino Login &amp; Registro | Acceso Seguro\" \/>\n<meta property=\"og:description\" content=\"Betsamuro Casino Login \u2013 inicia sesi\u00f3n de forma segura o crea tu cuenta en segundos con acceso encriptado y verificaci\u00f3n r\u00e1pida. Gestiona la recuperaci\u00f3n de contrase\u00f1a, ajustes de perfil y herramientas de cuenta f\u00e1cilmente en Bet Samuro.\" \/>\n<meta property=\"og:url\" content=\"https:\/\/bet-samuro.com\/es\/inicio-de-sesion-y-registro\/\" \/>\n<meta property=\"og:site_name\" content=\"betsamuro\" \/>\n<meta property=\"article:modified_time\" content=\"2026-03-24T07:58:01+00:00\" \/>\n<meta name=\"twitter:card\" content=\"summary_large_image\" \/>\n<meta name=\"twitter:label1\" content=\"Est. reading time\" \/>\n\t<meta name=\"twitter:data1\" content=\"1 minute\" \/>\n<script type=\"application\/ld+json\" class=\"yoast-schema-graph\">{\"@context\":\"https:\\\/\\\/schema.org\",\"@graph\":[{\"@type\":\"WebPage\",\"@id\":\"https:\\\/\\\/bet-samuro.com\\\/es\\\/inicio-de-sesion-y-registro\\\/\",\"url\":\"https:\\\/\\\/bet-samuro.com\\\/es\\\/inicio-de-sesion-y-registro\\\/\",\"name\":\"Betsamuro Casino Login & Registro | Acceso Seguro\",\"isPartOf\":{\"@id\":\"https:\\\/\\\/bet-samuro.com\\\/es\\\/#website\"},\"datePublished\":\"2026-01-20T12:11:11+00:00\",\"dateModified\":\"2026-03-24T07:58:01+00:00\",\"description\":\"Betsamuro Casino Login \u2013 inicia sesi\u00f3n de forma segura o crea tu cuenta en segundos con acceso encriptado y verificaci\u00f3n r\u00e1pida. Gestiona la recuperaci\u00f3n de contrase\u00f1a, ajustes de perfil y herramientas de cuenta f\u00e1cilmente en Bet Samuro.\",\"breadcrumb\":{\"@id\":\"https:\\\/\\\/bet-samuro.com\\\/es\\\/inicio-de-sesion-y-registro\\\/#breadcrumb\"},\"inLanguage\":\"es-ES\",\"potentialAction\":[{\"@type\":\"ReadAction\",\"target\":[\"https:\\\/\\\/bet-samuro.com\\\/es\\\/inicio-de-sesion-y-registro\\\/\"]}]},{\"@type\":\"BreadcrumbList\",\"@id\":\"https:\\\/\\\/bet-samuro.com\\\/es\\\/inicio-de-sesion-y-registro\\\/#breadcrumb\",\"itemListElement\":[{\"@type\":\"ListItem\",\"position\":1,\"name\":\"Betsamuro\",\"item\":\"https:\\\/\\\/bet-samuro.com\\\/es\\\/\"},{\"@type\":\"ListItem\",\"position\":2,\"name\":\"Inicio de sesi\u00f3n y Registro\"}]},{\"@type\":\"WebSite\",\"@id\":\"https:\\\/\\\/bet-samuro.com\\\/es\\\/#website\",\"url\":\"https:\\\/\\\/bet-samuro.com\\\/es\\\/\",\"name\":\"Betsamuro\",\"description\":\"\",\"publisher\":{\"@id\":\"https:\\\/\\\/bet-samuro.com\\\/es\\\/#organization\"},\"potentialAction\":[{\"@type\":\"SearchAction\",\"target\":{\"@type\":\"EntryPoint\",\"urlTemplate\":\"https:\\\/\\\/bet-samuro.com\\\/es\\\/?s={search_term_string}\"},\"query-input\":{\"@type\":\"PropertyValueSpecification\",\"valueRequired\":true,\"valueName\":\"search_term_string\"}}],\"inLanguage\":\"es-ES\"},{\"@type\":\"Organization\",\"@id\":\"https:\\\/\\\/bet-samuro.com\\\/es\\\/#organization\",\"name\":\"Betsamuro\",\"url\":\"https:\\\/\\\/bet-samuro.com\\\/es\\\/\",\"logo\":{\"@type\":\"ImageObject\",\"inLanguage\":\"es-ES\",\"@id\":\"https:\\\/\\\/bet-samuro.com\\\/es\\\/#\\\/schema\\\/logo\\\/image\\\/\",\"url\":\"https:\\\/\\\/bet-samuro.com\\\/wp-content\\\/uploads\\\/2026\\\/03\\\/betsamuro-logo.png\",\"contentUrl\":\"https:\\\/\\\/bet-samuro.com\\\/wp-content\\\/uploads\\\/2026\\\/03\\\/betsamuro-logo.png\",\"width\":150,\"height\":29,\"caption\":\"Betsamuro\"},\"image\":{\"@id\":\"https:\\\/\\\/bet-samuro.com\\\/es\\\/#\\\/schema\\\/logo\\\/image\\\/\"}}]}<\/script>\n<!-- \/ Yoast SEO plugin. -->","yoast_head_json":{"title":"Betsamuro Casino Login & Registro | Acceso Seguro","description":"Betsamuro Casino Login \u2013 inicia sesi\u00f3n de forma segura o crea tu cuenta en segundos con acceso encriptado y verificaci\u00f3n r\u00e1pida. Gestiona la recuperaci\u00f3n de contrase\u00f1a, ajustes de perfil y herramientas de cuenta f\u00e1cilmente en Bet Samuro.","robots":{"index":"index","follow":"follow","max-snippet":"max-snippet:-1","max-image-preview":"max-image-preview:large","max-video-preview":"max-video-preview:-1"},"canonical":"https:\/\/bet-samuro.com\/es\/inicio-de-sesion-y-registro\/","og_locale":"es_ES","og_type":"article","og_title":"Betsamuro Casino Login & Registro | Acceso Seguro","og_description":"Betsamuro Casino Login \u2013 inicia sesi\u00f3n de forma segura o crea tu cuenta en segundos con acceso encriptado y verificaci\u00f3n r\u00e1pida. Gestiona la recuperaci\u00f3n de contrase\u00f1a, ajustes de perfil y herramientas de cuenta f\u00e1cilmente en Bet Samuro.","og_url":"https:\/\/bet-samuro.com\/es\/inicio-de-sesion-y-registro\/","og_site_name":"betsamuro","article_modified_time":"2026-03-24T07:58:01+00:00","twitter_card":"summary_large_image","twitter_misc":{"Est. reading time":"1 minute"},"schema":{"@context":"https:\/\/schema.org","@graph":[{"@type":"WebPage","@id":"https:\/\/bet-samuro.com\/es\/inicio-de-sesion-y-registro\/","url":"https:\/\/bet-samuro.com\/es\/inicio-de-sesion-y-registro\/","name":"Betsamuro Casino Login & Registro | Acceso Seguro","isPartOf":{"@id":"https:\/\/bet-samuro.com\/es\/#website"},"datePublished":"2026-01-20T12:11:11+00:00","dateModified":"2026-03-24T07:58:01+00:00","description":"Betsamuro Casino Login \u2013 inicia sesi\u00f3n de forma segura o crea tu cuenta en segundos con acceso encriptado y verificaci\u00f3n r\u00e1pida. Gestiona la recuperaci\u00f3n de contrase\u00f1a, ajustes de perfil y herramientas de cuenta f\u00e1cilmente en Bet Samuro.","breadcrumb":{"@id":"https:\/\/bet-samuro.com\/es\/inicio-de-sesion-y-registro\/#breadcrumb"},"inLanguage":"es-ES","potentialAction":[{"@type":"ReadAction","target":["https:\/\/bet-samuro.com\/es\/inicio-de-sesion-y-registro\/"]}]},{"@type":"BreadcrumbList","@id":"https:\/\/bet-samuro.com\/es\/inicio-de-sesion-y-registro\/#breadcrumb","itemListElement":[{"@type":"ListItem","position":1,"name":"Betsamuro","item":"https:\/\/bet-samuro.com\/es\/"},{"@type":"ListItem","position":2,"name":"Inicio de sesi\u00f3n y Registro"}]},{"@type":"WebSite","@id":"https:\/\/bet-samuro.com\/es\/#website","url":"https:\/\/bet-samuro.com\/es\/","name":"Betsamuro","description":"","publisher":{"@id":"https:\/\/bet-samuro.com\/es\/#organization"},"potentialAction":[{"@type":"SearchAction","target":{"@type":"EntryPoint","urlTemplate":"https:\/\/bet-samuro.com\/es\/?s={search_term_string}"},"query-input":{"@type":"PropertyValueSpecification","valueRequired":true,"valueName":"search_term_string"}}],"inLanguage":"es-ES"},{"@type":"Organization","@id":"https:\/\/bet-samuro.com\/es\/#organization","name":"Betsamuro","url":"https:\/\/bet-samuro.com\/es\/","logo":{"@type":"ImageObject","inLanguage":"es-ES","@id":"https:\/\/bet-samuro.com\/es\/#\/schema\/logo\/image\/","url":"https:\/\/bet-samuro.com\/wp-content\/uploads\/2026\/03\/betsamuro-logo.png","contentUrl":"https:\/\/bet-samuro.com\/wp-content\/uploads\/2026\/03\/betsamuro-logo.png","width":150,"height":29,"caption":"Betsamuro"},"image":{"@id":"https:\/\/bet-samuro.com\/es\/#\/schema\/logo\/image\/"}}]}},"_links":{"self":[{"href":"https:\/\/bet-samuro.com\/es\/wp-json\/wp\/v2\/pages\/1487","targetHints":{"allow":["GET"]}}],"collection":[{"href":"https:\/\/bet-samuro.com\/es\/wp-json\/wp\/v2\/pages"}],"about":[{"href":"https:\/\/bet-samuro.com\/es\/wp-json\/wp\/v2\/types\/page"}],"author":[{"embeddable":true,"href":"https:\/\/bet-samuro.com\/es\/wp-json\/wp\/v2\/users\/1"}],"replies":[{"embeddable":true,"href":"https:\/\/bet-samuro.com\/es\/wp-json\/wp\/v2\/comments?post=1487"}],"version-history":[{"count":3,"href":"https:\/\/bet-samuro.com\/es\/wp-json\/wp\/v2\/pages\/1487\/revisions"}],"predecessor-version":[{"id":2079,"href":"https:\/\/bet-samuro.com\/es\/wp-json\/wp\/v2\/pages\/1487\/revisions\/2079"}],"wp:attachment":[{"href":"https:\/\/bet-samuro.com\/es\/wp-json\/wp\/v2\/media?parent=1487"}],"curies":[{"name":"wp","href":"https:\/\/api.w.org\/{rel}","templated":true}]}}