{"id":1449,"date":"2026-01-20T12:08:23","date_gmt":"2026-01-20T12:08:23","guid":{"rendered":"https:\/\/bonuskongcasino.com\/app-2\/"},"modified":"2026-03-24T07:56:47","modified_gmt":"2026-03-24T07:56:47","slug":"aplicacion","status":"publish","type":"page","link":"https:\/\/bet-samuro.com\/es\/aplicacion\/","title":{"rendered":"Aplicaci\u00f3n"},"content":{"rendered":"<h1>Plataforma m\u00f3vil de Betsamuro<\/h1>\n<p>La Betsamuro app ofrece a todos los jugadores espa\u00f1oles una experiencia de juego mejorada en todos los dispositivos. La funcionalidad no difiere de la versi\u00f3n de escritorio. En nuestro casino m\u00f3vil, tendr\u00e1s acceso a una biblioteca completa de juegos, como las populares tragaperras online, una secci\u00f3n de crupieres en vivo y otros. La velocidad de la versi\u00f3n m\u00f3vil y la posibilidad de jugar sobre la marcha llevan tu experiencia de juego a otro nivel. La app Betsamuro es gratuita y funciona tanto en dispositivos iOS como Android. Tambi\u00e9n puedes descargarla en tu ordenador.<\/p>\n<p><div class=\"banner-wrap\" aria-label=\"Banner\"><img src=\"https:\/\/bet-samuro.com\/wp-content\/uploads\/2026\/03\/banner-desktop.webp\" class=\"w-100 d-none d-lg-block img-pc main-banner-img\" alt=\"betsamuro bonus desktop\" fetchpriority=\"high\" decoding=\"async\"><img src=\"https:\/\/bet-samuro.com\/wp-content\/uploads\/2026\/03\/banner-mobile.webp\" class=\"w-100 d-none d-md-block d-lg-none main-banner-img\" alt=\"betsamuro bonus mobile\" fetchpriority=\"high\" decoding=\"async\"><img src=\"https:\/\/bet-samuro.com\/wp-content\/uploads\/2026\/03\/banner-mobile.webp\" class=\"w-100 d-md-none\" alt=\"betsamuro bonus mobile\" fetchpriority=\"high\" decoding=\"async\"><div class=\"banner-description\">\n<div class=\"banner-title\">Bonos de bienvenida<\/div>\n<p class=\"banner-header-title\">1500 \u20ac<\/p>\n<div class=\"banner-header-AdditionalText\">+ 250 Tiradas gratis<\/div>\n<button data-item=\"homepage_banner_link\" class=\"goto m-button m-gradient-border m-button--primary m-button--large banner-button btn-orange\">\n            <div class=\"m-button-content\">\n                <span>Reg\u00edstrate ahora<\/span>\n                <span><\/span>\n            <\/div>\n        <\/button>\n<\/div>\n<div class=\"WelcomePack\">\n<p><img loading=\"lazy\" decoding=\"async\" class=\"alignnone size-full wp-image-1857\" src=\"https:\/\/bet-samuro.com\/wp-content\/uploads\/2026\/03\/welcome-crown.png\" alt=\"crown\" width=\"25\" height=\"26\" \/><\/p>\n<div class=\"WelcomePack-Info\">Reembolso semanal de hasta el 25 %<\/div>\n<p><img loading=\"lazy\" decoding=\"async\" class=\"alignnone size-full wp-image-1857\" src=\"https:\/\/bet-samuro.com\/wp-content\/uploads\/2026\/03\/welcome-crown.png\" alt=\"crown\" width=\"25\" height=\"26\" \/><\/p>\n<\/div>\n<\/div><div class=\"scrollable-content-wrap my-5\"><div class=\"scrollable-content-inner\"><h2>Ventajas de la aplicaci\u00f3n Betsamuro<\/h2>\n<p>Cuando creamos nuestra aplicaci\u00f3n Betsamuro, lo primero que pensamos fue c\u00f3mo mantener todas las ventajas del sitio web de escritorio en una versi\u00f3n m\u00f3vil, por lo que transferimos cuidadosamente todas las funcionalidades al software m\u00f3vil. Configurar la aplicaci\u00f3n web progresiva (PWA) desde el navegador en lugar de desde la tienda de aplicaciones ahorra espacio en el dispositivo. Las notificaciones push permiten a los jugadores enterarse de inmediato de nuevos eventos y promociones. Hemos comparado las ventajas de la aplicaci\u00f3n Betsamuro con respecto a la versi\u00f3n del navegador, y esto es lo que podemos destacar:<\/p>\n<table>\n<tbody>\n<tr>\n<td>Ventaja<\/td>\n<td>Descripci\u00f3n<\/td>\n<\/tr>\n<tr>\n<td>Descarga instant\u00e1nea<\/td>\n<td>Sin recursos de terceros, directamente desde el navegador.<\/td>\n<\/tr>\n<tr>\n<td>M\u00ednimo uso de almacenamiento<\/td>\n<td>La tecnolog\u00eda PWA ahorra espacio en tu dispositivo.<\/td>\n<\/tr>\n<tr>\n<td>Notificaciones push<\/td>\n<td>Actualizaciones en tiempo real sobre promociones y eventos<\/td>\n<\/tr>\n<tr>\n<td>Carga m\u00e1s r\u00e1pida<\/td>\n<td>Rendimiento optimizado para acceder desde cualquier lugar<\/td>\n<\/tr>\n<\/tbody>\n<\/table>\n<p><img loading=\"lazy\" decoding=\"async\" class=\"alignnone size-full wp-image-1929\" src=\"https:\/\/bet-samuro.com\/wp-content\/uploads\/2026\/03\/Betsamuro-Casino-for-Android.webp\" alt=\"Betsamuro Casino for Android\" width=\"1248\" height=\"536\" srcset=\"https:\/\/bet-samuro.com\/wp-content\/uploads\/2026\/03\/Betsamuro-Casino-for-Android.webp 1248w, https:\/\/bet-samuro.com\/wp-content\/uploads\/2026\/03\/Betsamuro-Casino-for-Android-300x129.webp 300w, https:\/\/bet-samuro.com\/wp-content\/uploads\/2026\/03\/Betsamuro-Casino-for-Android-1024x440.webp 1024w, https:\/\/bet-samuro.com\/wp-content\/uploads\/2026\/03\/Betsamuro-Casino-for-Android-768x330.webp 768w\" sizes=\"auto, (max-width: 1248px) 100vw, 1248px\" \/><\/p>\n<\/div><\/div><div style=\"clear: both\"><\/div><div class=\"d-flex justify-content-center\"><button data-item=\"decouvrez_link\" data-group=\"website_links\" class=\"goto fw-bold rounded-pill btn btn-orange\" aria-label=\"Descarga la aplicaci\u00f3n Betsamuro\" >Descarga la aplicaci\u00f3n Betsamuro<\/button><\/div><div class=\"scrollable-content-wrap my-5\"><div class=\"scrollable-content-inner\"><h2>C\u00f3mo jugar a Bet Samuro en dispositivos m\u00f3viles<\/h2>\n<p>Los usuarios pueden acceder a Bet Samuro Casino a trav\u00e9s de nuestra aplicaci\u00f3n web progresiva, creada para funcionar sin problemas en dispositivos iOS y Android. La PWA se puede instalar directamente desde el navegador, por lo que no necesita ser aprobada por la tienda. Funciona como un software nativo y cumple con los est\u00e1ndares de seguridad modernos. Al cargar el programa, se abre en modo de pantalla completa y est\u00e1 optimizado para pantallas t\u00e1ctiles.<\/p>\n<h3>Instalaci\u00f3n paso a paso de la aplicaci\u00f3n para iOS<\/h3>\n<p>Para descargar Betsamuro Casino en tu iPhone o iPad, solo tienes que seguir estos sencillos pasos:<\/p>\n<ol>\n<li>Abre el navegador Safari y ve a nuestra p\u00e1gina web oficial.<\/li>\n<li>En la parte inferior de la pantalla, pulsa el bot\u00f3n Compartir.<\/li>\n<li>A continuaci\u00f3n, despl\u00e1zate hacia abajo y pulsa \u00abA\u00f1adir a la pantalla de inicio\u00bb.<\/li>\n<li>Elige un nombre para la aplicaci\u00f3n o d\u00e9jalo tal cual, y luego pulsa \u00abA\u00f1adir\u00bb en la esquina superior derecha.<\/li>\n<\/ol>\n<p>Ahora el icono de BetSamuro aparecer\u00e1 en tu pantalla de inicio. Despu\u00e9s de iniciar sesi\u00f3n en tu cuenta, aseg\u00farate de haber completado el proceso de verificaci\u00f3n. A continuaci\u00f3n, utiliza el m\u00e9todo que prefieras para realizar un dep\u00f3sito y empieza a jugar. Siempre puedes utilizar el chat en vivo para ponerte en contacto con nuestro equipo de atenci\u00f3n al cliente si tienes alg\u00fan problema con cualquiera de los pasos anteriores.<\/p>\n<h3>Descarga y uso de la aplicaci\u00f3n en Android<\/h3>\n<p>Los usuarios de Android pueden configurar la PWA de Betsamuro Casino a trav\u00e9s de su navegador con un proceso casi id\u00e9ntico al de los dispositivos iOS, sin necesidad de visitar Google Play. Abre nuestra p\u00e1gina web en tu navegador, pulsa el men\u00fa de los tres puntos y selecciona el bot\u00f3n \u00abA\u00f1adir a la pantalla de inicio\u00bb. Confirma la configuraci\u00f3n y el icono aparecer\u00e1 en tu pantalla de inicio.<\/p>\n<p><img loading=\"lazy\" decoding=\"async\" class=\"alignnone size-full wp-image-1937\" src=\"https:\/\/bet-samuro.com\/wp-content\/uploads\/2026\/03\/Betsamuro-Casino-for-iOS.webp\" alt=\"Betsamuro Casino for iOS\" width=\"1248\" height=\"536\" srcset=\"https:\/\/bet-samuro.com\/wp-content\/uploads\/2026\/03\/Betsamuro-Casino-for-iOS.webp 1248w, https:\/\/bet-samuro.com\/wp-content\/uploads\/2026\/03\/Betsamuro-Casino-for-iOS-300x129.webp 300w, https:\/\/bet-samuro.com\/wp-content\/uploads\/2026\/03\/Betsamuro-Casino-for-iOS-1024x440.webp 1024w, https:\/\/bet-samuro.com\/wp-content\/uploads\/2026\/03\/Betsamuro-Casino-for-iOS-768x330.webp 768w\" sizes=\"auto, (max-width: 1248px) 100vw, 1248px\" \/><\/p>\n<\/div><\/div><div style=\"clear: both\"><\/div><div class=\"d-flex justify-content-center\"><button data-item=\"decouvrez_link\" data-group=\"website_links\" class=\"goto fw-bold rounded-pill btn btn-orange\" aria-label=\"Descargar Betsamuro\" >Descargar Betsamuro<\/button><\/div><div class=\"scrollable-content-wrap my-5\"><div class=\"scrollable-content-inner\"><h2>Betsamuro para PC o Mac<\/h2>\n<p>Como mencionamos anteriormente, nuestro software est\u00e1 disponible para su descarga en Windows y macOS. Cuando utilizas la aplicaci\u00f3n de Betsamuro en tu dispositivo, funciona m\u00e1s r\u00e1pido y es m\u00e1s f\u00e1cil de navegar que la visualizaci\u00f3n web habitual. Nuestra plataforma optimizada garantiza que los juegos se carguen r\u00e1pidamente y que los controles funcionen bien durante largas sesiones de juego.<\/p>\n<p>Las personas que utilizan las PWA reciben notificaciones push sobre ofertas y eventos directamente en sus navegadores. Para configurarla, solo tienes que ir a nuestra p\u00e1gina web y pulsar el bot\u00f3n \u00abInstalar\u00bb en la barra de direcciones. Con una \u00faltima confirmaci\u00f3n, la aplicaci\u00f3n de Betsamuro se a\u00f1adir\u00e1 a tu escritorio, desde donde podr\u00e1s acceder a ella en cualquier momento.<\/p>\n<p><img loading=\"lazy\" decoding=\"async\" class=\"alignnone size-full wp-image-1945\" src=\"https:\/\/bet-samuro.com\/wp-content\/uploads\/2026\/03\/Betsamuro-Application-for-PC.webp\" alt=\"Betsamuro Application for PC\" width=\"1248\" height=\"536\" srcset=\"https:\/\/bet-samuro.com\/wp-content\/uploads\/2026\/03\/Betsamuro-Application-for-PC.webp 1248w, https:\/\/bet-samuro.com\/wp-content\/uploads\/2026\/03\/Betsamuro-Application-for-PC-300x129.webp 300w, https:\/\/bet-samuro.com\/wp-content\/uploads\/2026\/03\/Betsamuro-Application-for-PC-1024x440.webp 1024w, https:\/\/bet-samuro.com\/wp-content\/uploads\/2026\/03\/Betsamuro-Application-for-PC-768x330.webp 768w\" sizes=\"auto, (max-width: 1248px) 100vw, 1248px\" \/><\/p>\n<\/div><\/div><div style=\"clear: both\"><\/div><div class=\"d-flex justify-content-center\"><button data-item=\"decouvrez_link\" data-group=\"website_links\" class=\"goto fw-bold rounded-pill btn btn-orange\" aria-label=\"Descarga la aplicaci\u00f3n Betsamuro\" >Descarga la aplicaci\u00f3n Betsamuro<\/button><\/div><div class=\"scrollable-content-wrap my-5\"><div class=\"scrollable-content-inner\"><h2>Caracter\u00edsticas de seguridad de la aplicaci\u00f3n<\/h2>\n<p>Nuestra aplicaci\u00f3n m\u00f3vil, a diferencia del APK de Bet Samuro, se puede instalar desde nuestro sitio web oficial sin necesidad de recurrir a fuentes de terceros. Esto significa que no hay riesgos asociados a la descarga desde fuentes externas. La aplicaci\u00f3n utiliza cifrado TLS 1.3 y protocolos HTTPS para todas las transferencias de datos, lo que supone el mismo nivel de seguridad que en nuestro sitio web. El programa no necesita ning\u00fan permiso adicional aparte del acceso normal al navegador, por lo que no se puede recopilar informaci\u00f3n personal sin tu consentimiento.<\/p>\n<h2>Preguntas frecuentes<\/h2>\n<h3>\u00bfPerder\u00e9 mi progreso en el juego si cambio entre la versi\u00f3n m\u00f3vil y la de ordenador?<\/h3>\n<p>No, el progreso que realices en tu cuenta de Betsamuro Casino se sincroniza al instante en todos tus dispositivos. Puedes cambiar f\u00e1cilmente entre la versi\u00f3n m\u00f3vil y la de ordenador, ya que tu historial de juego, los importes de los bonos y los puntos de fidelidad se mantienen iguales.<\/p>\n<h3>\u00bfPuedo usar la misma cuenta en m\u00e1s de un dispositivo al mismo tiempo?<\/h3>\n<p>S\u00ed, puedes iniciar sesi\u00f3n en tu cuenta de Betsamuro desde m\u00e1s de un dispositivo, pero no puedes hacerlo al mismo tiempo. Si inicias sesi\u00f3n en un dispositivo diferente, se cerrar\u00e1 autom\u00e1ticamente cualquier sesi\u00f3n que ya estuviera abierta. Esta medida de protecci\u00f3n evita que otras personas accedan a tu cuenta sin tu permiso y te permite cambiar f\u00e1cilmente entre tu tel\u00e9fono, tableta y ordenador.<\/p>\n<h3>\u00bfHay bonificaciones exclusivas para los jugadores que utilizan la aplicaci\u00f3n de Betsamuro?<\/h3>\n<p>S\u00ed, de vez en cuando ofrecemos promociones y bonos a los que solo se puede acceder a trav\u00e9s de la aplicaci\u00f3n. Las personas que descargan la PWA reciben notificaciones sobre tiradas gratis, bonificaciones por dep\u00f3sito y otras ofertas que quiz\u00e1 no vean quienes utilizan navegadores de ordenador.<\/p>\n<\/div><\/div><\/p>\n","protected":false},"excerpt":{"rendered":"<p>Plataforma m\u00f3vil de Betsamuro La Betsamuro app ofrece a todos los jugadores espa\u00f1oles una experiencia de juego mejorada en todos los dispositivos. La funcionalidad no difiere de la versi\u00f3n de escritorio. En nuestro casino m\u00f3vil, tendr\u00e1s acceso a una biblioteca completa de juegos, como las populares tragaperras online, una secci\u00f3n de crupieres en vivo y [&hellip;]<\/p>\n","protected":false},"author":1,"featured_media":0,"parent":0,"menu_order":0,"comment_status":"closed","ping_status":"closed","template":"template-builder.php","meta":{"_acf_changed":false,"inline_featured_image":false,"footnotes":""},"class_list":["post-1449","page","type-page","status-publish","hentry"],"acf":[],"yoast_head":"<!-- This site is optimized with the Yoast SEO plugin v27.3 - https:\/\/yoast.com\/product\/yoast-seo-wordpress\/ -->\n<title>Betsamuro Casino App Descargar | iOS, Android &amp; Escritorio<\/title>\n<meta name=\"description\" content=\"Betsamuro Casino App \u2013 descarga la aplicaci\u00f3n para iOS, Android y escritorio para jugar tragamonedas, juegos de mesa y casino en vivo en cualquier lugar. Disfruta de un rendimiento fluido y acceso completo a tu cuenta con Bet Samuro.\" \/>\n<meta name=\"robots\" content=\"index, follow, max-snippet:-1, max-image-preview:large, max-video-preview:-1\" \/>\n<link rel=\"canonical\" href=\"https:\/\/bet-samuro.com\/es\/aplicacion\/\" \/>\n<meta property=\"og:locale\" content=\"es_ES\" \/>\n<meta property=\"og:type\" content=\"article\" \/>\n<meta property=\"og:title\" content=\"Betsamuro Casino App Descargar | iOS, Android &amp; Escritorio\" \/>\n<meta property=\"og:description\" content=\"Betsamuro Casino App \u2013 descarga la aplicaci\u00f3n para iOS, Android y escritorio para jugar tragamonedas, juegos de mesa y casino en vivo en cualquier lugar. Disfruta de un rendimiento fluido y acceso completo a tu cuenta con Bet Samuro.\" \/>\n<meta property=\"og:url\" content=\"https:\/\/bet-samuro.com\/es\/aplicacion\/\" \/>\n<meta property=\"og:site_name\" content=\"betsamuro\" \/>\n<meta property=\"article:modified_time\" content=\"2026-03-24T07:56:47+00:00\" \/>\n<meta name=\"twitter:card\" content=\"summary_large_image\" \/>\n<meta name=\"twitter:label1\" content=\"Est. reading time\" \/>\n\t<meta name=\"twitter:data1\" content=\"1 minute\" \/>\n<script type=\"application\/ld+json\" class=\"yoast-schema-graph\">{\"@context\":\"https:\\\/\\\/schema.org\",\"@graph\":[{\"@type\":\"WebPage\",\"@id\":\"https:\\\/\\\/bet-samuro.com\\\/es\\\/aplicacion\\\/\",\"url\":\"https:\\\/\\\/bet-samuro.com\\\/es\\\/aplicacion\\\/\",\"name\":\"Betsamuro Casino App Descargar | iOS, Android & Escritorio\",\"isPartOf\":{\"@id\":\"https:\\\/\\\/bet-samuro.com\\\/es\\\/#website\"},\"datePublished\":\"2026-01-20T12:08:23+00:00\",\"dateModified\":\"2026-03-24T07:56:47+00:00\",\"description\":\"Betsamuro Casino App \u2013 descarga la aplicaci\u00f3n para iOS, Android y escritorio para jugar tragamonedas, juegos de mesa y casino en vivo en cualquier lugar. Disfruta de un rendimiento fluido y acceso completo a tu cuenta con Bet Samuro.\",\"breadcrumb\":{\"@id\":\"https:\\\/\\\/bet-samuro.com\\\/es\\\/aplicacion\\\/#breadcrumb\"},\"inLanguage\":\"es-ES\",\"potentialAction\":[{\"@type\":\"ReadAction\",\"target\":[\"https:\\\/\\\/bet-samuro.com\\\/es\\\/aplicacion\\\/\"]}]},{\"@type\":\"BreadcrumbList\",\"@id\":\"https:\\\/\\\/bet-samuro.com\\\/es\\\/aplicacion\\\/#breadcrumb\",\"itemListElement\":[{\"@type\":\"ListItem\",\"position\":1,\"name\":\"Betsamuro\",\"item\":\"https:\\\/\\\/bet-samuro.com\\\/es\\\/\"},{\"@type\":\"ListItem\",\"position\":2,\"name\":\"Aplicaci\u00f3n\"}]},{\"@type\":\"WebSite\",\"@id\":\"https:\\\/\\\/bet-samuro.com\\\/es\\\/#website\",\"url\":\"https:\\\/\\\/bet-samuro.com\\\/es\\\/\",\"name\":\"Betsamuro\",\"description\":\"\",\"publisher\":{\"@id\":\"https:\\\/\\\/bet-samuro.com\\\/es\\\/#organization\"},\"potentialAction\":[{\"@type\":\"SearchAction\",\"target\":{\"@type\":\"EntryPoint\",\"urlTemplate\":\"https:\\\/\\\/bet-samuro.com\\\/es\\\/?s={search_term_string}\"},\"query-input\":{\"@type\":\"PropertyValueSpecification\",\"valueRequired\":true,\"valueName\":\"search_term_string\"}}],\"inLanguage\":\"es-ES\"},{\"@type\":\"Organization\",\"@id\":\"https:\\\/\\\/bet-samuro.com\\\/es\\\/#organization\",\"name\":\"Betsamuro\",\"url\":\"https:\\\/\\\/bet-samuro.com\\\/es\\\/\",\"logo\":{\"@type\":\"ImageObject\",\"inLanguage\":\"es-ES\",\"@id\":\"https:\\\/\\\/bet-samuro.com\\\/es\\\/#\\\/schema\\\/logo\\\/image\\\/\",\"url\":\"https:\\\/\\\/bet-samuro.com\\\/wp-content\\\/uploads\\\/2026\\\/03\\\/betsamuro-logo.png\",\"contentUrl\":\"https:\\\/\\\/bet-samuro.com\\\/wp-content\\\/uploads\\\/2026\\\/03\\\/betsamuro-logo.png\",\"width\":150,\"height\":29,\"caption\":\"Betsamuro\"},\"image\":{\"@id\":\"https:\\\/\\\/bet-samuro.com\\\/es\\\/#\\\/schema\\\/logo\\\/image\\\/\"}}]}<\/script>\n<!-- \/ Yoast SEO plugin. -->","yoast_head_json":{"title":"Betsamuro Casino App Descargar | iOS, Android & Escritorio","description":"Betsamuro Casino App \u2013 descarga la aplicaci\u00f3n para iOS, Android y escritorio para jugar tragamonedas, juegos de mesa y casino en vivo en cualquier lugar. Disfruta de un rendimiento fluido y acceso completo a tu cuenta con Bet Samuro.","robots":{"index":"index","follow":"follow","max-snippet":"max-snippet:-1","max-image-preview":"max-image-preview:large","max-video-preview":"max-video-preview:-1"},"canonical":"https:\/\/bet-samuro.com\/es\/aplicacion\/","og_locale":"es_ES","og_type":"article","og_title":"Betsamuro Casino App Descargar | iOS, Android & Escritorio","og_description":"Betsamuro Casino App \u2013 descarga la aplicaci\u00f3n para iOS, Android y escritorio para jugar tragamonedas, juegos de mesa y casino en vivo en cualquier lugar. Disfruta de un rendimiento fluido y acceso completo a tu cuenta con Bet Samuro.","og_url":"https:\/\/bet-samuro.com\/es\/aplicacion\/","og_site_name":"betsamuro","article_modified_time":"2026-03-24T07:56:47+00:00","twitter_card":"summary_large_image","twitter_misc":{"Est. reading time":"1 minute"},"schema":{"@context":"https:\/\/schema.org","@graph":[{"@type":"WebPage","@id":"https:\/\/bet-samuro.com\/es\/aplicacion\/","url":"https:\/\/bet-samuro.com\/es\/aplicacion\/","name":"Betsamuro Casino App Descargar | iOS, Android & Escritorio","isPartOf":{"@id":"https:\/\/bet-samuro.com\/es\/#website"},"datePublished":"2026-01-20T12:08:23+00:00","dateModified":"2026-03-24T07:56:47+00:00","description":"Betsamuro Casino App \u2013 descarga la aplicaci\u00f3n para iOS, Android y escritorio para jugar tragamonedas, juegos de mesa y casino en vivo en cualquier lugar. Disfruta de un rendimiento fluido y acceso completo a tu cuenta con Bet Samuro.","breadcrumb":{"@id":"https:\/\/bet-samuro.com\/es\/aplicacion\/#breadcrumb"},"inLanguage":"es-ES","potentialAction":[{"@type":"ReadAction","target":["https:\/\/bet-samuro.com\/es\/aplicacion\/"]}]},{"@type":"BreadcrumbList","@id":"https:\/\/bet-samuro.com\/es\/aplicacion\/#breadcrumb","itemListElement":[{"@type":"ListItem","position":1,"name":"Betsamuro","item":"https:\/\/bet-samuro.com\/es\/"},{"@type":"ListItem","position":2,"name":"Aplicaci\u00f3n"}]},{"@type":"WebSite","@id":"https:\/\/bet-samuro.com\/es\/#website","url":"https:\/\/bet-samuro.com\/es\/","name":"Betsamuro","description":"","publisher":{"@id":"https:\/\/bet-samuro.com\/es\/#organization"},"potentialAction":[{"@type":"SearchAction","target":{"@type":"EntryPoint","urlTemplate":"https:\/\/bet-samuro.com\/es\/?s={search_term_string}"},"query-input":{"@type":"PropertyValueSpecification","valueRequired":true,"valueName":"search_term_string"}}],"inLanguage":"es-ES"},{"@type":"Organization","@id":"https:\/\/bet-samuro.com\/es\/#organization","name":"Betsamuro","url":"https:\/\/bet-samuro.com\/es\/","logo":{"@type":"ImageObject","inLanguage":"es-ES","@id":"https:\/\/bet-samuro.com\/es\/#\/schema\/logo\/image\/","url":"https:\/\/bet-samuro.com\/wp-content\/uploads\/2026\/03\/betsamuro-logo.png","contentUrl":"https:\/\/bet-samuro.com\/wp-content\/uploads\/2026\/03\/betsamuro-logo.png","width":150,"height":29,"caption":"Betsamuro"},"image":{"@id":"https:\/\/bet-samuro.com\/es\/#\/schema\/logo\/image\/"}}]}},"_links":{"self":[{"href":"https:\/\/bet-samuro.com\/es\/wp-json\/wp\/v2\/pages\/1449","targetHints":{"allow":["GET"]}}],"collection":[{"href":"https:\/\/bet-samuro.com\/es\/wp-json\/wp\/v2\/pages"}],"about":[{"href":"https:\/\/bet-samuro.com\/es\/wp-json\/wp\/v2\/types\/page"}],"author":[{"embeddable":true,"href":"https:\/\/bet-samuro.com\/es\/wp-json\/wp\/v2\/users\/1"}],"replies":[{"embeddable":true,"href":"https:\/\/bet-samuro.com\/es\/wp-json\/wp\/v2\/comments?post=1449"}],"version-history":[{"count":3,"href":"https:\/\/bet-samuro.com\/es\/wp-json\/wp\/v2\/pages\/1449\/revisions"}],"predecessor-version":[{"id":2077,"href":"https:\/\/bet-samuro.com\/es\/wp-json\/wp\/v2\/pages\/1449\/revisions\/2077"}],"wp:attachment":[{"href":"https:\/\/bet-samuro.com\/es\/wp-json\/wp\/v2\/media?parent=1449"}],"curies":[{"name":"wp","href":"https:\/\/api.w.org\/{rel}","templated":true}]}}