{"id":1483,"date":"2026-01-20T12:11:11","date_gmt":"2026-01-20T12:11:11","guid":{"rendered":"https:\/\/bonuskongcasino.com\/login-and-registration\/"},"modified":"2026-03-24T06:32:36","modified_gmt":"2026-03-24T06:32:36","slug":"anmeldung-und-registrierung","status":"publish","type":"page","link":"https:\/\/bet-samuro.com\/de\/anmeldung-und-registrierung\/","title":{"rendered":"Anmeldung und Registrierung"},"content":{"rendered":"<h1>Betsamuro Anmeldung und Registrierung<\/h1>\n<p>Der Betsamuro Login Prozess ist so einfach und \u00fcbersichtlich wie m\u00f6glich gestaltet, damit du schnell mit dem Spielen beginnen kannst. Melde dich an, um aktuelle Aktionen zu sehen, an neuen Missionen teilzunehmen und alle Funktionen unserer Plattform freizuschalten. Wenn du dich noch nicht registriert hast, kannst du dies im selben Fenster tun. Bitte beachte, dass dieser Vorgang nur f\u00fcr Personen bestimmt ist, die vollj\u00e4hrig sind.<\/p>\n<p><div class=\"banner-wrap\" aria-label=\"Banner\"><img src=\"https:\/\/bet-samuro.com\/wp-content\/uploads\/2026\/03\/banner-desktop.webp\" class=\"w-100 d-none d-lg-block img-pc main-banner-img\" alt=\"betsamuro bonus desktop\" fetchpriority=\"high\" decoding=\"async\"><img src=\"https:\/\/bet-samuro.com\/wp-content\/uploads\/2026\/03\/banner-mobile.webp\" class=\"w-100 d-none d-md-block d-lg-none main-banner-img\" alt=\"betsamuro bonus mobile\" fetchpriority=\"high\" decoding=\"async\"><img src=\"https:\/\/bet-samuro.com\/wp-content\/uploads\/2026\/03\/banner-mobile.webp\" class=\"w-100 d-md-none\" alt=\"betsamuro bonus mobile\" fetchpriority=\"high\" decoding=\"async\"><div class=\"banner-description\">\n<div class=\"banner-title\">Willkommensboni<\/div>\n<p class=\"banner-header-title\">1500 \u20ac<\/p>\n<div class=\"banner-header-AdditionalText\">+ 250 Freispiele<\/div>\n<button data-item=\"homepage_banner_link\" class=\"goto m-button m-gradient-border m-button--primary m-button--large banner-button btn-orange\">\n            <div class=\"m-button-content\">\n                <span>Jetzt anmelden<\/span>\n                <span><\/span>\n            <\/div>\n        <\/button>\n<\/div>\n<div class=\"WelcomePack\">\n<p><img loading=\"lazy\" decoding=\"async\" class=\"alignnone size-full wp-image-1853\" src=\"https:\/\/bet-samuro.com\/wp-content\/uploads\/2026\/03\/welcome-crown.png\" alt=\"crown\" width=\"25\" height=\"26\" \/><\/p>\n<div class=\"WelcomePack-Info\">W\u00f6chentlicher Cashback von bis zu 25 %<\/div>\n<p><img loading=\"lazy\" decoding=\"async\" class=\"alignnone size-full wp-image-1853\" src=\"https:\/\/bet-samuro.com\/wp-content\/uploads\/2026\/03\/welcome-crown.png\" alt=\"crown\" width=\"25\" height=\"26\" \/><\/p>\n<\/div>\n<\/div><div class=\"scrollable-content-wrap my-5\"><div class=\"scrollable-content-inner\"><h2>Registrieren bei Bet Samuro Casino<\/h2>\n<p>Wenn Sie ein neues Betsamuro Konto er\u00f6ffnen, erhalten Sie vollen Zugriff auf alle Funktionen der Website, darunter Ein- und Auszahlungen, Werbeaktionen und vieles mehr. Sie k\u00f6nnen auch Ihr pers\u00f6nliches Konto aufrufen, wo Ihnen Tools f\u00fcr verantwortungsbewusstes Spielen, ein Treueprogramm und vieles mehr zur Verf\u00fcgung stehen.<\/p>\n<h3>So richten Sie Ihr Konto ein<\/h3>\n<p>Um ein Betsamuro Casino Konto zu erstellen, befolgen Sie ein paar einfache Schritte:<\/p>\n<ol>\n<li>Klicken Sie auf der Startseite auf die Schaltfl\u00e4che \u201eRegistrieren\u201c, um zum Anmeldeformular zu gelangen.<\/li>\n<li>W\u00e4hlen Sie ein Passwort und geben Sie Ihre E-Mail-Adresse ein.<\/li>\n<li>Verwenden Sie einen Promo-Code, falls Sie einen haben.<\/li>\n<li>Stellen Sie sicher, dass Sie mindestens 18 Jahre alt sind und den Regeln zustimmen.<\/li>\n<\/ol>\n<p>Das ist alles. Nach der Registrierung kannst du au\u00dferdem ein Willkommenspaket von bis zu 1.500 \u20ac + 250 Freispielen erhalten. T\u00e4tige einfach deine erste Einzahlung und mache dich mit den Bonusbedingungen vertraut.<\/p>\n<h2>So melden Sie sich an und verwalten Ihr Profil<\/h2>\n<p>Nachdem Sie das Anmeldeformular ausgef\u00fcllt haben, m\u00fcssen Sie den Anmeldevorgang bei Bet Samuro durchlaufen. Auch das ist ganz einfach. Hier sind die Schritte: Klicken Sie oben rechts auf der Seite auf die Schaltfl\u00e4che \u201eAnmelden\u201c und geben Sie die Daten ein, die Sie bei der Registrierung verwendet haben. \u00dcberpr\u00fcfen Sie alles sorgf\u00e4ltig und klicken Sie auf den Best\u00e4tigungslink am Ende des Formulars.<\/p>\n<p>Nach der Anmeldung nutzen Sie alle Funktionen Ihres pers\u00f6nlichen Kontos. Dort bearbeiten Sie Ihre pers\u00f6nlichen Daten, richten den Erhalt von Bonusbenachrichtigungen ein und erledigen vieles mehr. Ein Empfehlungslink steht im Profil bereit, wenn Ihr Freund bei Betsamuro Casino mitspielen m\u00f6chte. Teilen Sie den Link, und Sie und Ihr Freund erhalten eine Belohnung, sobald alle notwendigen Bedingungen erf\u00fcllt sind.<\/p>\n<h3>Nutzen Sie Tools f\u00fcr verantwortungsbewusstes Spielen<\/h3>\n<p>Damit das Spiel Spa\u00df macht und keine Probleme verursacht, k\u00f6nnen Sie die von Betsamuro Casino bereitgestellten Tools f\u00fcr verantwortungsbewusstes Spielen nutzen. Mit deren Hilfe k\u00f6nnen Sie Ihr Spielverhalten vollst\u00e4ndig kontrollieren und fundierte Entscheidungen treffen. Sollte das Spiel bereits Probleme verursachen, sollten Sie sich an spezielle Organisationen wie Gamblers Anonymous oder Gambling Therapy wenden.<\/p>\n<table>\n<tbody>\n<tr>\n<td>Tool<\/td>\n<td>Beschreibung<\/td>\n<\/tr>\n<tr>\n<td>Einzahlungslimits<\/td>\n<td>Begrenzen Sie, wie viel Sie t\u00e4glich, w\u00f6chentlich oder monatlich einzahlen k\u00f6nnen, um Ihre Ausgaben besser zu kontrollieren.<\/td>\n<\/tr>\n<tr>\n<td>Verlustlimits<\/td>\n<td>Begrenzen Sie potenzielle Verluste innerhalb bestimmter Zeitr\u00e4ume und lassen Sie das Spiel automatisch stoppen, sobald die festgelegte Verlustschwelle erreicht ist.<\/td>\n<\/tr>\n<tr>\n<td>Einsatzlimits<\/td>\n<td>Kontrollieren Sie Ihre gesamten Wettaktivit\u00e4ten, indem Sie den Einsatzbetrag \u00fcber mehrere Sitzungen hinweg begrenzen und so \u00fcberm\u00e4\u00dfiges Spielen innerhalb gew\u00e4hlter Zeitr\u00e4ume verhindern.<\/td>\n<\/tr>\n<tr>\n<td>Sitzungslimits<\/td>\n<td>Legen Sie ein Zeitlimit fest, wie lange Sie spielen d\u00fcrfen. Wenn Sie dieses Limit erreichen, beendet das System das Spiel automatisch oder zwingt Sie zu einer Pause.<\/td>\n<\/tr>\n<\/tbody>\n<\/table>\n<h3>Was tun, wenn Sie Ihre Anmeldedaten vergessen haben<\/h3>\n<p>Wir senden die Passwort-Zur\u00fccksetzung an die E-Mail-Adresse, die Sie bei der Registrierung angegeben haben. Klicken Sie unter dem Betsamuro Anmeldeformular auf \u201ePasswort vergessen?\u201c. Wir senden daraufhin eine Nachricht an die mit Ihrem Konto verkn\u00fcpfte Adresse. \u00d6ffnen Sie diese, legen Sie ein neues Passwort fest und melden Sie sich erneut an. Das alte Passwort ist nicht mehr g\u00fcltig. Sollte das Verfahren nicht helfen, k\u00f6nnen Sie jederzeit mehrsprachigen Support von unserem Team erhalten.<\/p>\n<p><img loading=\"lazy\" decoding=\"async\" class=\"alignnone size-full wp-image-1949\" src=\"https:\/\/bet-samuro.com\/wp-content\/uploads\/2026\/03\/Betsamuro-Login-Page.webp\" alt=\"Betsamuro Login Page\" width=\"1248\" height=\"536\" srcset=\"https:\/\/bet-samuro.com\/wp-content\/uploads\/2026\/03\/Betsamuro-Login-Page.webp 1248w, https:\/\/bet-samuro.com\/wp-content\/uploads\/2026\/03\/Betsamuro-Login-Page-300x129.webp 300w, https:\/\/bet-samuro.com\/wp-content\/uploads\/2026\/03\/Betsamuro-Login-Page-1024x440.webp 1024w, https:\/\/bet-samuro.com\/wp-content\/uploads\/2026\/03\/Betsamuro-Login-Page-768x330.webp 768w\" sizes=\"auto, (max-width: 1248px) 100vw, 1248px\" \/><\/p>\n<h2>So schlie\u00dfen Sie die Kontoverifizierung ab<\/h2>\n<p>Vor der ersten \u00dcberweisung stellt der Verifizierungsprozess bei Bet Samuro sicher, dass das Konto sicher ist und Sie die Regeln einhalten. Sie k\u00f6nnen Ihr Konto verifizieren, indem Sie in Ihren Profileinstellungen klare Fotos Ihres amtlichen Ausweises und eines aktuellen Adressnachweises, wie z. B. einer Stromrechnung, hochladen.<\/p>\n<p>Unser Team pr\u00fcft die Unterlagen innerhalb von 48 Stunden und benachrichtigt Sie per E-Mail, sobald alles in Ordnung ist. Sobald Sie den Anmeldeprozess bei Betsamuro abgeschlossen haben, k\u00f6nnen Sie vollst\u00e4ndige Auszahlungen vornehmen, und Ihr Konto ist insgesamt sicherer.<\/p>\n<h2>FAQ<\/h2>\n<h3>Kann ich meine bei Betsamuro registrierte E-Mail-Adresse \u00e4ndern?<\/h3>\n<p>Ja, du kannst deine E-Mail-Adresse auf unserer Plattform \u00e4ndern. Nutze einfach den Live-Chat, um mit unserem Support-Team zu sprechen. Um die Sicherheit deines Kontos zu gew\u00e4hrleisten, musst du deine Identit\u00e4t nachweisen, indem du Kontoinformationen angibst und Sicherheitsfragen beantwortest. Nach der Best\u00e4tigung wird die neue E-Mail-Adresse f\u00fcr alle zuk\u00fcnftigen Kontakte und den Anmeldevorgang bei Betsamuro verwendet.<\/p>\n<h3>Ist es m\u00f6glich, mehrere Konten bei Bet Samuro Casino zu haben?<\/h3>\n<p>Nein, Bet Samuro erlaubt nicht mehr als ein Konto pro Spieler, Haushalt oder IP-Adresse. W\u00e4hrend des Verifizierungsprozesses erkennt unser System mehrere Identit\u00e4ten. Wenn wir dies feststellen, schlie\u00dfen wir die Konten sofort und erstatten alle Gelder gem\u00e4\u00df den Bedingungen zur\u00fcck.<\/p>\n<h3>Was soll ich tun, wenn ich den Verdacht habe, dass jemand unbefugt auf mein Konto zugegriffen hat?<\/h3>\n<p>Sollten Sie verd\u00e4chtige Aktivit\u00e4ten bemerken, wenden Sie sich bitte umgehend an unseren rund um die Uhr erreichbaren Kundendienst bei Betsamuro Casino. Wir werden Ihr Konto vor\u00fcbergehend sperren, Ihre letzten Transaktionen \u00fcberpr\u00fcfen und Ihnen dabei helfen, Ihr Passwort zu \u00e4ndern und die Zwei Faktor Authentifizierung zu aktivieren, um zu verhindern, dass andere Personen ohne Ihre Erlaubnis auf Ihr Konto zugreifen k\u00f6nnen.<\/p>\n<\/div><\/div><\/p>\n","protected":false},"excerpt":{"rendered":"<p>Betsamuro Anmeldung und Registrierung Der Betsamuro Login Prozess ist so einfach und \u00fcbersichtlich wie m\u00f6glich gestaltet, damit du schnell mit dem Spielen beginnen kannst. Melde dich an, um aktuelle Aktionen zu sehen, an neuen Missionen teilzunehmen und alle Funktionen unserer Plattform freizuschalten. Wenn du dich noch nicht registriert hast, kannst du dies im selben Fenster [&hellip;]<\/p>\n","protected":false},"author":1,"featured_media":0,"parent":0,"menu_order":0,"comment_status":"closed","ping_status":"closed","template":"template-builder.php","meta":{"_acf_changed":false,"inline_featured_image":false,"footnotes":""},"class_list":["post-1483","page","type-page","status-publish","hentry"],"acf":[],"yoast_head":"<!-- This site is optimized with the Yoast SEO plugin v27.3 - https:\/\/yoast.com\/product\/yoast-seo-wordpress\/ -->\n<title>Betsamuro Casino Login &amp; Registrierung | Sicherer Zugang<\/title>\n<meta name=\"description\" content=\"Betsamuro Casino Login \u2013 melde dich sicher an oder erstelle dein Konto in Sekunden mit verschl\u00fcsseltem Zugang und schneller Verifizierung. Verwalte Passwortwiederherstellung, Profileinstellungen und Kontofunktionen einfach bei Bet Samuro.\" \/>\n<meta name=\"robots\" content=\"index, follow, max-snippet:-1, max-image-preview:large, max-video-preview:-1\" \/>\n<link rel=\"canonical\" href=\"https:\/\/bet-samuro.com\/de\/anmeldung-und-registrierung\/\" \/>\n<meta property=\"og:locale\" content=\"de_DE\" \/>\n<meta property=\"og:type\" content=\"article\" \/>\n<meta property=\"og:title\" content=\"Betsamuro Casino Login &amp; Registrierung | Sicherer Zugang\" \/>\n<meta property=\"og:description\" content=\"Betsamuro Casino Login \u2013 melde dich sicher an oder erstelle dein Konto in Sekunden mit verschl\u00fcsseltem Zugang und schneller Verifizierung. Verwalte Passwortwiederherstellung, Profileinstellungen und Kontofunktionen einfach bei Bet Samuro.\" \/>\n<meta property=\"og:url\" content=\"https:\/\/bet-samuro.com\/de\/anmeldung-und-registrierung\/\" \/>\n<meta property=\"og:site_name\" content=\"betsamuro\" \/>\n<meta property=\"article:modified_time\" content=\"2026-03-24T06:32:36+00:00\" \/>\n<meta name=\"twitter:card\" content=\"summary_large_image\" \/>\n<meta name=\"twitter:label1\" content=\"Gesch\u00e4tzte Lesezeit\" \/>\n\t<meta name=\"twitter:data1\" content=\"1\u00a0Minute\" \/>\n<script type=\"application\/ld+json\" class=\"yoast-schema-graph\">{\"@context\":\"https:\\\/\\\/schema.org\",\"@graph\":[{\"@type\":\"WebPage\",\"@id\":\"https:\\\/\\\/bet-samuro.com\\\/de\\\/anmeldung-und-registrierung\\\/\",\"url\":\"https:\\\/\\\/bet-samuro.com\\\/de\\\/anmeldung-und-registrierung\\\/\",\"name\":\"Betsamuro Casino Login & Registrierung | Sicherer Zugang\",\"isPartOf\":{\"@id\":\"https:\\\/\\\/bet-samuro.com\\\/de\\\/#website\"},\"datePublished\":\"2026-01-20T12:11:11+00:00\",\"dateModified\":\"2026-03-24T06:32:36+00:00\",\"description\":\"Betsamuro Casino Login \u2013 melde dich sicher an oder erstelle dein Konto in Sekunden mit verschl\u00fcsseltem Zugang und schneller Verifizierung. Verwalte Passwortwiederherstellung, Profileinstellungen und Kontofunktionen einfach bei Bet Samuro.\",\"breadcrumb\":{\"@id\":\"https:\\\/\\\/bet-samuro.com\\\/de\\\/anmeldung-und-registrierung\\\/#breadcrumb\"},\"inLanguage\":\"de\",\"potentialAction\":[{\"@type\":\"ReadAction\",\"target\":[\"https:\\\/\\\/bet-samuro.com\\\/de\\\/anmeldung-und-registrierung\\\/\"]}]},{\"@type\":\"BreadcrumbList\",\"@id\":\"https:\\\/\\\/bet-samuro.com\\\/de\\\/anmeldung-und-registrierung\\\/#breadcrumb\",\"itemListElement\":[{\"@type\":\"ListItem\",\"position\":1,\"name\":\"Betsamuro\",\"item\":\"https:\\\/\\\/bet-samuro.com\\\/de\\\/\"},{\"@type\":\"ListItem\",\"position\":2,\"name\":\"Anmeldung und Registrierung\"}]},{\"@type\":\"WebSite\",\"@id\":\"https:\\\/\\\/bet-samuro.com\\\/de\\\/#website\",\"url\":\"https:\\\/\\\/bet-samuro.com\\\/de\\\/\",\"name\":\"Betsamuro\",\"description\":\"\",\"publisher\":{\"@id\":\"https:\\\/\\\/bet-samuro.com\\\/de\\\/#organization\"},\"potentialAction\":[{\"@type\":\"SearchAction\",\"target\":{\"@type\":\"EntryPoint\",\"urlTemplate\":\"https:\\\/\\\/bet-samuro.com\\\/de\\\/?s={search_term_string}\"},\"query-input\":{\"@type\":\"PropertyValueSpecification\",\"valueRequired\":true,\"valueName\":\"search_term_string\"}}],\"inLanguage\":\"de\"},{\"@type\":\"Organization\",\"@id\":\"https:\\\/\\\/bet-samuro.com\\\/de\\\/#organization\",\"name\":\"Betsamuro\",\"url\":\"https:\\\/\\\/bet-samuro.com\\\/de\\\/\",\"logo\":{\"@type\":\"ImageObject\",\"inLanguage\":\"de\",\"@id\":\"https:\\\/\\\/bet-samuro.com\\\/de\\\/#\\\/schema\\\/logo\\\/image\\\/\",\"url\":\"https:\\\/\\\/bet-samuro.com\\\/wp-content\\\/uploads\\\/2026\\\/03\\\/betsamuro-logo.png\",\"contentUrl\":\"https:\\\/\\\/bet-samuro.com\\\/wp-content\\\/uploads\\\/2026\\\/03\\\/betsamuro-logo.png\",\"width\":150,\"height\":29,\"caption\":\"Betsamuro\"},\"image\":{\"@id\":\"https:\\\/\\\/bet-samuro.com\\\/de\\\/#\\\/schema\\\/logo\\\/image\\\/\"}}]}<\/script>\n<!-- \/ Yoast SEO plugin. -->","yoast_head_json":{"title":"Betsamuro Casino Login & Registrierung | Sicherer Zugang","description":"Betsamuro Casino Login \u2013 melde dich sicher an oder erstelle dein Konto in Sekunden mit verschl\u00fcsseltem Zugang und schneller Verifizierung. Verwalte Passwortwiederherstellung, Profileinstellungen und Kontofunktionen einfach bei Bet Samuro.","robots":{"index":"index","follow":"follow","max-snippet":"max-snippet:-1","max-image-preview":"max-image-preview:large","max-video-preview":"max-video-preview:-1"},"canonical":"https:\/\/bet-samuro.com\/de\/anmeldung-und-registrierung\/","og_locale":"de_DE","og_type":"article","og_title":"Betsamuro Casino Login & Registrierung | Sicherer Zugang","og_description":"Betsamuro Casino Login \u2013 melde dich sicher an oder erstelle dein Konto in Sekunden mit verschl\u00fcsseltem Zugang und schneller Verifizierung. Verwalte Passwortwiederherstellung, Profileinstellungen und Kontofunktionen einfach bei Bet Samuro.","og_url":"https:\/\/bet-samuro.com\/de\/anmeldung-und-registrierung\/","og_site_name":"betsamuro","article_modified_time":"2026-03-24T06:32:36+00:00","twitter_card":"summary_large_image","twitter_misc":{"Gesch\u00e4tzte Lesezeit":"1\u00a0Minute"},"schema":{"@context":"https:\/\/schema.org","@graph":[{"@type":"WebPage","@id":"https:\/\/bet-samuro.com\/de\/anmeldung-und-registrierung\/","url":"https:\/\/bet-samuro.com\/de\/anmeldung-und-registrierung\/","name":"Betsamuro Casino Login & Registrierung | Sicherer Zugang","isPartOf":{"@id":"https:\/\/bet-samuro.com\/de\/#website"},"datePublished":"2026-01-20T12:11:11+00:00","dateModified":"2026-03-24T06:32:36+00:00","description":"Betsamuro Casino Login \u2013 melde dich sicher an oder erstelle dein Konto in Sekunden mit verschl\u00fcsseltem Zugang und schneller Verifizierung. Verwalte Passwortwiederherstellung, Profileinstellungen und Kontofunktionen einfach bei Bet Samuro.","breadcrumb":{"@id":"https:\/\/bet-samuro.com\/de\/anmeldung-und-registrierung\/#breadcrumb"},"inLanguage":"de","potentialAction":[{"@type":"ReadAction","target":["https:\/\/bet-samuro.com\/de\/anmeldung-und-registrierung\/"]}]},{"@type":"BreadcrumbList","@id":"https:\/\/bet-samuro.com\/de\/anmeldung-und-registrierung\/#breadcrumb","itemListElement":[{"@type":"ListItem","position":1,"name":"Betsamuro","item":"https:\/\/bet-samuro.com\/de\/"},{"@type":"ListItem","position":2,"name":"Anmeldung und Registrierung"}]},{"@type":"WebSite","@id":"https:\/\/bet-samuro.com\/de\/#website","url":"https:\/\/bet-samuro.com\/de\/","name":"Betsamuro","description":"","publisher":{"@id":"https:\/\/bet-samuro.com\/de\/#organization"},"potentialAction":[{"@type":"SearchAction","target":{"@type":"EntryPoint","urlTemplate":"https:\/\/bet-samuro.com\/de\/?s={search_term_string}"},"query-input":{"@type":"PropertyValueSpecification","valueRequired":true,"valueName":"search_term_string"}}],"inLanguage":"de"},{"@type":"Organization","@id":"https:\/\/bet-samuro.com\/de\/#organization","name":"Betsamuro","url":"https:\/\/bet-samuro.com\/de\/","logo":{"@type":"ImageObject","inLanguage":"de","@id":"https:\/\/bet-samuro.com\/de\/#\/schema\/logo\/image\/","url":"https:\/\/bet-samuro.com\/wp-content\/uploads\/2026\/03\/betsamuro-logo.png","contentUrl":"https:\/\/bet-samuro.com\/wp-content\/uploads\/2026\/03\/betsamuro-logo.png","width":150,"height":29,"caption":"Betsamuro"},"image":{"@id":"https:\/\/bet-samuro.com\/de\/#\/schema\/logo\/image\/"}}]}},"_links":{"self":[{"href":"https:\/\/bet-samuro.com\/de\/wp-json\/wp\/v2\/pages\/1483","targetHints":{"allow":["GET"]}}],"collection":[{"href":"https:\/\/bet-samuro.com\/de\/wp-json\/wp\/v2\/pages"}],"about":[{"href":"https:\/\/bet-samuro.com\/de\/wp-json\/wp\/v2\/types\/page"}],"author":[{"embeddable":true,"href":"https:\/\/bet-samuro.com\/de\/wp-json\/wp\/v2\/users\/1"}],"replies":[{"embeddable":true,"href":"https:\/\/bet-samuro.com\/de\/wp-json\/wp\/v2\/comments?post=1483"}],"version-history":[{"count":3,"href":"https:\/\/bet-samuro.com\/de\/wp-json\/wp\/v2\/pages\/1483\/revisions"}],"predecessor-version":[{"id":2047,"href":"https:\/\/bet-samuro.com\/de\/wp-json\/wp\/v2\/pages\/1483\/revisions\/2047"}],"wp:attachment":[{"href":"https:\/\/bet-samuro.com\/de\/wp-json\/wp\/v2\/media?parent=1483"}],"curies":[{"name":"wp","href":"https:\/\/api.w.org\/{rel}","templated":true}]}}