{"id":1442,"date":"2026-01-20T12:08:23","date_gmt":"2026-01-20T12:08:23","guid":{"rendered":"https:\/\/bonuskongcasino.com\/app-2\/"},"modified":"2026-03-24T06:24:39","modified_gmt":"2026-03-24T06:24:39","slug":"app","status":"publish","type":"page","link":"https:\/\/bet-samuro.com\/de\/app\/","title":{"rendered":"App"},"content":{"rendered":"<h1>Betsamuro Mobile Plattform<\/h1>\n<p>Die Betsamuro App bietet ein verbessertes Spielerlebnis auf allen Ger\u00e4ten. Die Funktionalit\u00e4t unterscheidet sich nicht von der Desktop-Version. In unserem mobilen Casino erhalten Sie Zugriff auf eine vollst\u00e4ndige Spielebibliothek, darunter beliebte Online Slots, einen Live-Dealer-Bereich und vieles mehr. Die Geschwindigkeit der mobilen Version und die M\u00f6glichkeit, unterwegs zu spielen, heben Ihr Spielerlebnis auf ein ganz neues Niveau. Die Betsamuro App ist kostenlos und funktioniert sowohl auf iOS- als auch auf Android-Ger\u00e4ten. Sie k\u00f6nnen sie auch auf Ihrem Desktop nutzen.<\/p>\n<p><div class=\"banner-wrap\" aria-label=\"Banner\"><img src=\"https:\/\/bet-samuro.com\/wp-content\/uploads\/2026\/03\/banner-desktop.webp\" class=\"w-100 d-none d-lg-block img-pc main-banner-img\" alt=\"betsamuro bonus desktop\" fetchpriority=\"high\" decoding=\"async\"><img src=\"https:\/\/bet-samuro.com\/wp-content\/uploads\/2026\/03\/banner-mobile.webp\" class=\"w-100 d-none d-md-block d-lg-none main-banner-img\" alt=\"betsamuro bonus mobile\" fetchpriority=\"high\" decoding=\"async\"><img src=\"https:\/\/bet-samuro.com\/wp-content\/uploads\/2026\/03\/banner-mobile.webp\" class=\"w-100 d-md-none\" alt=\"betsamuro bonus mobile\" fetchpriority=\"high\" decoding=\"async\"><div class=\"banner-description\">\n<div class=\"banner-title\">Willkommensboni<\/div>\n<p class=\"banner-header-title\">1500 \u20ac<\/p>\n<div class=\"banner-header-AdditionalText\">+ 250 Freispiele<\/div>\n<button data-item=\"homepage_banner_link\" class=\"goto m-button m-gradient-border m-button--primary m-button--large banner-button btn-orange\">\n            <div class=\"m-button-content\">\n                <span>Jetzt anmelden<\/span>\n                <span><\/span>\n            <\/div>\n        <\/button>\n<\/div>\n<div class=\"WelcomePack\">\n<p><img loading=\"lazy\" decoding=\"async\" class=\"alignnone size-full wp-image-1853\" src=\"https:\/\/bet-samuro.com\/wp-content\/uploads\/2026\/03\/welcome-crown.png\" alt=\"crown\" width=\"25\" height=\"26\" \/><\/p>\n<div class=\"WelcomePack-Info\">W\u00f6chentlicher Cashback von bis zu 25 %<\/div>\n<p><img loading=\"lazy\" decoding=\"async\" class=\"alignnone size-full wp-image-1853\" src=\"https:\/\/bet-samuro.com\/wp-content\/uploads\/2026\/03\/welcome-crown.png\" alt=\"crown\" width=\"25\" height=\"26\" \/><\/p>\n<\/div>\n<\/div><div class=\"scrollable-content-wrap my-5\"><div class=\"scrollable-content-inner\"><h2>Vorteile der Betsamuro App<\/h2>\n<p>Bei der Entwicklung der Betsamuro App dachten wir dar\u00fcber nach, wie wir alle Vorteile der Desktop-Website in einer mobilen Version bewahren k\u00f6nnen. Deshalb haben wir alle Funktionen sorgf\u00e4ltig in die mobile Software \u00fcbertragen. Die Einrichtung der Progressive Web App (PWA) \u00fcber den Browser statt \u00fcber den App-Store spart Speicherplatz auf dem Ger\u00e4t. Push-Benachrichtigungen informieren die Spieler sofort \u00fcber neue Events und Aktionen. Wir haben die Vorteile der Betsamuro-App gegen\u00fcber der Browser-Version verglichen und k\u00f6nnen Folgendes hervorheben:<\/p>\n<table>\n<tbody>\n<tr>\n<td>Vorteil<\/td>\n<td>Beschreibung<\/td>\n<\/tr>\n<tr>\n<td>Sofortiger Download<\/td>\n<td>Keine Ressourcen von Drittanbietern, direkt \u00fcber den Browser.<\/td>\n<\/tr>\n<tr>\n<td>Minimaler Speicherbedarf<\/td>\n<td>Die PWA-Technologie spart Speicherplatz auf Ihrem Ger\u00e4t.<\/td>\n<\/tr>\n<tr>\n<td>Push-Benachrichtigungen<\/td>\n<td>Echtzeit-Updates zu Aktionen und Veranstaltungen<\/td>\n<\/tr>\n<tr>\n<td>Schnelleres Laden<\/td>\n<td>Optimierte Leistung f\u00fcr den Zugriff von unterwegs<\/td>\n<\/tr>\n<\/tbody>\n<\/table>\n<p><img loading=\"lazy\" decoding=\"async\" class=\"alignnone size-full wp-image-1925\" src=\"https:\/\/bet-samuro.com\/wp-content\/uploads\/2026\/03\/Betsamuro-Casino-for-Android.webp\" alt=\"Betsamuro Casino for Android\" width=\"1248\" height=\"536\" srcset=\"https:\/\/bet-samuro.com\/wp-content\/uploads\/2026\/03\/Betsamuro-Casino-for-Android.webp 1248w, https:\/\/bet-samuro.com\/wp-content\/uploads\/2026\/03\/Betsamuro-Casino-for-Android-300x129.webp 300w, https:\/\/bet-samuro.com\/wp-content\/uploads\/2026\/03\/Betsamuro-Casino-for-Android-1024x440.webp 1024w, https:\/\/bet-samuro.com\/wp-content\/uploads\/2026\/03\/Betsamuro-Casino-for-Android-768x330.webp 768w\" sizes=\"auto, (max-width: 1248px) 100vw, 1248px\" \/><\/p>\n<\/div><\/div><div style=\"clear: both\"><\/div><div class=\"d-flex justify-content-center\"><button data-item=\"decouvrez_link\" data-group=\"website_links\" class=\"goto fw-bold rounded-pill btn btn-orange\" aria-label=\"Laden Sie die Betsamuro-App herunter\" >Laden Sie die Betsamuro-App herunter<\/button><\/div><div class=\"scrollable-content-wrap my-5\"><div class=\"scrollable-content-inner\"><h2>So spielen Sie Bet Samuro auf Mobilger\u00e4ten<\/h2>\n<p>Nutzer k\u00f6nnen \u00fcber unsere Progressive Web-App auf das Bet Samuro Casino zugreifen. Wir haben sie f\u00fcr einen reibungslosen Betrieb auf iOS- und Android-Ger\u00e4ten entwickelt. Die PWA installierst du direkt \u00fcber den Browser. Eine Genehmigung durch den App-Store ist daher nicht n\u00f6tig. Sie funktioniert wie native Software und erf\u00fcllt moderne Sicherheitsstandards. Beim Laden \u00f6ffnet sich das Programm im Vollbildmodus und ist f\u00fcr Touchscreens optimiert.<\/p>\n<h3>Schritt-f\u00fcr-Schritt-Anleitung zur Installation der iOS-App<\/h3>\n<p>Um das Betsamuro Casino auf dein iPhone oder iPad zu laden, befolge einfach diese einfachen Schritte:<\/p>\n<ol>\n<li>\u00d6ffnen Sie den Safari-Browser und rufen Sie unsere offizielle Website auf.<\/li>\n<li>Tippen Sie unten auf dem Bildschirm auf die Schaltfl\u00e4che \u201eTeilen\u201c.<\/li>\n<li>Scrolle dann nach unten und tippe auf \u201eZum Startbildschirm hinzuf\u00fcgen\u201c.<\/li>\n<li>W\u00e4hlen Sie einen Namen f\u00fcr die App oder belassen Sie ihn wie er ist. Tippen Sie dann oben rechts auf \u201eHinzuf\u00fcgen\u201c.<\/li>\n<\/ol>\n<p>Jetzt befindet sich das BetSamuro-Symbol auf Ihrem Startbildschirm. Melden Sie sich in Ihrem Konto an und stellen Sie sicher, dass Sie den Verifizierungsprozess durchlaufen haben. Nutzen Sie dann eine beliebige Zahlungsmethode, um eine Einzahlung zu t\u00e4tigen und mit dem Spielen zu beginnen. Bei Problemen mit einem der oben genannten Schritte k\u00f6nnen Sie sich jederzeit \u00fcber den Live-Chat an unser Support-Team wenden.<\/p>\n<h3>Herunterladen und Verwenden der App auf Android<\/h3>\n<p>Android-Nutzer k\u00f6nnen die Betsamuro Casino PWA \u00fcber ihren Browser einrichten. Der Vorgang ist fast identisch mit dem auf iOS-Ger\u00e4ten und erfordert keinen Besuch im Google Play Store. \u00d6ffne unsere Website in deinem Browser, tippe auf das Drei-Punkte-Men\u00fc und w\u00e4hle die Schaltfl\u00e4che \u201eZum Startbildschirm hinzuf\u00fcgen\u201c. Best\u00e4tige die Einrichtung, und das Symbol erscheint auf deinem Startbildschirm.<\/p>\n<p><img loading=\"lazy\" decoding=\"async\" class=\"alignnone size-full wp-image-1933\" src=\"https:\/\/bet-samuro.com\/wp-content\/uploads\/2026\/03\/Betsamuro-Casino-for-iOS.webp\" alt=\"Betsamuro Casino for iOS\" width=\"1248\" height=\"536\" srcset=\"https:\/\/bet-samuro.com\/wp-content\/uploads\/2026\/03\/Betsamuro-Casino-for-iOS.webp 1248w, https:\/\/bet-samuro.com\/wp-content\/uploads\/2026\/03\/Betsamuro-Casino-for-iOS-300x129.webp 300w, https:\/\/bet-samuro.com\/wp-content\/uploads\/2026\/03\/Betsamuro-Casino-for-iOS-1024x440.webp 1024w, https:\/\/bet-samuro.com\/wp-content\/uploads\/2026\/03\/Betsamuro-Casino-for-iOS-768x330.webp 768w\" sizes=\"auto, (max-width: 1248px) 100vw, 1248px\" \/><\/p>\n<\/div><\/div><div style=\"clear: both\"><\/div><div class=\"d-flex justify-content-center\"><button data-item=\"decouvrez_link\" data-group=\"website_links\" class=\"goto fw-bold rounded-pill btn btn-orange\" aria-label=\"Betsamuro herunterladen\" >Betsamuro herunterladen<\/button><\/div><div class=\"scrollable-content-wrap my-5\"><div class=\"scrollable-content-inner\"><h2>Betsamuro f\u00fcr PC oder Mac<\/h2>\n<p>Wie bereits erw\u00e4hnt, steht unsere Software zum Download f\u00fcr Windows und macOS bereit. Wenn Sie die Betsamuro App auf Ihrem Ger\u00e4t nutzen, l\u00e4uft sie schneller und ist einfacher zu bedienen als die normale Webversion. Unsere optimierte Plattform sorgt daf\u00fcr, dass Spiele schnell geladen werden und die Steuerung auch bei langen Spielsitzungen reibungslos funktioniert.<\/p>\n<p>Nutzer von PWAs erhalten Push-Benachrichtigungen zu Angeboten und Events direkt in ihrem Browser. Rufen Sie unsere Website auf und klicken Sie in der Adressleiste auf die Schaltfl\u00e4che \u201eInstallieren\u201c. Best\u00e4tigen Sie den Vorgang. Anschlie\u00dfend erscheint die Betsamuro App auf Ihrem Desktop, auf die Sie jederzeit zugreifen k\u00f6nnen.<\/p>\n<p><img loading=\"lazy\" decoding=\"async\" class=\"alignnone size-full wp-image-1941\" src=\"https:\/\/bet-samuro.com\/wp-content\/uploads\/2026\/03\/Betsamuro-Application-for-PC.webp\" alt=\"Betsamuro Application for PC\" width=\"1248\" height=\"536\" srcset=\"https:\/\/bet-samuro.com\/wp-content\/uploads\/2026\/03\/Betsamuro-Application-for-PC.webp 1248w, https:\/\/bet-samuro.com\/wp-content\/uploads\/2026\/03\/Betsamuro-Application-for-PC-300x129.webp 300w, https:\/\/bet-samuro.com\/wp-content\/uploads\/2026\/03\/Betsamuro-Application-for-PC-1024x440.webp 1024w, https:\/\/bet-samuro.com\/wp-content\/uploads\/2026\/03\/Betsamuro-Application-for-PC-768x330.webp 768w\" sizes=\"auto, (max-width: 1248px) 100vw, 1248px\" \/><\/p>\n<\/div><\/div><div style=\"clear: both\"><\/div><div class=\"d-flex justify-content-center\"><button data-item=\"decouvrez_link\" data-group=\"website_links\" class=\"goto fw-bold rounded-pill btn btn-orange\" aria-label=\"Laden Sie die Betsamuro-App herunter\" >Laden Sie die Betsamuro-App herunter<\/button><\/div><div class=\"scrollable-content-wrap my-5\"><div class=\"scrollable-content-inner\"><h2>Sicherheitsmerkmale der App<\/h2>\n<p>Im Gegensatz zur Bet Samuro APK installierst du unsere mobile App direkt \u00fcber unsere offizielle Website. Du musst keine Quellen von Drittanbietern nutzen. Dadurch entstehen keine Risiken durch Downloads aus externen Quellen. Die App nutzt f\u00fcr alle Daten\u00fcbertragungen TLS 1.3-Verschl\u00fcsselung und HTTPS-Protokolle. Dieses Sicherheitsniveau entspricht dem unserer Website. Das Programm ben\u00f6tigt au\u00dfer dem normalen Browserzugriff keine zus\u00e4tzlichen Berechtigungen. So k\u00f6nnen pers\u00f6nliche Daten nicht ohne deine Zustimmung erfasst werden.<\/p>\n<h2>FAQ<\/h2>\n<h3>Gehen meine Spielfortschritte verloren, wenn ich zwischen der Mobil- und der Desktop Version wechsle?<\/h3>\n<p>Nein, der Fortschritt, den Sie in Ihrem Betsamuro Casino Konto erzielen, wird sofort auf allen Ihren Ger\u00e4ten synchronisiert. Sie k\u00f6nnen problemlos zwischen der mobilen und der Desktop-Version wechseln, da Ihr Spielverlauf, Ihre Bonusbetr\u00e4ge und Ihre Treuepunkte unver\u00e4ndert bleiben.<\/p>\n<h3>Kann ich dasselbe Konto gleichzeitig auf mehr als einem Ger\u00e4t nutzen?<\/h3>\n<p>Ja, du kannst dich von mehr als einem Ger\u00e4t aus bei deinem Betsamuro-Konto anmelden, jedoch nicht gleichzeitig. Wenn du dich auf einem anderen Ger\u00e4t anmeldest, meldet das System dich sofort von allen bereits ge\u00f6ffneten Sitzungen ab. Diese Sicherheitsma\u00dfnahme verhindert, dass andere Personen ohne deine Erlaubnis auf dein Konto zugreifen k\u00f6nnen, und erm\u00f6glicht dir einen einfachen Wechsel zwischen Smartphone, Tablet und Desktop.<\/p>\n<h3>Gibt es exklusive Boni f\u00fcr Spieler, die die Betsamuro App nutzen?<\/h3>\n<p>Ja, wir bieten von Zeit zu Zeit Aktionen und Boni an, die nur \u00fcber die App zug\u00e4nglich sind. Nutzer, die die PWA herunterladen, erhalten Benachrichtigungen \u00fcber Freispiele, Einzahlungsboni und mehr, die Nutzer von Desktop-Browsern m\u00f6glicherweise nicht sehen.<\/p>\n<\/div><\/div><\/p>\n","protected":false},"excerpt":{"rendered":"<p>Betsamuro Mobile Plattform Die Betsamuro App bietet ein verbessertes Spielerlebnis auf allen Ger\u00e4ten. Die Funktionalit\u00e4t unterscheidet sich nicht von der Desktop-Version. In unserem mobilen Casino erhalten Sie Zugriff auf eine vollst\u00e4ndige Spielebibliothek, darunter beliebte Online Slots, einen Live-Dealer-Bereich und vieles mehr. Die Geschwindigkeit der mobilen Version und die M\u00f6glichkeit, unterwegs zu spielen, heben Ihr Spielerlebnis [&hellip;]<\/p>\n","protected":false},"author":1,"featured_media":0,"parent":0,"menu_order":0,"comment_status":"closed","ping_status":"closed","template":"template-builder.php","meta":{"_acf_changed":false,"inline_featured_image":false,"footnotes":""},"class_list":["post-1442","page","type-page","status-publish","hentry"],"acf":[],"yoast_head":"<!-- This site is optimized with the Yoast SEO plugin v27.3 - https:\/\/yoast.com\/product\/yoast-seo-wordpress\/ -->\n<title>Betsamuro Casino App Download | iOS, Android &amp; Desktop<\/title>\n<meta name=\"description\" content=\"Betsamuro Casino App \u2013 lade die App f\u00fcr iOS, Android und Desktop herunter, um Slots, Tischspiele und Live-Casino \u00fcberall zu spielen. Genie\u00dfe reibungslose Leistung und vollen Kontozugriff mit Bet Samuro.\" \/>\n<meta name=\"robots\" content=\"index, follow, max-snippet:-1, max-image-preview:large, max-video-preview:-1\" \/>\n<link rel=\"canonical\" href=\"https:\/\/bet-samuro.com\/de\/app\/\" \/>\n<meta property=\"og:locale\" content=\"de_DE\" \/>\n<meta property=\"og:type\" content=\"article\" \/>\n<meta property=\"og:title\" content=\"Betsamuro Casino App Download | iOS, Android &amp; Desktop\" \/>\n<meta property=\"og:description\" content=\"Betsamuro Casino App \u2013 lade die App f\u00fcr iOS, Android und Desktop herunter, um Slots, Tischspiele und Live-Casino \u00fcberall zu spielen. Genie\u00dfe reibungslose Leistung und vollen Kontozugriff mit Bet Samuro.\" \/>\n<meta property=\"og:url\" content=\"https:\/\/bet-samuro.com\/de\/app\/\" \/>\n<meta property=\"og:site_name\" content=\"betsamuro\" \/>\n<meta property=\"article:modified_time\" content=\"2026-03-24T06:24:39+00:00\" \/>\n<meta name=\"twitter:card\" content=\"summary_large_image\" \/>\n<meta name=\"twitter:label1\" content=\"Gesch\u00e4tzte Lesezeit\" \/>\n\t<meta name=\"twitter:data1\" content=\"1\u00a0Minute\" \/>\n<script type=\"application\/ld+json\" class=\"yoast-schema-graph\">{\"@context\":\"https:\\\/\\\/schema.org\",\"@graph\":[{\"@type\":\"WebPage\",\"@id\":\"https:\\\/\\\/bet-samuro.com\\\/de\\\/app\\\/\",\"url\":\"https:\\\/\\\/bet-samuro.com\\\/de\\\/app\\\/\",\"name\":\"Betsamuro Casino App Download | iOS, Android & Desktop\",\"isPartOf\":{\"@id\":\"https:\\\/\\\/bet-samuro.com\\\/de\\\/#website\"},\"datePublished\":\"2026-01-20T12:08:23+00:00\",\"dateModified\":\"2026-03-24T06:24:39+00:00\",\"description\":\"Betsamuro Casino App \u2013 lade die App f\u00fcr iOS, Android und Desktop herunter, um Slots, Tischspiele und Live-Casino \u00fcberall zu spielen. Genie\u00dfe reibungslose Leistung und vollen Kontozugriff mit Bet Samuro.\",\"breadcrumb\":{\"@id\":\"https:\\\/\\\/bet-samuro.com\\\/de\\\/app\\\/#breadcrumb\"},\"inLanguage\":\"de\",\"potentialAction\":[{\"@type\":\"ReadAction\",\"target\":[\"https:\\\/\\\/bet-samuro.com\\\/de\\\/app\\\/\"]}]},{\"@type\":\"BreadcrumbList\",\"@id\":\"https:\\\/\\\/bet-samuro.com\\\/de\\\/app\\\/#breadcrumb\",\"itemListElement\":[{\"@type\":\"ListItem\",\"position\":1,\"name\":\"Betsamuro\",\"item\":\"https:\\\/\\\/bet-samuro.com\\\/de\\\/\"},{\"@type\":\"ListItem\",\"position\":2,\"name\":\"App\"}]},{\"@type\":\"WebSite\",\"@id\":\"https:\\\/\\\/bet-samuro.com\\\/de\\\/#website\",\"url\":\"https:\\\/\\\/bet-samuro.com\\\/de\\\/\",\"name\":\"Betsamuro\",\"description\":\"\",\"publisher\":{\"@id\":\"https:\\\/\\\/bet-samuro.com\\\/de\\\/#organization\"},\"potentialAction\":[{\"@type\":\"SearchAction\",\"target\":{\"@type\":\"EntryPoint\",\"urlTemplate\":\"https:\\\/\\\/bet-samuro.com\\\/de\\\/?s={search_term_string}\"},\"query-input\":{\"@type\":\"PropertyValueSpecification\",\"valueRequired\":true,\"valueName\":\"search_term_string\"}}],\"inLanguage\":\"de\"},{\"@type\":\"Organization\",\"@id\":\"https:\\\/\\\/bet-samuro.com\\\/de\\\/#organization\",\"name\":\"Betsamuro\",\"url\":\"https:\\\/\\\/bet-samuro.com\\\/de\\\/\",\"logo\":{\"@type\":\"ImageObject\",\"inLanguage\":\"de\",\"@id\":\"https:\\\/\\\/bet-samuro.com\\\/de\\\/#\\\/schema\\\/logo\\\/image\\\/\",\"url\":\"https:\\\/\\\/bet-samuro.com\\\/wp-content\\\/uploads\\\/2026\\\/03\\\/betsamuro-logo.png\",\"contentUrl\":\"https:\\\/\\\/bet-samuro.com\\\/wp-content\\\/uploads\\\/2026\\\/03\\\/betsamuro-logo.png\",\"width\":150,\"height\":29,\"caption\":\"Betsamuro\"},\"image\":{\"@id\":\"https:\\\/\\\/bet-samuro.com\\\/de\\\/#\\\/schema\\\/logo\\\/image\\\/\"}}]}<\/script>\n<!-- \/ Yoast SEO plugin. -->","yoast_head_json":{"title":"Betsamuro Casino App Download | iOS, Android & Desktop","description":"Betsamuro Casino App \u2013 lade die App f\u00fcr iOS, Android und Desktop herunter, um Slots, Tischspiele und Live-Casino \u00fcberall zu spielen. Genie\u00dfe reibungslose Leistung und vollen Kontozugriff mit Bet Samuro.","robots":{"index":"index","follow":"follow","max-snippet":"max-snippet:-1","max-image-preview":"max-image-preview:large","max-video-preview":"max-video-preview:-1"},"canonical":"https:\/\/bet-samuro.com\/de\/app\/","og_locale":"de_DE","og_type":"article","og_title":"Betsamuro Casino App Download | iOS, Android & Desktop","og_description":"Betsamuro Casino App \u2013 lade die App f\u00fcr iOS, Android und Desktop herunter, um Slots, Tischspiele und Live-Casino \u00fcberall zu spielen. Genie\u00dfe reibungslose Leistung und vollen Kontozugriff mit Bet Samuro.","og_url":"https:\/\/bet-samuro.com\/de\/app\/","og_site_name":"betsamuro","article_modified_time":"2026-03-24T06:24:39+00:00","twitter_card":"summary_large_image","twitter_misc":{"Gesch\u00e4tzte Lesezeit":"1\u00a0Minute"},"schema":{"@context":"https:\/\/schema.org","@graph":[{"@type":"WebPage","@id":"https:\/\/bet-samuro.com\/de\/app\/","url":"https:\/\/bet-samuro.com\/de\/app\/","name":"Betsamuro Casino App Download | iOS, Android & Desktop","isPartOf":{"@id":"https:\/\/bet-samuro.com\/de\/#website"},"datePublished":"2026-01-20T12:08:23+00:00","dateModified":"2026-03-24T06:24:39+00:00","description":"Betsamuro Casino App \u2013 lade die App f\u00fcr iOS, Android und Desktop herunter, um Slots, Tischspiele und Live-Casino \u00fcberall zu spielen. Genie\u00dfe reibungslose Leistung und vollen Kontozugriff mit Bet Samuro.","breadcrumb":{"@id":"https:\/\/bet-samuro.com\/de\/app\/#breadcrumb"},"inLanguage":"de","potentialAction":[{"@type":"ReadAction","target":["https:\/\/bet-samuro.com\/de\/app\/"]}]},{"@type":"BreadcrumbList","@id":"https:\/\/bet-samuro.com\/de\/app\/#breadcrumb","itemListElement":[{"@type":"ListItem","position":1,"name":"Betsamuro","item":"https:\/\/bet-samuro.com\/de\/"},{"@type":"ListItem","position":2,"name":"App"}]},{"@type":"WebSite","@id":"https:\/\/bet-samuro.com\/de\/#website","url":"https:\/\/bet-samuro.com\/de\/","name":"Betsamuro","description":"","publisher":{"@id":"https:\/\/bet-samuro.com\/de\/#organization"},"potentialAction":[{"@type":"SearchAction","target":{"@type":"EntryPoint","urlTemplate":"https:\/\/bet-samuro.com\/de\/?s={search_term_string}"},"query-input":{"@type":"PropertyValueSpecification","valueRequired":true,"valueName":"search_term_string"}}],"inLanguage":"de"},{"@type":"Organization","@id":"https:\/\/bet-samuro.com\/de\/#organization","name":"Betsamuro","url":"https:\/\/bet-samuro.com\/de\/","logo":{"@type":"ImageObject","inLanguage":"de","@id":"https:\/\/bet-samuro.com\/de\/#\/schema\/logo\/image\/","url":"https:\/\/bet-samuro.com\/wp-content\/uploads\/2026\/03\/betsamuro-logo.png","contentUrl":"https:\/\/bet-samuro.com\/wp-content\/uploads\/2026\/03\/betsamuro-logo.png","width":150,"height":29,"caption":"Betsamuro"},"image":{"@id":"https:\/\/bet-samuro.com\/de\/#\/schema\/logo\/image\/"}}]}},"_links":{"self":[{"href":"https:\/\/bet-samuro.com\/de\/wp-json\/wp\/v2\/pages\/1442","targetHints":{"allow":["GET"]}}],"collection":[{"href":"https:\/\/bet-samuro.com\/de\/wp-json\/wp\/v2\/pages"}],"about":[{"href":"https:\/\/bet-samuro.com\/de\/wp-json\/wp\/v2\/types\/page"}],"author":[{"embeddable":true,"href":"https:\/\/bet-samuro.com\/de\/wp-json\/wp\/v2\/users\/1"}],"replies":[{"embeddable":true,"href":"https:\/\/bet-samuro.com\/de\/wp-json\/wp\/v2\/comments?post=1442"}],"version-history":[{"count":3,"href":"https:\/\/bet-samuro.com\/de\/wp-json\/wp\/v2\/pages\/1442\/revisions"}],"predecessor-version":[{"id":2045,"href":"https:\/\/bet-samuro.com\/de\/wp-json\/wp\/v2\/pages\/1442\/revisions\/2045"}],"wp:attachment":[{"href":"https:\/\/bet-samuro.com\/de\/wp-json\/wp\/v2\/media?parent=1442"}],"curies":[{"name":"wp","href":"https:\/\/api.w.org\/{rel}","templated":true}]}}